{"id":677,"date":"2020-09-29T22:50:11","date_gmt":"2020-09-29T19:50:11","guid":{"rendered":"http:\/\/gonenyapi.com.tr\/?post_type=product&#038;p=677"},"modified":"2020-09-29T22:50:11","modified_gmt":"2020-09-29T19:50:11","slug":"su-bazli-yangin-geciktirici-boya","status":"publish","type":"product","link":"http:\/\/gonenyapi.com.tr\/index.php\/urun\/su-bazli-yangin-geciktirici-boya\/","title":{"rendered":"Su Bazl\u0131 Yang\u0131n Geciktirici Boya"},"content":{"rendered":"<div class=\"product-short-description\">\n<ul>\n<li class=\"bullet-checkmark\">Yang\u0131n esnas\u0131nda kal\u0131nl\u0131\u011f\u0131n\u0131n 40-60 kabar\u0131r<\/li>\n<li class=\"bullet-checkmark\">Son kat Permomax \u0130pek Mat uygulanmal\u0131d\u0131r<\/li>\n<\/ul>\n<div class=\"product-description\"><\/div>\n<\/div>\n<div class=\"product_meta\"><span class=\"sku_wrapper\">Stok kodu: <span class=\"sku\">03.203<\/span><\/span><\/div>\n","protected":false},"excerpt":{"rendered":"<p>Su Bazl\u0131 Yang\u0131n Geciktirici Boya<\/p>\n","protected":false},"featured_media":679,"comment_status":"closed","ping_status":"closed","template":"","meta":[],"product_brand":[],"product_cat":[148],"product_tag":[],"class_list":{"0":"post-677","1":"product","2":"type-product","3":"status-publish","4":"has-post-thumbnail","6":"product_cat-ozel-boyalar","8":"first","9":"instock","10":"taxable","11":"shipping-taxable","12":"product-type-simple"},"_links":{"self":[{"href":"http:\/\/gonenyapi.com.tr\/index.php\/wp-json\/wp\/v2\/product\/677","targetHints":{"allow":["GET"]}}],"collection":[{"href":"http:\/\/gonenyapi.com.tr\/index.php\/wp-json\/wp\/v2\/product"}],"about":[{"href":"http:\/\/gonenyapi.com.tr\/index.php\/wp-json\/wp\/v2\/types\/product"}],"replies":[{"embeddable":true,"href":"http:\/\/gonenyapi.com.tr\/index.php\/wp-json\/wp\/v2\/comments?post=677"}],"wp:featuredmedia":[{"embeddable":true,"href":"http:\/\/gonenyapi.com.tr\/index.php\/wp-json\/wp\/v2\/media\/679"}],"wp:attachment":[{"href":"http:\/\/gonenyapi.com.tr\/index.php\/wp-json\/wp\/v2\/media?parent=677"}],"wp:term":[{"taxonomy":"product_brand","embeddable":true,"href":"http:\/\/gonenyapi.com.tr\/index.php\/wp-json\/wp\/v2\/product_brand?post=677"},{"taxonomy":"product_cat","embeddable":true,"href":"http:\/\/gonenyapi.com.tr\/index.php\/wp-json\/wp\/v2\/product_cat?post=677"},{"taxonomy":"product_tag","embeddable":true,"href":"http:\/\/gonenyapi.com.tr\/index.php\/wp-json\/wp\/v2\/product_tag?post=677"}],"curies":[{"name":"wp","href":"https:\/\/api.w.org\/{rel}","templated":true}]}}