{"id":676,"date":"2020-09-29T22:49:24","date_gmt":"2020-09-29T19:49:24","guid":{"rendered":"http:\/\/gonenyapi.com.tr\/?post_type=product&#038;p=676"},"modified":"2020-09-29T22:49:24","modified_gmt":"2020-09-29T19:49:24","slug":"permoyol-yol-cizgi-boyasi-tineri","status":"publish","type":"product","link":"http:\/\/gonenyapi.com.tr\/index.php\/urun\/permoyol-yol-cizgi-boyasi-tineri\/","title":{"rendered":"Permoyol Yol \u00c7izgi Boyas\u0131 Tineri"},"content":{"rendered":"<div class=\"product-short-description\">\n<ul>\n<li class=\"bullet-checkmark\">\u00dcr\u00fcnlerinin inceltilmesinde<\/li>\n<li class=\"bullet-checkmark\">Uygulama ara\u00e7lar\u0131n\u0131n temizlenmesinde<\/li>\n<\/ul>\n<p>&nbsp;<\/p>\n<\/div>\n<div class=\"product_meta\"><span class=\"sku_wrapper\">Stok kodu: <span class=\"sku\">06.004<\/span><\/span><\/div>\n","protected":false},"excerpt":{"rendered":"<p>Permoyol Yol \u00c7izgi Boyas\u0131 Tineri<\/p>\n","protected":false},"featured_media":678,"comment_status":"closed","ping_status":"closed","template":"","meta":[],"product_brand":[],"product_cat":[148],"product_tag":[],"class_list":{"0":"post-676","1":"product","2":"type-product","3":"status-publish","4":"has-post-thumbnail","6":"product_cat-ozel-boyalar","8":"first","9":"instock","10":"taxable","11":"shipping-taxable","12":"product-type-simple"},"_links":{"self":[{"href":"http:\/\/gonenyapi.com.tr\/index.php\/wp-json\/wp\/v2\/product\/676","targetHints":{"allow":["GET"]}}],"collection":[{"href":"http:\/\/gonenyapi.com.tr\/index.php\/wp-json\/wp\/v2\/product"}],"about":[{"href":"http:\/\/gonenyapi.com.tr\/index.php\/wp-json\/wp\/v2\/types\/product"}],"replies":[{"embeddable":true,"href":"http:\/\/gonenyapi.com.tr\/index.php\/wp-json\/wp\/v2\/comments?post=676"}],"wp:featuredmedia":[{"embeddable":true,"href":"http:\/\/gonenyapi.com.tr\/index.php\/wp-json\/wp\/v2\/media\/678"}],"wp:attachment":[{"href":"http:\/\/gonenyapi.com.tr\/index.php\/wp-json\/wp\/v2\/media?parent=676"}],"wp:term":[{"taxonomy":"product_brand","embeddable":true,"href":"http:\/\/gonenyapi.com.tr\/index.php\/wp-json\/wp\/v2\/product_brand?post=676"},{"taxonomy":"product_cat","embeddable":true,"href":"http:\/\/gonenyapi.com.tr\/index.php\/wp-json\/wp\/v2\/product_cat?post=676"},{"taxonomy":"product_tag","embeddable":true,"href":"http:\/\/gonenyapi.com.tr\/index.php\/wp-json\/wp\/v2\/product_tag?post=676"}],"curies":[{"name":"wp","href":"https:\/\/api.w.org\/{rel}","templated":true}]}}