{"id":673,"date":"2020-09-29T22:48:11","date_gmt":"2020-09-29T19:48:11","guid":{"rendered":"http:\/\/gonenyapi.com.tr\/?post_type=product&#038;p=673"},"modified":"2020-09-29T22:48:11","modified_gmt":"2020-09-29T19:48:11","slug":"permoyol-yol-cizgi-boyasi","status":"publish","type":"product","link":"http:\/\/gonenyapi.com.tr\/index.php\/urun\/permoyol-yol-cizgi-boyasi\/","title":{"rendered":"Permoyol Yol \u00c7izgi Boyas\u0131"},"content":{"rendered":"<div class=\"product-short-description\">\n<ul>\n<li class=\"bullet-checkmark\">Kolay z\u0131mparalan\u0131r<\/li>\n<li class=\"bullet-checkmark\">P\u00fcr\u00fczs\u00fcz y\u00fczeyler<\/li>\n<li class=\"bullet-checkmark\">Sa\u011flam zemin olu\u015fturur<\/li>\n<li class=\"bullet-checkmark\">Y\u00fcksek doldurma g\u00fcc\u00fc<\/li>\n<\/ul>\n<\/div>\n<div class=\"product_meta\"><span class=\"sku_wrapper\">Stok kodu: <span class=\"sku\">04.050<\/span><\/span><\/div>\n","protected":false},"excerpt":{"rendered":"<p>Permoyol Yol \u00c7izgi Boyas\u0131<\/p>\n","protected":false},"featured_media":675,"comment_status":"closed","ping_status":"closed","template":"","meta":[],"product_brand":[],"product_cat":[148],"product_tag":[],"class_list":{"0":"post-673","1":"product","2":"type-product","3":"status-publish","4":"has-post-thumbnail","6":"product_cat-ozel-boyalar","8":"first","9":"instock","10":"taxable","11":"shipping-taxable","12":"product-type-simple"},"_links":{"self":[{"href":"http:\/\/gonenyapi.com.tr\/index.php\/wp-json\/wp\/v2\/product\/673","targetHints":{"allow":["GET"]}}],"collection":[{"href":"http:\/\/gonenyapi.com.tr\/index.php\/wp-json\/wp\/v2\/product"}],"about":[{"href":"http:\/\/gonenyapi.com.tr\/index.php\/wp-json\/wp\/v2\/types\/product"}],"replies":[{"embeddable":true,"href":"http:\/\/gonenyapi.com.tr\/index.php\/wp-json\/wp\/v2\/comments?post=673"}],"wp:featuredmedia":[{"embeddable":true,"href":"http:\/\/gonenyapi.com.tr\/index.php\/wp-json\/wp\/v2\/media\/675"}],"wp:attachment":[{"href":"http:\/\/gonenyapi.com.tr\/index.php\/wp-json\/wp\/v2\/media?parent=673"}],"wp:term":[{"taxonomy":"product_brand","embeddable":true,"href":"http:\/\/gonenyapi.com.tr\/index.php\/wp-json\/wp\/v2\/product_brand?post=673"},{"taxonomy":"product_cat","embeddable":true,"href":"http:\/\/gonenyapi.com.tr\/index.php\/wp-json\/wp\/v2\/product_cat?post=673"},{"taxonomy":"product_tag","embeddable":true,"href":"http:\/\/gonenyapi.com.tr\/index.php\/wp-json\/wp\/v2\/product_tag?post=673"}],"curies":[{"name":"wp","href":"https:\/\/api.w.org\/{rel}","templated":true}]}}