{"id":672,"date":"2020-09-29T22:47:21","date_gmt":"2020-09-29T19:47:21","guid":{"rendered":"http:\/\/gonenyapi.com.tr\/?post_type=product&#038;p=672"},"modified":"2020-09-29T22:47:21","modified_gmt":"2020-09-29T19:47:21","slug":"permoyol-su-bazli-yol-cizgi-boyasi","status":"publish","type":"product","link":"http:\/\/gonenyapi.com.tr\/index.php\/urun\/permoyol-su-bazli-yol-cizgi-boyasi\/","title":{"rendered":"Permoyol Su Bazl\u0131 Yol \u00c7izgi Boyas\u0131"},"content":{"rendered":"<ul>\n<li class=\"bullet-checkmark\">Yap\u0131\u015fma g\u00fcc\u00fc y\u00fcksek<\/li>\n<li class=\"bullet-checkmark\">Mekanik s\u00fcrt\u00fcnmelere ve kimyasallara kar\u015f\u0131 diren\u00e7li<\/li>\n<li class=\"bullet-checkmark\">Kuruma performans\u0131 y\u00fcksek<\/li>\n<li class=\"bullet-checkmark\">UV \u0131\u015f\u0131nlar\u0131na ve olumsuz hava \u015fartlar\u0131na kar\u015f\u0131 dayan\u0131kl\u0131<\/li>\n<li class=\"bullet-checkmark\">Kapal\u0131 mekanlarda g\u00fcvenli kullan\u0131m<\/li>\n<li class=\"bullet-checkmark\">D\u00fc\u015f\u00fck VOC i\u00e7eri\u011fine sahip \u00e7evre dostu<\/li>\n<\/ul>\n","protected":false},"excerpt":{"rendered":"<p>Permoyol Su Bazl\u0131 Yol \u00c7izgi Boyas\u0131<\/p>\n","protected":false},"featured_media":674,"comment_status":"closed","ping_status":"closed","template":"","meta":[],"product_brand":[],"product_cat":[148],"product_tag":[],"class_list":{"0":"post-672","1":"product","2":"type-product","3":"status-publish","4":"has-post-thumbnail","6":"product_cat-ozel-boyalar","8":"first","9":"instock","10":"taxable","11":"shipping-taxable","12":"product-type-simple"},"_links":{"self":[{"href":"http:\/\/gonenyapi.com.tr\/index.php\/wp-json\/wp\/v2\/product\/672","targetHints":{"allow":["GET"]}}],"collection":[{"href":"http:\/\/gonenyapi.com.tr\/index.php\/wp-json\/wp\/v2\/product"}],"about":[{"href":"http:\/\/gonenyapi.com.tr\/index.php\/wp-json\/wp\/v2\/types\/product"}],"replies":[{"embeddable":true,"href":"http:\/\/gonenyapi.com.tr\/index.php\/wp-json\/wp\/v2\/comments?post=672"}],"wp:featuredmedia":[{"embeddable":true,"href":"http:\/\/gonenyapi.com.tr\/index.php\/wp-json\/wp\/v2\/media\/674"}],"wp:attachment":[{"href":"http:\/\/gonenyapi.com.tr\/index.php\/wp-json\/wp\/v2\/media?parent=672"}],"wp:term":[{"taxonomy":"product_brand","embeddable":true,"href":"http:\/\/gonenyapi.com.tr\/index.php\/wp-json\/wp\/v2\/product_brand?post=672"},{"taxonomy":"product_cat","embeddable":true,"href":"http:\/\/gonenyapi.com.tr\/index.php\/wp-json\/wp\/v2\/product_cat?post=672"},{"taxonomy":"product_tag","embeddable":true,"href":"http:\/\/gonenyapi.com.tr\/index.php\/wp-json\/wp\/v2\/product_tag?post=672"}],"curies":[{"name":"wp","href":"https:\/\/api.w.org\/{rel}","templated":true}]}}