{"id":668,"date":"2020-09-29T22:44:37","date_gmt":"2020-09-29T19:44:37","guid":{"rendered":"http:\/\/gonenyapi.com.tr\/?post_type=product&#038;p=668"},"modified":"2020-09-29T22:44:37","modified_gmt":"2020-09-29T19:44:37","slug":"permobio-temizleyici-biyolojik-yuzey-solusyonu","status":"publish","type":"product","link":"http:\/\/gonenyapi.com.tr\/index.php\/urun\/permobio-temizleyici-biyolojik-yuzey-solusyonu\/","title":{"rendered":"Permobio Temizleyici Biyolojik Y\u00fczey Sol\u00fcsyonu"},"content":{"rendered":"<div class=\"product-short-description\">\n<ul>\n<li class=\"bullet-checkmark\">Organik birikimlerin temizlenmesi sa\u011flar<\/li>\n<li class=\"bullet-checkmark\">\u00dcst kat boya i\u00e7in uygun bir zemin haline getirir<\/li>\n<li class=\"bullet-checkmark\">Boyan\u0131n \u00f6mr\u00fcn\u00fc uzat\u0131r.<\/li>\n<\/ul>\n<p>&nbsp;<\/p>\n<p>&nbsp;<\/p>\n<\/div>\n<div class=\"product_meta\"><span class=\"sku_wrapper\">Stok kodu: <span class=\"sku\">03.201<\/span><\/span><\/div>\n","protected":false},"excerpt":{"rendered":"<p>Permobio Temizleyici Biyolojik Y\u00fczey Sol\u00fcsyonu<\/p>\n","protected":false},"featured_media":670,"comment_status":"closed","ping_status":"closed","template":"","meta":[],"product_brand":[],"product_cat":[148],"product_tag":[],"class_list":{"0":"post-668","1":"product","2":"type-product","3":"status-publish","4":"has-post-thumbnail","6":"product_cat-ozel-boyalar","8":"first","9":"instock","10":"taxable","11":"shipping-taxable","12":"product-type-simple"},"_links":{"self":[{"href":"http:\/\/gonenyapi.com.tr\/index.php\/wp-json\/wp\/v2\/product\/668","targetHints":{"allow":["GET"]}}],"collection":[{"href":"http:\/\/gonenyapi.com.tr\/index.php\/wp-json\/wp\/v2\/product"}],"about":[{"href":"http:\/\/gonenyapi.com.tr\/index.php\/wp-json\/wp\/v2\/types\/product"}],"replies":[{"embeddable":true,"href":"http:\/\/gonenyapi.com.tr\/index.php\/wp-json\/wp\/v2\/comments?post=668"}],"wp:featuredmedia":[{"embeddable":true,"href":"http:\/\/gonenyapi.com.tr\/index.php\/wp-json\/wp\/v2\/media\/670"}],"wp:attachment":[{"href":"http:\/\/gonenyapi.com.tr\/index.php\/wp-json\/wp\/v2\/media?parent=668"}],"wp:term":[{"taxonomy":"product_brand","embeddable":true,"href":"http:\/\/gonenyapi.com.tr\/index.php\/wp-json\/wp\/v2\/product_brand?post=668"},{"taxonomy":"product_cat","embeddable":true,"href":"http:\/\/gonenyapi.com.tr\/index.php\/wp-json\/wp\/v2\/product_cat?post=668"},{"taxonomy":"product_tag","embeddable":true,"href":"http:\/\/gonenyapi.com.tr\/index.php\/wp-json\/wp\/v2\/product_tag?post=668"}],"curies":[{"name":"wp","href":"https:\/\/api.w.org\/{rel}","templated":true}]}}