{"id":646,"date":"2020-09-29T22:30:44","date_gmt":"2020-09-29T19:30:44","guid":{"rendered":"http:\/\/gonenyapi.com.tr\/?post_type=product&#038;p=646"},"modified":"2020-09-29T22:30:44","modified_gmt":"2020-09-29T19:30:44","slug":"monotip-antipas-parlak","status":"publish","type":"product","link":"http:\/\/gonenyapi.com.tr\/index.php\/urun\/monotip-antipas-parlak\/","title":{"rendered":"Monotip Antipas Parlak"},"content":{"rendered":"<div class=\"product-short-description\">\n<ul>\n<li class=\"bullet-checkmark\">Her tip pasl\u0131 veya paslan\u0131r metal y\u00fczeyde kullan\u0131l\u0131r<\/li>\n<li class=\"bullet-checkmark\">Parlak g\u00f6r\u00fcn\u00fcm kazand\u0131r\u0131r<\/li>\n<li class=\"bullet-checkmark\">Dekoratif g\u00f6r\u00fcn\u00fcm kazand\u0131r\u0131r<\/li>\n<li class=\"bullet-checkmark\">Paslanmaktan korur<\/li>\n<\/ul>\n<\/div>\n<div class=\"product_meta\"><span class=\"sku_wrapper\">Stok kodu: <span class=\"sku\">04.003<\/span><\/span><\/div>\n","protected":false},"excerpt":{"rendered":"<h1 class=\"product-title product_title entry-title\">Monotip Antipas Parlak<\/h1>\n","protected":false},"featured_media":647,"comment_status":"closed","ping_status":"closed","template":"","meta":[],"product_brand":[],"product_cat":[146],"product_tag":[],"class_list":{"0":"post-646","1":"product","2":"type-product","3":"status-publish","4":"has-post-thumbnail","6":"product_cat-sentetik-boyalar","8":"first","9":"instock","10":"taxable","11":"shipping-taxable","12":"product-type-simple"},"_links":{"self":[{"href":"http:\/\/gonenyapi.com.tr\/index.php\/wp-json\/wp\/v2\/product\/646","targetHints":{"allow":["GET"]}}],"collection":[{"href":"http:\/\/gonenyapi.com.tr\/index.php\/wp-json\/wp\/v2\/product"}],"about":[{"href":"http:\/\/gonenyapi.com.tr\/index.php\/wp-json\/wp\/v2\/types\/product"}],"replies":[{"embeddable":true,"href":"http:\/\/gonenyapi.com.tr\/index.php\/wp-json\/wp\/v2\/comments?post=646"}],"wp:featuredmedia":[{"embeddable":true,"href":"http:\/\/gonenyapi.com.tr\/index.php\/wp-json\/wp\/v2\/media\/647"}],"wp:attachment":[{"href":"http:\/\/gonenyapi.com.tr\/index.php\/wp-json\/wp\/v2\/media?parent=646"}],"wp:term":[{"taxonomy":"product_brand","embeddable":true,"href":"http:\/\/gonenyapi.com.tr\/index.php\/wp-json\/wp\/v2\/product_brand?post=646"},{"taxonomy":"product_cat","embeddable":true,"href":"http:\/\/gonenyapi.com.tr\/index.php\/wp-json\/wp\/v2\/product_cat?post=646"},{"taxonomy":"product_tag","embeddable":true,"href":"http:\/\/gonenyapi.com.tr\/index.php\/wp-json\/wp\/v2\/product_tag?post=646"}],"curies":[{"name":"wp","href":"https:\/\/api.w.org\/{rel}","templated":true}]}}