{"id":632,"date":"2020-09-29T22:21:29","date_gmt":"2020-09-29T19:21:29","guid":{"rendered":"http:\/\/gonenyapi.com.tr\/?post_type=product&#038;p=632"},"modified":"2020-09-29T22:21:29","modified_gmt":"2020-09-29T19:21:29","slug":"perulo-akrilik-texture-dis-cephe-kaplamasi","status":"publish","type":"product","link":"http:\/\/gonenyapi.com.tr\/index.php\/urun\/perulo-akrilik-texture-dis-cephe-kaplamasi\/","title":{"rendered":"Perulo Akrilik Texture D\u0131\u015f Cephe Kaplamas\u0131"},"content":{"rendered":"<div class=\"product-short-description\">\n<ul>\n<li>M\u00fckemmel silikonlu form\u00fcl\u00fc satesinde, duvardaki nemi d\u0131\u015far\u0131 atar ve y\u00fczeylerin nefes almas\u0131n\u0131 sa\u011flar.<\/li>\n<li>Su bazl\u0131, texture desenli, silikon katk\u0131l\u0131, mat d\u0131\u015f cephe kaplamas\u0131d\u0131r.<\/li>\n<\/ul>\n<\/div>\n<div class=\"product_meta\"><span class=\"sku_wrapper\">Stok kodu: <span class=\"sku\">03.013<\/span><\/span><\/div>\n","protected":false},"excerpt":{"rendered":"<h2>Perulo Akrilik Texture D\u0131\u015f Cephe Kaplamas\u0131<\/h2>\n","protected":false},"featured_media":635,"comment_status":"closed","ping_status":"closed","template":"","meta":[],"product_brand":[],"product_cat":[144],"product_tag":[],"class_list":{"0":"post-632","1":"product","2":"type-product","3":"status-publish","4":"has-post-thumbnail","6":"product_cat-su-bazli-dis-cephe-boyalari","8":"first","9":"instock","10":"taxable","11":"shipping-taxable","12":"product-type-simple"},"_links":{"self":[{"href":"http:\/\/gonenyapi.com.tr\/index.php\/wp-json\/wp\/v2\/product\/632","targetHints":{"allow":["GET"]}}],"collection":[{"href":"http:\/\/gonenyapi.com.tr\/index.php\/wp-json\/wp\/v2\/product"}],"about":[{"href":"http:\/\/gonenyapi.com.tr\/index.php\/wp-json\/wp\/v2\/types\/product"}],"replies":[{"embeddable":true,"href":"http:\/\/gonenyapi.com.tr\/index.php\/wp-json\/wp\/v2\/comments?post=632"}],"wp:featuredmedia":[{"embeddable":true,"href":"http:\/\/gonenyapi.com.tr\/index.php\/wp-json\/wp\/v2\/media\/635"}],"wp:attachment":[{"href":"http:\/\/gonenyapi.com.tr\/index.php\/wp-json\/wp\/v2\/media?parent=632"}],"wp:term":[{"taxonomy":"product_brand","embeddable":true,"href":"http:\/\/gonenyapi.com.tr\/index.php\/wp-json\/wp\/v2\/product_brand?post=632"},{"taxonomy":"product_cat","embeddable":true,"href":"http:\/\/gonenyapi.com.tr\/index.php\/wp-json\/wp\/v2\/product_cat?post=632"},{"taxonomy":"product_tag","embeddable":true,"href":"http:\/\/gonenyapi.com.tr\/index.php\/wp-json\/wp\/v2\/product_tag?post=632"}],"curies":[{"name":"wp","href":"https:\/\/api.w.org\/{rel}","templated":true}]}}