{"id":627,"date":"2020-09-29T22:17:27","date_gmt":"2020-09-29T19:17:27","guid":{"rendered":"http:\/\/gonenyapi.com.tr\/?post_type=product&#038;p=627"},"modified":"2020-09-29T22:17:27","modified_gmt":"2020-09-29T19:17:27","slug":"permo-akril-akrilik-dis-cephe-boyasi","status":"publish","type":"product","link":"http:\/\/gonenyapi.com.tr\/index.php\/urun\/permo-akril-akrilik-dis-cephe-boyasi\/","title":{"rendered":"Permo Akril Akrilik D\u0131\u015f Cephe Boyas\u0131"},"content":{"rendered":"<div class=\"product-short-description\">\n<ul>\n<li class=\"bullet-checkmark\">Zorlu atmosfer ko\u015fullar\u0131na dayan\u0131kl\u0131<\/li>\n<li class=\"bullet-checkmark\">Y\u00fcksek alkali direncine sahip<\/li>\n<li class=\"bullet-checkmark\">M\u00fckemmel \u00f6rt\u00fcc\u00fc, solmaya kar\u015f\u0131 dayan\u0131kl\u0131<\/li>\n<li class=\"bullet-checkmark\">\u00dcst\u00fcn aderans g\u00fcc\u00fc ile her y\u00fczeye \u00e7ok iyi tutunur<\/li>\n<\/ul>\n<p>&nbsp;<\/p>\n<\/div>\n<div class=\"product_meta\"><span class=\"sku_wrapper\">Stok kodu: <span class=\"sku\">03.010<\/span><\/span><\/div>\n","protected":false},"excerpt":{"rendered":"<p>Permo Akril Akrilik D\u0131\u015f Cephe Boyas\u0131<\/p>\n","protected":false},"featured_media":628,"comment_status":"closed","ping_status":"closed","template":"","meta":[],"product_brand":[],"product_cat":[144],"product_tag":[],"class_list":{"0":"post-627","1":"product","2":"type-product","3":"status-publish","4":"has-post-thumbnail","6":"product_cat-su-bazli-dis-cephe-boyalari","8":"first","9":"instock","10":"taxable","11":"shipping-taxable","12":"product-type-simple"},"_links":{"self":[{"href":"http:\/\/gonenyapi.com.tr\/index.php\/wp-json\/wp\/v2\/product\/627","targetHints":{"allow":["GET"]}}],"collection":[{"href":"http:\/\/gonenyapi.com.tr\/index.php\/wp-json\/wp\/v2\/product"}],"about":[{"href":"http:\/\/gonenyapi.com.tr\/index.php\/wp-json\/wp\/v2\/types\/product"}],"replies":[{"embeddable":true,"href":"http:\/\/gonenyapi.com.tr\/index.php\/wp-json\/wp\/v2\/comments?post=627"}],"wp:featuredmedia":[{"embeddable":true,"href":"http:\/\/gonenyapi.com.tr\/index.php\/wp-json\/wp\/v2\/media\/628"}],"wp:attachment":[{"href":"http:\/\/gonenyapi.com.tr\/index.php\/wp-json\/wp\/v2\/media?parent=627"}],"wp:term":[{"taxonomy":"product_brand","embeddable":true,"href":"http:\/\/gonenyapi.com.tr\/index.php\/wp-json\/wp\/v2\/product_brand?post=627"},{"taxonomy":"product_cat","embeddable":true,"href":"http:\/\/gonenyapi.com.tr\/index.php\/wp-json\/wp\/v2\/product_cat?post=627"},{"taxonomy":"product_tag","embeddable":true,"href":"http:\/\/gonenyapi.com.tr\/index.php\/wp-json\/wp\/v2\/product_tag?post=627"}],"curies":[{"name":"wp","href":"https:\/\/api.w.org\/{rel}","templated":true}]}}