{"id":604,"date":"2020-09-29T21:54:17","date_gmt":"2020-09-29T18:54:17","guid":{"rendered":"http:\/\/gonenyapi.com.tr\/?post_type=product&#038;p=604"},"modified":"2020-09-29T21:54:17","modified_gmt":"2020-09-29T18:54:17","slug":"permomax-silikonlu-dis-cephe-boyasi","status":"publish","type":"product","link":"http:\/\/gonenyapi.com.tr\/index.php\/urun\/permomax-silikonlu-dis-cephe-boyasi\/","title":{"rendered":"Permomax Silikonlu D\u0131\u015f Cephe Boyas\u0131"},"content":{"rendered":"<div class=\"product-short-description\">\n<ul>\n<li class=\"bullet-checkmark\">Yar\u0131 mat<\/li>\n<li class=\"bullet-checkmark\">UV \u0131\u015f\u0131nlar\u0131na dayan\u0131kl\u0131<\/li>\n<li class=\"bullet-checkmark\">Canl\u0131 ve kal\u0131c\u0131 renkler<\/li>\n<li class=\"bullet-checkmark\">M\u00fckemmel koruma<\/li>\n<li class=\"bullet-checkmark\">Y\u00fcksek metraj<\/li>\n<li class=\"bullet-checkmark\">Ultra silikon teknolojisi<\/li>\n<li>K\u00fcf olu\u015fumuna kar\u015f\u0131 diren\u00e7li<\/li>\n<\/ul>\n<\/div>\n<div class=\"product_meta\"><span class=\"sku_wrapper\">Stok kodu: <span class=\"sku\">03.097<\/span><\/span><\/div>\n","protected":false},"excerpt":{"rendered":"<h2>Permomax Silikonlu D\u0131\u015f Cephe Boyas\u0131<\/h2>\n","protected":false},"featured_media":605,"comment_status":"closed","ping_status":"closed","template":"","meta":[],"product_brand":[],"product_cat":[141],"product_tag":[],"class_list":{"0":"post-604","1":"product","2":"type-product","3":"status-publish","4":"has-post-thumbnail","6":"product_cat-permomax","8":"first","9":"instock","10":"taxable","11":"shipping-taxable","12":"product-type-simple"},"_links":{"self":[{"href":"http:\/\/gonenyapi.com.tr\/index.php\/wp-json\/wp\/v2\/product\/604","targetHints":{"allow":["GET"]}}],"collection":[{"href":"http:\/\/gonenyapi.com.tr\/index.php\/wp-json\/wp\/v2\/product"}],"about":[{"href":"http:\/\/gonenyapi.com.tr\/index.php\/wp-json\/wp\/v2\/types\/product"}],"replies":[{"embeddable":true,"href":"http:\/\/gonenyapi.com.tr\/index.php\/wp-json\/wp\/v2\/comments?post=604"}],"wp:featuredmedia":[{"embeddable":true,"href":"http:\/\/gonenyapi.com.tr\/index.php\/wp-json\/wp\/v2\/media\/605"}],"wp:attachment":[{"href":"http:\/\/gonenyapi.com.tr\/index.php\/wp-json\/wp\/v2\/media?parent=604"}],"wp:term":[{"taxonomy":"product_brand","embeddable":true,"href":"http:\/\/gonenyapi.com.tr\/index.php\/wp-json\/wp\/v2\/product_brand?post=604"},{"taxonomy":"product_cat","embeddable":true,"href":"http:\/\/gonenyapi.com.tr\/index.php\/wp-json\/wp\/v2\/product_cat?post=604"},{"taxonomy":"product_tag","embeddable":true,"href":"http:\/\/gonenyapi.com.tr\/index.php\/wp-json\/wp\/v2\/product_tag?post=604"}],"curies":[{"name":"wp","href":"https:\/\/api.w.org\/{rel}","templated":true}]}}