{"id":596,"date":"2020-09-29T21:48:29","date_gmt":"2020-09-29T18:48:29","guid":{"rendered":"http:\/\/gonenyapi.com.tr\/?post_type=product&#038;p=596"},"modified":"2020-09-29T21:48:29","modified_gmt":"2020-09-29T18:48:29","slug":"permomax-antibakteriyel-tavan-boyasi","status":"publish","type":"product","link":"http:\/\/gonenyapi.com.tr\/index.php\/urun\/permomax-antibakteriyel-tavan-boyasi\/","title":{"rendered":"Permomax Antibakteriyel Tavan Boyas\u0131"},"content":{"rendered":"<div class=\"product-short-description\">\n<ul>\n<li class=\"bullet-checkmark\">Y\u00fcksek \u00f6rt\u00fcc\u00fcl\u00fck<\/li>\n<li class=\"bullet-checkmark\">M\u00fckemmel beyazl\u0131k<\/li>\n<li class=\"bullet-checkmark\">Nefes alan y\u00fczeyler<\/li>\n<li class=\"bullet-checkmark\">K\u00fcf olu\u015fumunu engeller<\/li>\n<li class=\"bullet-checkmark\">S\u0131\u00e7rama yapmaz<\/li>\n<li class=\"bullet-checkmark\">Ekstra mat<\/li>\n<\/ul>\n<p>Sa\u011fl\u0131k Bakanl\u0131\u011f\u0131 taraf\u0131ndan ruhsatland\u0131r\u0131lm\u0131\u015ft\u0131r.<\/p>\n<p><span class=\"sku_wrapper\">Stok kodu: <span class=\"sku\">03.005<\/span><\/span><\/p>\n<\/div>\n","protected":false},"excerpt":{"rendered":"<h2>Permomax Antibakteriyel Tavan Boyas\u0131<\/h2>\n","protected":false},"featured_media":599,"comment_status":"closed","ping_status":"closed","template":"","meta":[],"product_brand":[],"product_cat":[141],"product_tag":[],"class_list":{"0":"post-596","1":"product","2":"type-product","3":"status-publish","4":"has-post-thumbnail","6":"product_cat-permomax","8":"first","9":"instock","10":"taxable","11":"shipping-taxable","12":"product-type-simple"},"_links":{"self":[{"href":"http:\/\/gonenyapi.com.tr\/index.php\/wp-json\/wp\/v2\/product\/596","targetHints":{"allow":["GET"]}}],"collection":[{"href":"http:\/\/gonenyapi.com.tr\/index.php\/wp-json\/wp\/v2\/product"}],"about":[{"href":"http:\/\/gonenyapi.com.tr\/index.php\/wp-json\/wp\/v2\/types\/product"}],"replies":[{"embeddable":true,"href":"http:\/\/gonenyapi.com.tr\/index.php\/wp-json\/wp\/v2\/comments?post=596"}],"wp:featuredmedia":[{"embeddable":true,"href":"http:\/\/gonenyapi.com.tr\/index.php\/wp-json\/wp\/v2\/media\/599"}],"wp:attachment":[{"href":"http:\/\/gonenyapi.com.tr\/index.php\/wp-json\/wp\/v2\/media?parent=596"}],"wp:term":[{"taxonomy":"product_brand","embeddable":true,"href":"http:\/\/gonenyapi.com.tr\/index.php\/wp-json\/wp\/v2\/product_brand?post=596"},{"taxonomy":"product_cat","embeddable":true,"href":"http:\/\/gonenyapi.com.tr\/index.php\/wp-json\/wp\/v2\/product_cat?post=596"},{"taxonomy":"product_tag","embeddable":true,"href":"http:\/\/gonenyapi.com.tr\/index.php\/wp-json\/wp\/v2\/product_tag?post=596"}],"curies":[{"name":"wp","href":"https:\/\/api.w.org\/{rel}","templated":true}]}}