{"id":594,"date":"2020-09-29T21:43:33","date_gmt":"2020-09-29T18:43:33","guid":{"rendered":"http:\/\/gonenyapi.com.tr\/?post_type=product&#038;p=594"},"modified":"2020-09-29T21:43:33","modified_gmt":"2020-09-29T18:43:33","slug":"permomax-antibakteriyel-mat-ic-cephe-boyasi","status":"publish","type":"product","link":"http:\/\/gonenyapi.com.tr\/index.php\/urun\/permomax-antibakteriyel-mat-ic-cephe-boyasi\/","title":{"rendered":"Permomax Antibakteriyel Mat \u0130\u00e7 Cephe Boyas\u0131"},"content":{"rendered":"<div class=\"product-short-description\">\n<p>Boya \u00f6ncesi haz\u0131rl\u0131klar\u0131 tamamlanm\u0131\u015f her t\u00fcrl\u00fc i\u00e7 cephe yap\u0131 elemanlar\u0131 \u00fczerine uygulanabilir.<\/p>\n<ul>\n<li class=\"bullet-checkmark\">Ultra Silikonlu<\/li>\n<li class=\"bullet-checkmark\">Antibakteriyel<\/li>\n<li class=\"bullet-checkmark\">Y\u00fcksek \u00d6rt\u00fcc\u00fcl\u00fck<\/li>\n<li class=\"bullet-checkmark\">Tam Silinebilir<\/li>\n<li class=\"bullet-checkmark\">Leke Tutmaz<\/li>\n<li class=\"bullet-checkmark\">K\u00fcf Olu\u015fumunu Engeller<\/li>\n<li class=\"bullet-checkmark\">D\u00fc\u015f\u00fck VOC<\/li>\n<\/ul>\n<p>Sa\u011fl\u0131k Bakanl\u0131\u011f\u0131 taraf\u0131ndan ruhsatland\u0131r\u0131lm\u0131\u015ft\u0131r.<\/p>\n<p><span class=\"sku_wrapper\">Stok kodu: <span class=\"sku\">03.007<\/span><\/span><\/p>\n<\/div>\n","protected":false},"excerpt":{"rendered":"<p>Boya \u00f6ncesi haz\u0131rl\u0131klar\u0131 tamamlanm\u0131\u015f her t\u00fcrl\u00fc i\u00e7 cephe yap\u0131 elemanlar\u0131 \u00fczerine uygulanabilir.<\/p>\n","protected":false},"featured_media":595,"comment_status":"closed","ping_status":"closed","template":"","meta":[],"product_brand":[],"product_cat":[141],"product_tag":[],"class_list":{"0":"post-594","1":"product","2":"type-product","3":"status-publish","4":"has-post-thumbnail","6":"product_cat-permomax","8":"first","9":"instock","10":"taxable","11":"shipping-taxable","12":"product-type-simple"},"_links":{"self":[{"href":"http:\/\/gonenyapi.com.tr\/index.php\/wp-json\/wp\/v2\/product\/594","targetHints":{"allow":["GET"]}}],"collection":[{"href":"http:\/\/gonenyapi.com.tr\/index.php\/wp-json\/wp\/v2\/product"}],"about":[{"href":"http:\/\/gonenyapi.com.tr\/index.php\/wp-json\/wp\/v2\/types\/product"}],"replies":[{"embeddable":true,"href":"http:\/\/gonenyapi.com.tr\/index.php\/wp-json\/wp\/v2\/comments?post=594"}],"wp:featuredmedia":[{"embeddable":true,"href":"http:\/\/gonenyapi.com.tr\/index.php\/wp-json\/wp\/v2\/media\/595"}],"wp:attachment":[{"href":"http:\/\/gonenyapi.com.tr\/index.php\/wp-json\/wp\/v2\/media?parent=594"}],"wp:term":[{"taxonomy":"product_brand","embeddable":true,"href":"http:\/\/gonenyapi.com.tr\/index.php\/wp-json\/wp\/v2\/product_brand?post=594"},{"taxonomy":"product_cat","embeddable":true,"href":"http:\/\/gonenyapi.com.tr\/index.php\/wp-json\/wp\/v2\/product_cat?post=594"},{"taxonomy":"product_tag","embeddable":true,"href":"http:\/\/gonenyapi.com.tr\/index.php\/wp-json\/wp\/v2\/product_tag?post=594"}],"curies":[{"name":"wp","href":"https:\/\/api.w.org\/{rel}","templated":true}]}}