{"id":576,"date":"2020-09-29T21:22:15","date_gmt":"2020-09-29T18:22:15","guid":{"rendered":"http:\/\/gonenyapi.com.tr\/?post_type=product&#038;p=576"},"modified":"2020-09-29T21:22:15","modified_gmt":"2020-09-29T18:22:15","slug":"polan-975","status":"publish","type":"product","link":"http:\/\/gonenyapi.com.tr\/index.php\/urun\/polan-975\/","title":{"rendered":"POLAN 975"},"content":{"rendered":"<p><strong>Tan\u0131m\u0131 ve Kullan\u0131m Alanlar\u0131:<\/strong> \u00c7ok ama\u00e7l\u0131 ah\u015fap ve marin yap\u0131\u015ft\u0131r\u0131c\u0131s\u0131d\u0131r. Y\u00fcksek yap\u0131\u015fma \u00f6zelli\u011fine sahiptir. Ah\u015fap korkuluk, merdiven, kap\u0131 kenar pervazlar\u0131n\u0131n tamirat\u0131nda ve bunlar\u0131n metal, beton gibi bir\u00e7ok y\u00fczeye sabitlenmesinde, mobilya imalat\u0131nda ve tekne yap\u0131m\u0131nda kullan\u0131l\u0131r. \u0130\u00e7 ve d\u0131\u015f mekanlarda kullan\u0131ma uygundur.<\/p>\n<p><strong>\u00d6zellikleri<\/strong>: Poli\u00fcretan esasl\u0131, tek bile\u015fenlidir. D\u00fc\u015f\u00fck viskozitesi sayesinde kolay uygulan\u0131r. K\u00fcrlenmi\u015f \u00fcr\u00fcnde hacim ve k\u00fctle kayb\u0131 olu\u015fmaz. K\u00fcf, mantar olu\u015fturmaz. Astars\u0131z olarak bir\u00e7ok y\u00fczeye m\u00fckemmel yap\u0131\u015f\u0131r. K\u00fcrlendikten sonra d\u00fc\u015f\u00fck ve y\u00fcksek s\u0131cakl\u0131klarda (-30\u00b0C ve +100\u00b0C) bile elastikiyetini korur.<\/p>\n<p>Suya dayan\u0131kl\u0131d\u0131r. DIN EN 204 standard\u0131na g\u00f6re D4 s\u0131n\u0131f\u0131ndad\u0131r.<\/p>\n<p><strong>\u00dcr\u00fcn Kodu: <\/strong>80975<\/p>\n","protected":false},"excerpt":{"rendered":"<h1>Poli\u00fcretan Esasl\u0131 Ah\u015fap ve Deniz Tutkal\u0131<\/h1>\n","protected":false},"featured_media":578,"comment_status":"closed","ping_status":"closed","template":"","meta":[],"product_brand":[],"product_cat":[138],"product_tag":[],"class_list":{"0":"post-576","1":"product","2":"type-product","3":"status-publish","4":"has-post-thumbnail","6":"product_cat-poliuretan-esasli-yapistiricilar-teknik-yapistiricilar","8":"first","9":"instock","10":"taxable","11":"shipping-taxable","12":"product-type-simple"},"_links":{"self":[{"href":"http:\/\/gonenyapi.com.tr\/index.php\/wp-json\/wp\/v2\/product\/576","targetHints":{"allow":["GET"]}}],"collection":[{"href":"http:\/\/gonenyapi.com.tr\/index.php\/wp-json\/wp\/v2\/product"}],"about":[{"href":"http:\/\/gonenyapi.com.tr\/index.php\/wp-json\/wp\/v2\/types\/product"}],"replies":[{"embeddable":true,"href":"http:\/\/gonenyapi.com.tr\/index.php\/wp-json\/wp\/v2\/comments?post=576"}],"wp:featuredmedia":[{"embeddable":true,"href":"http:\/\/gonenyapi.com.tr\/index.php\/wp-json\/wp\/v2\/media\/578"}],"wp:attachment":[{"href":"http:\/\/gonenyapi.com.tr\/index.php\/wp-json\/wp\/v2\/media?parent=576"}],"wp:term":[{"taxonomy":"product_brand","embeddable":true,"href":"http:\/\/gonenyapi.com.tr\/index.php\/wp-json\/wp\/v2\/product_brand?post=576"},{"taxonomy":"product_cat","embeddable":true,"href":"http:\/\/gonenyapi.com.tr\/index.php\/wp-json\/wp\/v2\/product_cat?post=576"},{"taxonomy":"product_tag","embeddable":true,"href":"http:\/\/gonenyapi.com.tr\/index.php\/wp-json\/wp\/v2\/product_tag?post=576"}],"curies":[{"name":"wp","href":"https:\/\/api.w.org\/{rel}","templated":true}]}}