{"id":573,"date":"2020-09-29T21:16:48","date_gmt":"2020-09-29T18:16:48","guid":{"rendered":"http:\/\/gonenyapi.com.tr\/?post_type=product&#038;p=573"},"modified":"2020-09-29T21:16:49","modified_gmt":"2020-09-29T18:16:49","slug":"polymera-ms-950","status":"publish","type":"product","link":"http:\/\/gonenyapi.com.tr\/index.php\/urun\/polymera-ms-950\/","title":{"rendered":"POLYMERA MS 950"},"content":{"rendered":"<p><strong>Tan\u0131m\u0131 ve Kullan\u0131m Alanlar\u0131:<\/strong> Hibrid bir yap\u0131 derz dolgu masti\u011fi ve yap\u0131\u015ft\u0131r\u0131c\u0131s\u0131d\u0131r. T\u00fcm al\u00fcminyum, ah\u015fap, metal, cam birle\u015fim ve yap\u0131\u015ft\u0131rma kombinasyonlar\u0131nda, her t\u00fcrl\u00fc giydirme d\u0131\u015f cephe fuga ve derz birle\u015fiminde, prefabrik elemanlar\u0131n birle\u015fim ve yap\u0131\u015ft\u0131rma detaylar\u0131nda, mermer, do\u011falta\u015f, granit gibi do\u011fal malzemelerin derz dolgular\u0131nda ve yap\u0131\u015ft\u0131r\u0131lmalar\u0131nda, cam, seramik fayanslarda ve s\u0131rl\u0131 y\u00fczeylerin birle\u015fim ve yap\u0131\u015ft\u0131rma kombinasyonlar\u0131nda, paslanmaz, galvanizli veya siyah \u00e7eliklerin derz birle\u015fimlerinde ve yap\u0131\u015ft\u0131r\u0131lmalar\u0131nda, havaland\u0131rma kanallar\u0131 ve klima imalat ve montaj\u0131nda kullan\u0131l\u0131r.<\/p>\n<p>Otomotiv, konteyner, karoser ve karavan imalat\u0131nda sac ve metal birle\u015fim yerlerinde yap\u0131\u015ft\u0131rma, izolasyon ve olu\u015fan vibrasyonun emilmesi amac\u0131yla kullan\u0131ma uygundur. Y\u00fcksek mod\u00fcl\u00fcs\u00fc (HM) ve y\u00fcksek yap\u0131\u015fma \u00f6zelli\u011fi sayesinde birle\u015fme yerlerindeki her t\u00fcrl\u00fc hareketi tolere eder ve s\u0131zd\u0131rmazl\u0131k \u00f6zelliklerini korur. Titre\u015fime maruz kalan yap\u0131lar ve ta\u015f\u0131tlarda g\u00fc\u00e7l\u00fc ve esnek yap\u0131\u015fma sa\u011flar. Ta\u015f\u0131t camlar\u0131n\u0131n elastik yap\u0131\u015ft\u0131r\u0131lmas\u0131n\u0131 sa\u011flar. \u0130\u00e7 ve d\u0131\u015f mekanlarda kullan\u0131ma uygundur.<\/p>\n<p><strong>\u00d6zellikleri<\/strong>: MS Polimer esasl\u0131, tek bile\u015fenlidir. Kolay uygulan\u0131r. Solvent ve izosiyanat i\u00e7ermez, bu sayede uzun \u00f6m\u00fcrl\u00fcd\u00fcr. \u00c7ekme, b\u00fcz\u00fc\u015fme, akma, soyulma yapmaz, k\u00fcrlenmi\u015f \u00fcr\u00fcnde hacim ve k\u00fctle kayb\u0131 olu\u015fmaz. Nemli y\u00fczeylerden kaynaklanabilecek uygulama sonras\u0131 kabarc\u0131k olu\u015fumuna sebep olmaz.<\/p>\n<p>UV dayan\u0131ml\u0131d\u0131r, \u00e7atlama, sararma yapmaz. D\u0131\u015f mekanlarda rahat\u00e7a kullan\u0131labilir. Su bazl\u0131 ve di\u011fer tip boyalarla \u00fczeri boyanabilir. K\u00fcf, mantar olu\u015fturmaz. N\u00f6tral k\u00fcrlenir, kokusuzdur. Astars\u0131z olarak bir\u00e7ok y\u00fczeye m\u00fckemmel yap\u0131\u015f\u0131r. D\u00fc\u015f\u00fck ve y\u00fcksek s\u0131cakl\u0131klarda (-40\u00b0C ve +80\u00b0C) bile elastikiyetini korur.<\/p>\n<p><strong>\u00dcr\u00fcn Kodu: <\/strong>290ml:80950 600ml:81950<\/p>\n","protected":false},"excerpt":{"rendered":"<h1>MS Polimer Esasl\u0131 \u00c7ok Ama\u00e7l\u0131 Elastik Yap\u0131\u015ft\u0131r\u0131c\u0131<\/h1>\n","protected":false},"featured_media":574,"comment_status":"closed","ping_status":"closed","template":"","meta":[],"product_brand":[],"product_cat":[136,135],"product_tag":[],"class_list":{"0":"post-573","1":"product","2":"type-product","3":"status-publish","4":"has-post-thumbnail","6":"product_cat-ms-polimerler-esasli-yapistiricilar","7":"product_cat-teknik-yapistiricilar","9":"first","10":"instock","11":"taxable","12":"shipping-taxable","13":"product-type-simple"},"_links":{"self":[{"href":"http:\/\/gonenyapi.com.tr\/index.php\/wp-json\/wp\/v2\/product\/573","targetHints":{"allow":["GET"]}}],"collection":[{"href":"http:\/\/gonenyapi.com.tr\/index.php\/wp-json\/wp\/v2\/product"}],"about":[{"href":"http:\/\/gonenyapi.com.tr\/index.php\/wp-json\/wp\/v2\/types\/product"}],"replies":[{"embeddable":true,"href":"http:\/\/gonenyapi.com.tr\/index.php\/wp-json\/wp\/v2\/comments?post=573"}],"wp:featuredmedia":[{"embeddable":true,"href":"http:\/\/gonenyapi.com.tr\/index.php\/wp-json\/wp\/v2\/media\/574"}],"wp:attachment":[{"href":"http:\/\/gonenyapi.com.tr\/index.php\/wp-json\/wp\/v2\/media?parent=573"}],"wp:term":[{"taxonomy":"product_brand","embeddable":true,"href":"http:\/\/gonenyapi.com.tr\/index.php\/wp-json\/wp\/v2\/product_brand?post=573"},{"taxonomy":"product_cat","embeddable":true,"href":"http:\/\/gonenyapi.com.tr\/index.php\/wp-json\/wp\/v2\/product_cat?post=573"},{"taxonomy":"product_tag","embeddable":true,"href":"http:\/\/gonenyapi.com.tr\/index.php\/wp-json\/wp\/v2\/product_tag?post=573"}],"curies":[{"name":"wp","href":"https:\/\/api.w.org\/{rel}","templated":true}]}}