{"id":555,"date":"2020-09-29T20:54:36","date_gmt":"2020-09-29T17:54:36","guid":{"rendered":"http:\/\/gonenyapi.com.tr\/?post_type=product&#038;p=555"},"modified":"2020-09-29T20:54:37","modified_gmt":"2020-09-29T17:54:37","slug":"fixa-mahya-kiremidi-yapistirma-harci","status":"publish","type":"product","link":"http:\/\/gonenyapi.com.tr\/index.php\/urun\/fixa-mahya-kiremidi-yapistirma-harci\/","title":{"rendered":"F\u0130XA Mahya Kiremidi Yap\u0131\u015ft\u0131rma Harc\u0131"},"content":{"rendered":"<p><strong>Tan\u0131m\u0131 ve Kullan\u0131m Alanlar\u0131: <\/strong>\u00c7at\u0131 mahya kiremitlerinin montaj\u0131nda ve yap\u0131\u015ft\u0131r\u0131lmas\u0131nda kullan\u0131lan bir yap\u0131\u015ft\u0131rma harc\u0131d\u0131r. K\u0131rm\u0131z\u0131 renkli su oluklar\u0131n\u0131n binaya yap\u0131\u015ft\u0131r\u0131lmas\u0131nda etkilidir. D\u0131\u015f mekanlarda, yatay ve d\u00fc\u015fey y\u00fczeylerde kullan\u0131ma uygundur.<\/p>\n<p><strong>\u00d6zellikleri<\/strong>: \u00c7imento esasl\u0131, tek bile\u015fenlidir. Suya ve dona dayan\u0131kl\u0131d\u0131r, s\u0131cakl\u0131k de\u011fi\u015fikliklerinden etkilenmez. Elyaf katk\u0131s\u0131yla \u00e7atlama yapmaz. Y\u00fcksek stabilite sa\u011flar, d\u00fc\u015fey uygulamalarda sarkma yapmaz.<\/p>\n<p>K\u0131rm\u0131z\u0131 rengi ile dekoratiftir.<\/p>\n<p><strong>\u00dcr\u00fcn Kodu: <\/strong>10825.43<\/p>\n<p><strong>Bay\u0131nd\u0131rl\u0131k Poz No: <\/strong>04.013\/4<\/p>\n","protected":false},"excerpt":{"rendered":"<div class=\"row\">\n<div class=\"col-xs-12 text-center wow fadeIn animated\">\n<h1>F\u0130XA Mahya Kiremidi Yap\u0131\u015ft\u0131rma Harc\u0131<\/h1>\n<\/div>\n<\/div>\n","protected":false},"featured_media":558,"comment_status":"closed","ping_status":"closed","template":"","meta":[],"product_brand":[],"product_cat":[125],"product_tag":[],"class_list":{"0":"post-555","1":"product","2":"type-product","3":"status-publish","4":"has-post-thumbnail","6":"product_cat-cimento-esasli-orgu-harclari","8":"first","9":"instock","10":"taxable","11":"shipping-taxable","12":"product-type-simple"},"_links":{"self":[{"href":"http:\/\/gonenyapi.com.tr\/index.php\/wp-json\/wp\/v2\/product\/555","targetHints":{"allow":["GET"]}}],"collection":[{"href":"http:\/\/gonenyapi.com.tr\/index.php\/wp-json\/wp\/v2\/product"}],"about":[{"href":"http:\/\/gonenyapi.com.tr\/index.php\/wp-json\/wp\/v2\/types\/product"}],"replies":[{"embeddable":true,"href":"http:\/\/gonenyapi.com.tr\/index.php\/wp-json\/wp\/v2\/comments?post=555"}],"wp:featuredmedia":[{"embeddable":true,"href":"http:\/\/gonenyapi.com.tr\/index.php\/wp-json\/wp\/v2\/media\/558"}],"wp:attachment":[{"href":"http:\/\/gonenyapi.com.tr\/index.php\/wp-json\/wp\/v2\/media?parent=555"}],"wp:term":[{"taxonomy":"product_brand","embeddable":true,"href":"http:\/\/gonenyapi.com.tr\/index.php\/wp-json\/wp\/v2\/product_brand?post=555"},{"taxonomy":"product_cat","embeddable":true,"href":"http:\/\/gonenyapi.com.tr\/index.php\/wp-json\/wp\/v2\/product_cat?post=555"},{"taxonomy":"product_tag","embeddable":true,"href":"http:\/\/gonenyapi.com.tr\/index.php\/wp-json\/wp\/v2\/product_tag?post=555"}],"curies":[{"name":"wp","href":"https:\/\/api.w.org\/{rel}","templated":true}]}}