{"id":554,"date":"2020-09-29T20:53:13","date_gmt":"2020-09-29T17:53:13","guid":{"rendered":"http:\/\/gonenyapi.com.tr\/?post_type=product&#038;p=554"},"modified":"2020-09-29T20:53:13","modified_gmt":"2020-09-29T17:53:13","slug":"perfix","status":"publish","type":"product","link":"http:\/\/gonenyapi.com.tr\/index.php\/urun\/perfix\/","title":{"rendered":"PERF\u0130X"},"content":{"rendered":"<p><strong>Tan\u0131m\u0131 ve Kullan\u0131m Alanlar\u0131:<\/strong> Is\u0131 ve ses yal\u0131t\u0131m \u00f6zelli\u011fi artt\u0131r\u0131lm\u0131\u015f kal\u0131n agregal\u0131 bir izolasyon s\u0131vas\u0131d\u0131r. \u00d6zel tane boyutlar\u0131nda dolgu ve performans\u0131n\u0131 artt\u0131r\u0131c\u0131 kimyasallarla haz\u0131rlan\u0131r. Y\u00fcksek aderans sa\u011flar. Al\u00e7\u0131ya g\u00f6re \u00e7atlamaya kar\u015f\u0131 daha diren\u00e7lidir; kaba s\u0131va, gazbeton, tu\u011fla, bims ve briket gibi y\u00fczeylerde uygulanabilir. Kolon, kiri\u015f, perde beton gibi ta\u015f\u0131y\u0131c\u0131 sistem elemanlar\u0131n\u0131n \u00fczerinin s\u0131vanmas\u0131nda kullan\u0131l\u0131r. Br\u00fct beton \u00fczerine donat\u0131y\u0131 korozyona kar\u015f\u0131 korur. Kal\u0131p y\u00fczeyi bozuk olan ve \u00fczerine s\u0131va yap\u0131lmas\u0131 istenen y\u00fczeylerde tavsiye edilir. \u0130\u00e7 ve d\u0131\u015f mekanlarda, tavanda ve dikey y\u00fczeylerde de kullan\u0131ma uygundur.<\/p>\n<p><strong>\u00d6zellikleri<\/strong>: Beyaz \u00e7imento esasl\u0131, perlit katk\u0131l\u0131d\u0131r. \u00c7imento esasl\u0131 oldu\u011fundan y\u00fczey ile kolay b\u00fct\u00fcnle\u015fir. Di\u011fer s\u0131valara oranla daha hafif olmas\u0131ndan dolay\u0131 yap\u0131n\u0131n mevcut y\u00fck\u00fcn\u00fc azalt\u0131r. Su buhar\u0131 ge\u00e7irimli olup betonun nefes almas\u0131n\u0131 sa\u011flar.<\/p>\n<p>Yang\u0131na kar\u015f\u0131 dayan\u0131kl\u0131d\u0131r.<\/p>\n<p><strong>\u00dcr\u00fcn Kodu: <\/strong>73035.01<\/p>\n<p><strong>Bay\u0131nd\u0131rl\u0131k Poz No: <\/strong>04.737\/A &#8211; 04.737\/B 04.737\/C<\/p>\n","protected":false},"excerpt":{"rendered":"<h1>Perlitli \u0130zolasyon S\u0131vas\u0131 (Beyaz)<\/h1>\n","protected":false},"featured_media":556,"comment_status":"closed","ping_status":"closed","template":"","meta":[],"product_brand":[],"product_cat":[124],"product_tag":[],"class_list":{"0":"post-554","1":"product","2":"type-product","3":"status-publish","4":"has-post-thumbnail","6":"product_cat-cimento-esasli-sivalar-cimento-esasli-sivalar-ve-orgu-harclari","8":"first","9":"instock","10":"taxable","11":"shipping-taxable","12":"product-type-simple"},"_links":{"self":[{"href":"http:\/\/gonenyapi.com.tr\/index.php\/wp-json\/wp\/v2\/product\/554","targetHints":{"allow":["GET"]}}],"collection":[{"href":"http:\/\/gonenyapi.com.tr\/index.php\/wp-json\/wp\/v2\/product"}],"about":[{"href":"http:\/\/gonenyapi.com.tr\/index.php\/wp-json\/wp\/v2\/types\/product"}],"replies":[{"embeddable":true,"href":"http:\/\/gonenyapi.com.tr\/index.php\/wp-json\/wp\/v2\/comments?post=554"}],"wp:featuredmedia":[{"embeddable":true,"href":"http:\/\/gonenyapi.com.tr\/index.php\/wp-json\/wp\/v2\/media\/556"}],"wp:attachment":[{"href":"http:\/\/gonenyapi.com.tr\/index.php\/wp-json\/wp\/v2\/media?parent=554"}],"wp:term":[{"taxonomy":"product_brand","embeddable":true,"href":"http:\/\/gonenyapi.com.tr\/index.php\/wp-json\/wp\/v2\/product_brand?post=554"},{"taxonomy":"product_cat","embeddable":true,"href":"http:\/\/gonenyapi.com.tr\/index.php\/wp-json\/wp\/v2\/product_cat?post=554"},{"taxonomy":"product_tag","embeddable":true,"href":"http:\/\/gonenyapi.com.tr\/index.php\/wp-json\/wp\/v2\/product_tag?post=554"}],"curies":[{"name":"wp","href":"https:\/\/api.w.org\/{rel}","templated":true}]}}