{"id":550,"date":"2020-09-29T20:49:27","date_gmt":"2020-09-29T17:49:27","guid":{"rendered":"http:\/\/gonenyapi.com.tr\/?post_type=product&#038;p=550"},"modified":"2020-09-29T20:49:27","modified_gmt":"2020-09-29T17:49:27","slug":"kurfix-200","status":"publish","type":"product","link":"http:\/\/gonenyapi.com.tr\/index.php\/urun\/kurfix-200\/","title":{"rendered":"K\u00dcRF\u0130X 200"},"content":{"rendered":"<p><strong>Tan\u0131m\u0131 ve Kullan\u0131m Alanlar\u0131:<\/strong> Betonda h\u0131zl\u0131 su kayb\u0131n\u0131 \u00f6nleyen s\u0131v\u0131 k\u00fcr malzemesidir. Beton mukavemetinde art\u0131\u015f sa\u011flar, h\u0131zl\u0131 kurumadan kaynaklanan r\u00f6tre \u00e7atlaklar\u0131n\u0131 \u00f6nler. Taze beton ve y\u00fczey sertle\u015ftirici uygulamalar\u0131ndan sonra, hava ak\u0131m\u0131n\u0131n, buharla\u015fman\u0131n \u00e7ok oldu\u011fu, nemin az oldu\u011fu yerlerde beton uygulamalar\u0131nda, havaalanlar\u0131 ve saha betonlar\u0131nda, beton yollar ve k\u00f6pr\u00fcler ile kanallarda kullan\u0131l\u0131r. T\u00fcm dikey ve yatay beton y\u00fczeylerde kullan\u0131ma uygundur.<\/p>\n<p><strong>\u00d6zellikleri<\/strong>: Akrilik em\u00fclsiyon esasl\u0131, beyaz renklidir. Su itici \u00f6zelli\u011fe sahiptir. \u00c7uval ve kanavi\u00e7e sermek veya sulamak gibi zahmetli k\u00fcr y\u00f6ntemlerine g\u00f6re daha etkindir. Uygulama sonras\u0131 k\u00fcrlenmi\u015f y\u00fczeye yap\u0131lacak re\u00e7ine ve \u00e7imento esasl\u0131 uygulamalar i\u00e7in engel te\u015fkil etmez. Uygulama kolayl\u0131\u011f\u0131ndan dolay\u0131 i\u015f\u00e7ilik maliyetini azalt\u0131r, ekonomiktir.<\/p>\n<p>Solvent i\u00e7ermez, yan\u0131c\u0131 de\u011fildir. Kapal\u0131 alanlarda da g\u00fcvenle kullan\u0131labilir.<\/p>\n<p><strong>\u00dcr\u00fcn Kodu: <\/strong>30kg:53230 180kg:53280<\/p>\n<p><strong>Bay\u0131nd\u0131rl\u0131k Poz No: <\/strong>04.613\/1F<\/p>\n","protected":false},"excerpt":{"rendered":"<h1>Akrilik Esasl\u0131, Su Bazl\u0131 K\u00fcr Malzemesi<\/h1>\n","protected":false},"featured_media":551,"comment_status":"closed","ping_status":"closed","template":"","meta":[],"product_brand":[],"product_cat":[121],"product_tag":[],"class_list":{"0":"post-550","1":"product","2":"type-product","3":"status-publish","4":"has-post-thumbnail","6":"product_cat-kur-malzemeleri","8":"first","9":"instock","10":"taxable","11":"shipping-taxable","12":"product-type-simple"},"_links":{"self":[{"href":"http:\/\/gonenyapi.com.tr\/index.php\/wp-json\/wp\/v2\/product\/550","targetHints":{"allow":["GET"]}}],"collection":[{"href":"http:\/\/gonenyapi.com.tr\/index.php\/wp-json\/wp\/v2\/product"}],"about":[{"href":"http:\/\/gonenyapi.com.tr\/index.php\/wp-json\/wp\/v2\/types\/product"}],"replies":[{"embeddable":true,"href":"http:\/\/gonenyapi.com.tr\/index.php\/wp-json\/wp\/v2\/comments?post=550"}],"wp:featuredmedia":[{"embeddable":true,"href":"http:\/\/gonenyapi.com.tr\/index.php\/wp-json\/wp\/v2\/media\/551"}],"wp:attachment":[{"href":"http:\/\/gonenyapi.com.tr\/index.php\/wp-json\/wp\/v2\/media?parent=550"}],"wp:term":[{"taxonomy":"product_brand","embeddable":true,"href":"http:\/\/gonenyapi.com.tr\/index.php\/wp-json\/wp\/v2\/product_brand?post=550"},{"taxonomy":"product_cat","embeddable":true,"href":"http:\/\/gonenyapi.com.tr\/index.php\/wp-json\/wp\/v2\/product_cat?post=550"},{"taxonomy":"product_tag","embeddable":true,"href":"http:\/\/gonenyapi.com.tr\/index.php\/wp-json\/wp\/v2\/product_tag?post=550"}],"curies":[{"name":"wp","href":"https:\/\/api.w.org\/{rel}","templated":true}]}}