{"id":542,"date":"2020-09-29T20:43:06","date_gmt":"2020-09-29T17:43:06","guid":{"rendered":"http:\/\/gonenyapi.com.tr\/?post_type=product&#038;p=542"},"modified":"2020-09-29T20:43:06","modified_gmt":"2020-09-29T17:43:06","slug":"strafix-isi-yalitim-levhasi-yapistirma-harci","status":"publish","type":"product","link":"http:\/\/gonenyapi.com.tr\/index.php\/urun\/strafix-isi-yalitim-levhasi-yapistirma-harci\/","title":{"rendered":"STRAF\u0130X Is\u0131 Yal\u0131t\u0131m Levhas\u0131 Yap\u0131\u015ft\u0131rma Harc\u0131"},"content":{"rendered":"<p><strong>Tan\u0131m\u0131 ve Kullan\u0131m Alanlar\u0131:<\/strong> Is\u0131 yal\u0131t\u0131m levhalar\u0131 (XPS, EPS, ta\u015fy\u00fcn\u00fc) i\u00e7in \u00f6zel haz\u0131rlanm\u0131\u015f esnek yap\u0131\u015ft\u0131rma harc\u0131d\u0131r. Y\u00fcksek performansl\u0131d\u0131r, y\u00fcksek stabiliteye sahiptir. \u0130\u00e7 ve d\u0131\u015f mekanlarda kullan\u0131ma uygundur.<\/p>\n<p><strong>\u00d6zellikleri<\/strong>: \u00c7imento esasl\u0131, polimer katk\u0131l\u0131d\u0131r. Kolay uygulan\u0131r, m\u00fckemmel yap\u0131\u015fma sa\u011flar. Suya ve dona dayan\u0131kl\u0131d\u0131r. Is\u0131 de\u011fi\u015fikliklerinden etkilenmez. Sarkma ve \u00e7atlama yapmaz.<\/p>\n<p><strong>\u00dcr\u00fcn Kodu: <\/strong>72125<\/p>\n<p><strong>Bay\u0131nd\u0131rl\u0131k Poz No: <\/strong>04.480<\/p>\n","protected":false},"excerpt":{"rendered":"<div class=\"row\">\n<div class=\"col-xs-12 text-center wow fadeIn animated\">\n<h1>STRAF\u0130X Is\u0131 Yal\u0131t\u0131m Levhas\u0131 Yap\u0131\u015ft\u0131rma Harc\u0131<\/h1>\n<\/div>\n<\/div>\n","protected":false},"featured_media":544,"comment_status":"closed","ping_status":"closed","template":"","meta":[],"product_brand":[],"product_cat":[116],"product_tag":[],"class_list":{"0":"post-542","1":"product","2":"type-product","3":"status-publish","4":"has-post-thumbnail","6":"product_cat-cimento-esasli-yapistiricilar","8":"first","9":"instock","10":"taxable","11":"shipping-taxable","12":"product-type-simple"},"_links":{"self":[{"href":"http:\/\/gonenyapi.com.tr\/index.php\/wp-json\/wp\/v2\/product\/542","targetHints":{"allow":["GET"]}}],"collection":[{"href":"http:\/\/gonenyapi.com.tr\/index.php\/wp-json\/wp\/v2\/product"}],"about":[{"href":"http:\/\/gonenyapi.com.tr\/index.php\/wp-json\/wp\/v2\/types\/product"}],"replies":[{"embeddable":true,"href":"http:\/\/gonenyapi.com.tr\/index.php\/wp-json\/wp\/v2\/comments?post=542"}],"wp:featuredmedia":[{"embeddable":true,"href":"http:\/\/gonenyapi.com.tr\/index.php\/wp-json\/wp\/v2\/media\/544"}],"wp:attachment":[{"href":"http:\/\/gonenyapi.com.tr\/index.php\/wp-json\/wp\/v2\/media?parent=542"}],"wp:term":[{"taxonomy":"product_brand","embeddable":true,"href":"http:\/\/gonenyapi.com.tr\/index.php\/wp-json\/wp\/v2\/product_brand?post=542"},{"taxonomy":"product_cat","embeddable":true,"href":"http:\/\/gonenyapi.com.tr\/index.php\/wp-json\/wp\/v2\/product_cat?post=542"},{"taxonomy":"product_tag","embeddable":true,"href":"http:\/\/gonenyapi.com.tr\/index.php\/wp-json\/wp\/v2\/product_tag?post=542"}],"curies":[{"name":"wp","href":"https:\/\/api.w.org\/{rel}","templated":true}]}}