{"id":540,"date":"2020-09-29T20:40:32","date_gmt":"2020-09-29T17:40:32","guid":{"rendered":"http:\/\/gonenyapi.com.tr\/?post_type=product&#038;p=540"},"modified":"2020-09-29T20:40:32","modified_gmt":"2020-09-29T17:40:32","slug":"pu-961","status":"publish","type":"product","link":"http:\/\/gonenyapi.com.tr\/index.php\/urun\/pu-961\/","title":{"rendered":"PU 961"},"content":{"rendered":"<p><strong>Tan\u0131m\u0131 ve Kullan\u0131m Alanlar\u0131:<\/strong> Is\u0131 yal\u0131t\u0131m\u0131nda kullan\u0131lan EPS ve XPS levhalar\u0131n h\u0131zl\u0131 ve kuvvetli bir \u015fekilde yap\u0131\u015ft\u0131r\u0131lmas\u0131nda kullan\u0131lan poli\u00fcretan k\u00f6p\u00fckt\u00fcr. Ah\u015fap, beton, metal, tu\u011fla vb malzemelerin yap\u0131\u015ft\u0131r\u0131lmas\u0131nda ve sabitlenmesinde, d\u0131\u015f cephede dekoratif ama\u00e7l\u0131 olarak kullan\u0131lan s\u00f6ve gibi yap\u0131 elemanlar\u0131n\u0131n yap\u0131\u015ft\u0131r\u0131lmas\u0131nda, k\u00f6p\u00fck genle\u015fmesinin fazla istenmedi\u011fi uygulamalar ile kap\u0131 ve pencere kasalar\u0131n\u0131n montaj\u0131nda ve izolasyonunda kullan\u0131l\u0131r. \u0130\u00e7 ve d\u0131\u015f mekanlarda kullan\u0131ma uygundur.<\/p>\n<p><strong>\u00d6zellikleri<\/strong>: Havadaki nem ile \u00e7ok h\u0131zl\u0131 k\u00fcrlenir. Her t\u00fcrl\u00fc y\u00fczeye (teflon, PP, PE hari\u00e7) m\u00fckemmel yap\u0131\u015f\u0131r. Y\u00fcksek \u0131s\u0131 ve ses izolasyonu \u00f6zelli\u011fi vard\u0131r. Uyguland\u0131\u011f\u0131 y\u00fczeyde minimum genle\u015fme yapar. Kuruduktan sonra \u015fi\u015fmez ve hacim kayb\u0131na u\u011framaz. D\u00fc\u015f\u00fck s\u0131cakl\u0131klarda bile \u00e7al\u0131\u015fma imkan\u0131 sunar.<\/p>\n<p>Kullan\u0131ma haz\u0131rd\u0131r. \u00d6zel tabancas\u0131 ile uygulanabilir. H\u0131zl\u0131 k\u00fcrlendi\u011fi i\u00e7in yakla\u015f\u0131k 2 saat sonra d\u00fcbellemeye ge\u00e7ilebilir. Zaman tasarrufu sa\u011flar. Kullan\u0131m\u0131 kolay olup, i\u015f g\u00fcc\u00fcn\u00fc azalt\u0131r. Her t\u00fcrl\u00fc hava \u015fartlar\u0131na ve buhara dayan\u0131kl\u0131d\u0131r. Su ge\u00e7irmez, k\u00fcf tutmaz, \u00fczeri boyanabilir.<\/p>\n<p>Yang\u0131n dayan\u0131m\u0131 EN 13501 standard\u0131na g\u00f6re E s\u0131n\u0131f\u0131d\u0131r. DIN\u00a0 4102 standard\u0131na g\u00f6re B2 s\u0131n\u0131f\u0131d\u0131r. Ozon tabakas\u0131na zararl\u0131 itici gazlar i\u00e7ermez.<\/p>\n<p><strong>\u00dcr\u00fcn Kodu: <\/strong>80961<\/p>\n","protected":false},"excerpt":{"rendered":"<h1>Mantolama K\u00f6p\u00fc\u011f\u00fc<\/h1>\n","protected":false},"featured_media":541,"comment_status":"closed","ping_status":"closed","template":"","meta":[],"product_brand":[],"product_cat":[115],"product_tag":[],"class_list":{"0":"post-540","1":"product","2":"type-product","3":"status-publish","4":"has-post-thumbnail","6":"product_cat-poliuretan-esasli-yapistiricilar","8":"first","9":"instock","10":"taxable","11":"shipping-taxable","12":"product-type-simple"},"_links":{"self":[{"href":"http:\/\/gonenyapi.com.tr\/index.php\/wp-json\/wp\/v2\/product\/540","targetHints":{"allow":["GET"]}}],"collection":[{"href":"http:\/\/gonenyapi.com.tr\/index.php\/wp-json\/wp\/v2\/product"}],"about":[{"href":"http:\/\/gonenyapi.com.tr\/index.php\/wp-json\/wp\/v2\/types\/product"}],"replies":[{"embeddable":true,"href":"http:\/\/gonenyapi.com.tr\/index.php\/wp-json\/wp\/v2\/comments?post=540"}],"wp:featuredmedia":[{"embeddable":true,"href":"http:\/\/gonenyapi.com.tr\/index.php\/wp-json\/wp\/v2\/media\/541"}],"wp:attachment":[{"href":"http:\/\/gonenyapi.com.tr\/index.php\/wp-json\/wp\/v2\/media?parent=540"}],"wp:term":[{"taxonomy":"product_brand","embeddable":true,"href":"http:\/\/gonenyapi.com.tr\/index.php\/wp-json\/wp\/v2\/product_brand?post=540"},{"taxonomy":"product_cat","embeddable":true,"href":"http:\/\/gonenyapi.com.tr\/index.php\/wp-json\/wp\/v2\/product_cat?post=540"},{"taxonomy":"product_tag","embeddable":true,"href":"http:\/\/gonenyapi.com.tr\/index.php\/wp-json\/wp\/v2\/product_tag?post=540"}],"curies":[{"name":"wp","href":"https:\/\/api.w.org\/{rel}","templated":true}]}}