{"id":530,"date":"2020-09-29T20:34:01","date_gmt":"2020-09-29T17:34:01","guid":{"rendered":"http:\/\/gonenyapi.com.tr\/?post_type=product&#038;p=530"},"modified":"2020-09-29T20:34:01","modified_gmt":"2020-09-29T17:34:01","slug":"duropaint","status":"publish","type":"product","link":"http:\/\/gonenyapi.com.tr\/index.php\/urun\/duropaint\/","title":{"rendered":"DUROPAINT"},"content":{"rendered":"<p><strong>Tan\u0131m\u0131 ve Kullan\u0131m Alanlar\u0131:<\/strong> Kal\u0131n uygulanan, so\u011fuk i\u015faretleme ve zemin boyas\u0131d\u0131r. Tiksotropik \u00f6zelliktedir. Otoparklar, karayollar\u0131 (hafif trafik), yaya yollar\u0131, kald\u0131r\u0131m bord\u00fcrlerinin boyanmas\u0131 ve i\u015faretlenmesinde, kimyasal direncin fazla gereksinim duyulmad\u0131\u011f\u0131 fabrika zeminlerinde, spor ve oyun sahalar\u0131nda, oteller, \u00e7ama\u015f\u0131rhane ve servis alanlar\u0131nda kullan\u0131l\u0131r. \u0130\u00e7 ve d\u0131\u015f mekanlarda kullan\u0131ma uygundur.<\/p>\n<p><strong>\u00d6zellikleri<\/strong>: Klor-kau\u00e7uk re\u00e7ine esasl\u0131d\u0131r. Tek bile\u015fenli oldu\u011fundan kullan\u0131m\u0131 kolayd\u0131r, zamandan ve i\u015f\u00e7ilikten tasarruf sa\u011flar. Epoksi esasl\u0131 boyalara g\u00f6re ekonomiktir. Astar gerektirmeden uygulan\u0131r.<\/p>\n<p>Kal\u0131n ve a\u015f\u0131nma dayan\u0131m\u0131 y\u00fcksek bir tabaka olu\u015fturur. Kolay silinip y\u0131kan\u0131r. \u00c7izilmez ve kir tutmaz. \u00c7abuk kurur (90 dakika) ve k\u0131sa s\u00fcrede boyal\u0131 alan kullan\u0131ma haz\u0131r hale gelir.<\/p>\n<p><strong>\u00dcr\u00fcn Kodu: <\/strong>59020<\/p>\n<p><strong>Bay\u0131nd\u0131rl\u0131k Poz No: <\/strong>04.507\/2<\/p>\n","protected":false},"excerpt":{"rendered":"<h1>Zemin Boyas\u0131<\/h1>\n","protected":false},"featured_media":532,"comment_status":"closed","ping_status":"closed","template":"","meta":[],"product_brand":[],"product_cat":[110],"product_tag":[],"class_list":{"0":"post-530","1":"product","2":"type-product","3":"status-publish","4":"has-post-thumbnail","6":"product_cat-diger-zemin-kaplamalari","8":"first","9":"instock","10":"taxable","11":"shipping-taxable","12":"product-type-simple"},"_links":{"self":[{"href":"http:\/\/gonenyapi.com.tr\/index.php\/wp-json\/wp\/v2\/product\/530","targetHints":{"allow":["GET"]}}],"collection":[{"href":"http:\/\/gonenyapi.com.tr\/index.php\/wp-json\/wp\/v2\/product"}],"about":[{"href":"http:\/\/gonenyapi.com.tr\/index.php\/wp-json\/wp\/v2\/types\/product"}],"replies":[{"embeddable":true,"href":"http:\/\/gonenyapi.com.tr\/index.php\/wp-json\/wp\/v2\/comments?post=530"}],"wp:featuredmedia":[{"embeddable":true,"href":"http:\/\/gonenyapi.com.tr\/index.php\/wp-json\/wp\/v2\/media\/532"}],"wp:attachment":[{"href":"http:\/\/gonenyapi.com.tr\/index.php\/wp-json\/wp\/v2\/media?parent=530"}],"wp:term":[{"taxonomy":"product_brand","embeddable":true,"href":"http:\/\/gonenyapi.com.tr\/index.php\/wp-json\/wp\/v2\/product_brand?post=530"},{"taxonomy":"product_cat","embeddable":true,"href":"http:\/\/gonenyapi.com.tr\/index.php\/wp-json\/wp\/v2\/product_cat?post=530"},{"taxonomy":"product_tag","embeddable":true,"href":"http:\/\/gonenyapi.com.tr\/index.php\/wp-json\/wp\/v2\/product_tag?post=530"}],"curies":[{"name":"wp","href":"https:\/\/api.w.org\/{rel}","templated":true}]}}