{"id":527,"date":"2020-09-29T20:31:20","date_gmt":"2020-09-29T17:31:20","guid":{"rendered":"http:\/\/gonenyapi.com.tr\/?post_type=product&#038;p=527"},"modified":"2020-09-29T20:31:20","modified_gmt":"2020-09-29T17:31:20","slug":"repox-510","status":"publish","type":"product","link":"http:\/\/gonenyapi.com.tr\/index.php\/urun\/repox-510\/","title":{"rendered":"REPOX 510"},"content":{"rendered":"<p><strong>Tan\u0131m\u0131 ve Kullan\u0131m Alanlar\u0131:<\/strong> Y\u00fcksek kimyasal ve mekanik dayan\u0131ma sahip, kendi kendine yay\u0131lma \u00f6zelli\u011fi olan (self-levelling) ve d\u00fcz y\u00fczeyli biti\u015f veren zemin kaplama malzemesidir. Hastane ve laboratuvar gibi hijyenik ortamlarda, \u015farap, me\u015frubat (konsantre meyve \u015furubu hari\u00e7), et, bal\u0131k ve benzeri g\u0131da end\u00fcstrilerinde, ila\u00e7, boya, ka\u011f\u0131t, ak\u00fc ve g\u00fcbre end\u00fcstrilerinde, \u00e7ama\u015f\u0131rhaneler, end\u00fcstriyel mutfaklar ve yemekhanelerde, al\u0131\u015fveri\u015f merkezleri, terminaller gibi yo\u011fun yaya trafi\u011fine ve fabrikalar, depolar ve kapal\u0131 otoparklar gibi yo\u011fun ara\u00e7 trafi\u011fine maruz kalan mekanlarda, bilgi i\u015flem ve kontrol merkezlerinde, u\u00e7ak bak\u0131m hangarlar\u0131nda kullan\u0131l\u0131r. \u0130\u00e7 mekanlarda ve yatay uygulamalarda kullan\u0131ma uygundur.<\/p>\n<p><strong>\u00d6zellikleri<\/strong>: Epoksi re\u00e7ine esasl\u0131, \u00fc\u00e7 bile\u015fenlidir. Solvent i\u00e7ermez. Hijyeniktir, steril ko\u015fullara uygundur, bak\u0131m gerektirmez. P\u00fcr\u00fczs\u00fcz y\u00fczeyi sayesinde kolay temizlenebilir.<\/p>\n<p>Derzsiz y\u00fczey olu\u015fturur, sert cams\u0131 g\u00f6r\u00fcnt\u00fcs\u00fc vard\u0131r. Kimyasallara, su ve inorganik asitlere kar\u015f\u0131 dayan\u0131kl\u0131d\u0131r. Mekanik dayan\u0131m\u0131 ve a\u015f\u0131nma direnci y\u00fcksektir.<\/p>\n<p><strong>\u00dcr\u00fcn Kodu: <\/strong>12,5kg:91112 25kg:91112 + 99312<\/p>\n<p><strong>Bay\u0131nd\u0131rl\u0131k Poz No: <\/strong>04.506\/D2<\/p>\n","protected":false},"excerpt":{"rendered":"<h1>Zeminler i\u00e7in Solventsiz Epoksi Kaplama<\/h1>\n","protected":false},"featured_media":528,"comment_status":"closed","ping_status":"closed","template":"","meta":[],"product_brand":[],"product_cat":[108],"product_tag":[],"class_list":{"0":"post-527","1":"product","2":"type-product","3":"status-publish","4":"has-post-thumbnail","6":"product_cat-epoksi-zemin-kaplamalari","8":"first","9":"instock","10":"taxable","11":"shipping-taxable","12":"product-type-simple"},"_links":{"self":[{"href":"http:\/\/gonenyapi.com.tr\/index.php\/wp-json\/wp\/v2\/product\/527","targetHints":{"allow":["GET"]}}],"collection":[{"href":"http:\/\/gonenyapi.com.tr\/index.php\/wp-json\/wp\/v2\/product"}],"about":[{"href":"http:\/\/gonenyapi.com.tr\/index.php\/wp-json\/wp\/v2\/types\/product"}],"replies":[{"embeddable":true,"href":"http:\/\/gonenyapi.com.tr\/index.php\/wp-json\/wp\/v2\/comments?post=527"}],"wp:featuredmedia":[{"embeddable":true,"href":"http:\/\/gonenyapi.com.tr\/index.php\/wp-json\/wp\/v2\/media\/528"}],"wp:attachment":[{"href":"http:\/\/gonenyapi.com.tr\/index.php\/wp-json\/wp\/v2\/media?parent=527"}],"wp:term":[{"taxonomy":"product_brand","embeddable":true,"href":"http:\/\/gonenyapi.com.tr\/index.php\/wp-json\/wp\/v2\/product_brand?post=527"},{"taxonomy":"product_cat","embeddable":true,"href":"http:\/\/gonenyapi.com.tr\/index.php\/wp-json\/wp\/v2\/product_cat?post=527"},{"taxonomy":"product_tag","embeddable":true,"href":"http:\/\/gonenyapi.com.tr\/index.php\/wp-json\/wp\/v2\/product_tag?post=527"}],"curies":[{"name":"wp","href":"https:\/\/api.w.org\/{rel}","templated":true}]}}