{"id":525,"date":"2020-09-29T20:29:42","date_gmt":"2020-09-29T17:29:42","guid":{"rendered":"http:\/\/gonenyapi.com.tr\/?post_type=product&#038;p=525"},"modified":"2020-09-29T20:29:42","modified_gmt":"2020-09-29T17:29:42","slug":"repox-a","status":"publish","type":"product","link":"http:\/\/gonenyapi.com.tr\/index.php\/urun\/repox-a\/","title":{"rendered":"REPOX A"},"content":{"rendered":"<p><strong>Tan\u0131m\u0131 ve Kullan\u0131m Alanlar\u0131:<\/strong> \u00c7imento esasl\u0131 mineral y\u00fczeyler i\u00e7in film olu\u015fturma \u00f6zelli\u011fine sahip bir epoksi zemin astar\u0131d\u0131r. Epoksi (REPOX) ve poli\u00fcretan esasl\u0131 zemin kaplama (POLAN) ve boya malzemeleri \u00f6ncesinde astar amac\u0131 ile kullan\u0131labilir. Hastane, laboratuvar gibi hijyenik ortamlar, g\u0131da, ila\u00e7, boya gibi end\u00fcstriler, matbaalar, end\u00fcstriyel mutfaklar, u\u00e7ak bak\u0131m hangarlar\u0131, fabrikalar, a\u011f\u0131r forklift kullan\u0131lan alanlar, ar\u0131tma tesisleri, korozyon olu\u015fumuna sebep olan kimyasallar\u0131n kullan\u0131ld\u0131\u011f\u0131 alanlar, depolar, terminaller, al\u0131\u015fveri\u015f merkezleri, okullar ve katl\u0131 otoparklarda kaplama malzemeleri \u00f6ncesinde astar g\u00f6revi g\u00f6r\u00fcr. Uygun kuartz agrega ile kar\u0131\u015ft\u0131r\u0131larak dolgu ve tamir harc\u0131 olarak kullan\u0131labilir. \u0130\u00e7 ve d\u0131\u015f mekanlarda kullan\u0131ma uygundur.<\/p>\n<p><strong>\u00d6zellikleri<\/strong>: Epoksi re\u00e7ine esasl\u0131, iki bile\u015fenlidir. Solvent i\u00e7ermez. Beton y\u00fczeyin kapiler bo\u015fluklar\u0131na derinlemesine n\u00fcfuz eder ve bo\u015fluklar\u0131 doldurur, kendisinden sonra uygulanacak epoksi, poli\u00fcretan kaplama ve boyalar i\u00e7in yap\u0131\u015fma k\u00f6pr\u00fcs\u00fc g\u00f6revi g\u00f6r\u00fcr.<\/p>\n<p>Kimyasallara ve inorganik asitlere kar\u015f\u0131 dayan\u0131kl\u0131d\u0131r, mekanik mukavemeti y\u00fcksektir.<\/p>\n<p><strong>\u00dcr\u00fcn Kodu: <\/strong>90025<\/p>\n<p><strong>Bay\u0131nd\u0131rl\u0131k Poz No: <\/strong>04.555\/14<\/p>\n","protected":false},"excerpt":{"rendered":"<h1>Solventsiz Epoksi Y\u00fczey Astar\u0131<\/h1>\n","protected":false},"featured_media":526,"comment_status":"closed","ping_status":"closed","template":"","meta":[],"product_brand":[],"product_cat":[107],"product_tag":[],"class_list":{"0":"post-525","1":"product","2":"type-product","3":"status-publish","4":"has-post-thumbnail","6":"product_cat-epoksi-zemin-astarlari","8":"first","9":"instock","10":"taxable","11":"shipping-taxable","12":"product-type-simple"},"_links":{"self":[{"href":"http:\/\/gonenyapi.com.tr\/index.php\/wp-json\/wp\/v2\/product\/525","targetHints":{"allow":["GET"]}}],"collection":[{"href":"http:\/\/gonenyapi.com.tr\/index.php\/wp-json\/wp\/v2\/product"}],"about":[{"href":"http:\/\/gonenyapi.com.tr\/index.php\/wp-json\/wp\/v2\/types\/product"}],"replies":[{"embeddable":true,"href":"http:\/\/gonenyapi.com.tr\/index.php\/wp-json\/wp\/v2\/comments?post=525"}],"wp:featuredmedia":[{"embeddable":true,"href":"http:\/\/gonenyapi.com.tr\/index.php\/wp-json\/wp\/v2\/media\/526"}],"wp:attachment":[{"href":"http:\/\/gonenyapi.com.tr\/index.php\/wp-json\/wp\/v2\/media?parent=525"}],"wp:term":[{"taxonomy":"product_brand","embeddable":true,"href":"http:\/\/gonenyapi.com.tr\/index.php\/wp-json\/wp\/v2\/product_brand?post=525"},{"taxonomy":"product_cat","embeddable":true,"href":"http:\/\/gonenyapi.com.tr\/index.php\/wp-json\/wp\/v2\/product_cat?post=525"},{"taxonomy":"product_tag","embeddable":true,"href":"http:\/\/gonenyapi.com.tr\/index.php\/wp-json\/wp\/v2\/product_tag?post=525"}],"curies":[{"name":"wp","href":"https:\/\/api.w.org\/{rel}","templated":true}]}}