{"id":523,"date":"2020-09-29T20:28:10","date_gmt":"2020-09-29T17:28:10","guid":{"rendered":"http:\/\/gonenyapi.com.tr\/?post_type=product&#038;p=523"},"modified":"2020-09-29T20:28:10","modified_gmt":"2020-09-29T17:28:10","slug":"floorfix-flex-30","status":"publish","type":"product","link":"http:\/\/gonenyapi.com.tr\/index.php\/urun\/floorfix-flex-30\/","title":{"rendered":"FLOORFIX Flex 30"},"content":{"rendered":"<p>Tan\u0131m\u0131 ve Kullan\u0131m Alanlar\u0131:\u00a0Akrilik esasl\u0131, solventsiz, tek bile\u015fenli, \u00f6zellikle PVC ve linolyum zemin kaplamalar\u0131n\u0131n, \u00f6nceden tesviye edilmi\u015f y\u00fczeylere yap\u0131\u015ft\u0131r\u0131lmas\u0131 ama\u00e7l\u0131 kullan\u0131lan, esnek dispersiyon zemin kaplama yap\u0131\u015ft\u0131r\u0131c\u0131s\u0131d\u0131r. \u0130\u00e7 mek\u00e2nlarda ve kuru ortamlarda, yatay zeminlerde, konutlarda, hastanelerde, e\u011fitim binalar\u0131nda, al\u0131\u015fveri\u015f merkezleri, ma\u011fazalar ve marketlerde, homojen ve heterojen PVC zemin kaplamalar\u0131n\u0131n, linolyum esasl\u0131 yer kaplamalar\u0131n\u0131n, kau\u00e7uk esasl\u0131 rulo kaplamalar\u0131n\u0131n yap\u0131\u015ft\u0131r\u0131lmas\u0131 i\u00e7in kullan\u0131l\u0131r.<\/p>\n<p>\u00d6zellikleri: Solvent i\u00e7ermez. Su bazl\u0131 oldu\u011fu i\u00e7in i\u00e7 mek\u00e2nda g\u00fcvenle kullan\u0131l\u0131r. \u00a0Kolay yay\u0131l\u0131r ve kolay uygulan\u0131r. Uzun \u00e7al\u0131\u015fma s\u00fcresine sahiptir. Kaplama yerle\u015ftirilirken \u00e7\u0131kan hatalar\u0131n d\u00fczeltilmesine imk\u00e2n verecek esnekli\u011fe ve yap\u0131\u015fma kabiliyetine sahiptir. \u00c7imento esasl\u0131 tesviye \u015faplar\u0131n\u0131n yan\u0131nda, al\u00e7\u0131 bazl\u0131 tesviye \u015faplar\u0131 \u00fczerine de uygulanabilir. Zemine aderans\u0131 y\u00fcksektir. Y\u00fcksek yap\u0131\u015fma mukavemeti sa\u011flar. Alttan \u0131s\u0131tmal\u0131 zeminler i\u00e7in uygundur. Tekerlekli e\u015fyalara dayan\u0131kl\u0131d\u0131r. Ekonomiktir.<\/p>\n<p><strong>\u00dcr\u00fcn Kodu: <\/strong>20 kg: 41220<\/p>\n","protected":false},"excerpt":{"rendered":"<h1>Akrilik Esasl\u0131 Esnek PVC Zemin Kaplama Yap\u0131\u015ft\u0131r\u0131c\u0131s\u0131<\/h1>\n","protected":false},"featured_media":524,"comment_status":"closed","ping_status":"closed","template":"","meta":[],"product_brand":[],"product_cat":[106],"product_tag":[],"class_list":{"0":"post-523","1":"product","2":"type-product","3":"status-publish","4":"has-post-thumbnail","6":"product_cat-pvc-yapistiricilari","8":"first","9":"instock","10":"taxable","11":"shipping-taxable","12":"product-type-simple"},"_links":{"self":[{"href":"http:\/\/gonenyapi.com.tr\/index.php\/wp-json\/wp\/v2\/product\/523","targetHints":{"allow":["GET"]}}],"collection":[{"href":"http:\/\/gonenyapi.com.tr\/index.php\/wp-json\/wp\/v2\/product"}],"about":[{"href":"http:\/\/gonenyapi.com.tr\/index.php\/wp-json\/wp\/v2\/types\/product"}],"replies":[{"embeddable":true,"href":"http:\/\/gonenyapi.com.tr\/index.php\/wp-json\/wp\/v2\/comments?post=523"}],"wp:featuredmedia":[{"embeddable":true,"href":"http:\/\/gonenyapi.com.tr\/index.php\/wp-json\/wp\/v2\/media\/524"}],"wp:attachment":[{"href":"http:\/\/gonenyapi.com.tr\/index.php\/wp-json\/wp\/v2\/media?parent=523"}],"wp:term":[{"taxonomy":"product_brand","embeddable":true,"href":"http:\/\/gonenyapi.com.tr\/index.php\/wp-json\/wp\/v2\/product_brand?post=523"},{"taxonomy":"product_cat","embeddable":true,"href":"http:\/\/gonenyapi.com.tr\/index.php\/wp-json\/wp\/v2\/product_cat?post=523"},{"taxonomy":"product_tag","embeddable":true,"href":"http:\/\/gonenyapi.com.tr\/index.php\/wp-json\/wp\/v2\/product_tag?post=523"}],"curies":[{"name":"wp","href":"https:\/\/api.w.org\/{rel}","templated":true}]}}