{"id":521,"date":"2020-09-29T20:26:37","date_gmt":"2020-09-29T17:26:37","guid":{"rendered":"http:\/\/gonenyapi.com.tr\/?post_type=product&#038;p=521"},"modified":"2020-09-29T20:26:37","modified_gmt":"2020-09-29T17:26:37","slug":"maxifloor","status":"publish","type":"product","link":"http:\/\/gonenyapi.com.tr\/index.php\/urun\/maxifloor\/","title":{"rendered":"MAXIFLOOR"},"content":{"rendered":"<p><strong>Tan\u0131m\u0131 ve Kullan\u0131m Alanlar\u0131:<\/strong> D\u00f6\u015feme betonu \u00fczerine kullan\u0131lan, kal\u0131n uygulama imkan\u0131 veren zemin harc\u0131d\u0131r. Konutlar, hastaneler, e\u011fitim binalar\u0131n, al\u0131\u015fveri\u015f merkezleri, ma\u011fazalar ve marketler gibi i\u00e7 mekan ve kuru ortamlarda kullan\u0131l\u0131r. Seramik, granit, mermer, ah\u015fap, parke, laminat, hal\u0131 ve PVC kaplamalar\u0131n d\u00f6\u015fenmesinden \u00f6nce y\u00fczeyi en az 20 mm kal\u0131nl\u0131\u011f\u0131nda tesviye etmek i\u00e7in uygundur. D\u00f6\u015feme betonu \u00fczerine kullan\u0131labilir.<\/p>\n<p><strong>\u00d6zellikleri<\/strong>: Al\u00e7\u0131 esasl\u0131d\u0131r, h\u0131zl\u0131 kurur. Kal\u0131n uygulama imk\u00e2n\u0131 sa\u011flar. \u00c7imentolu har\u00e7lara g\u00f6re daha h\u0131zl\u0131 ve kolay uygulan\u0131r. Y\u00fczeyde r\u00f6tre \u00e7atla\u011f\u0131 olu\u015fmaz. Uygulama tamamland\u0131ktan 2 saat sonra \u00fczerinde y\u00fcr\u00fcnebilir.<\/p>\n<p>Eski beton zeminlerin \u00fczerine uygulanabilir. Kendinden yay\u0131larak teraziye gelir, alt zeminin p\u00fcr\u00fczlerini ortadan kald\u0131r\u0131r. \u00c7imento esasl\u0131 \u015faplara g\u00f6re \u00e7ok daha az karbon sal\u0131n\u0131m\u0131 yapar, uygulama sonras\u0131 sulama gerektirmez.<\/p>\n<p>Yerden \u0131s\u0131tmal\u0131 sistemler i\u00e7in uygundur. Makine ile uygulan\u0131r.<\/p>\n<p><strong>\u00dcr\u00fcn Kodu: <\/strong>50035<\/p>\n","protected":false},"excerpt":{"rendered":"<h1>Al\u00e7\u0131 Esasl\u0131 Haz\u0131r Zemin Harc\u0131<\/h1>\n","protected":false},"featured_media":522,"comment_status":"closed","ping_status":"closed","template":"","meta":[],"product_brand":[],"product_cat":[105],"product_tag":[],"class_list":{"0":"post-521","1":"product","2":"type-product","3":"status-publish","4":"has-post-thumbnail","6":"product_cat-alci-esasli-saplar","8":"first","9":"instock","10":"taxable","11":"shipping-taxable","12":"product-type-simple"},"_links":{"self":[{"href":"http:\/\/gonenyapi.com.tr\/index.php\/wp-json\/wp\/v2\/product\/521","targetHints":{"allow":["GET"]}}],"collection":[{"href":"http:\/\/gonenyapi.com.tr\/index.php\/wp-json\/wp\/v2\/product"}],"about":[{"href":"http:\/\/gonenyapi.com.tr\/index.php\/wp-json\/wp\/v2\/types\/product"}],"replies":[{"embeddable":true,"href":"http:\/\/gonenyapi.com.tr\/index.php\/wp-json\/wp\/v2\/comments?post=521"}],"wp:featuredmedia":[{"embeddable":true,"href":"http:\/\/gonenyapi.com.tr\/index.php\/wp-json\/wp\/v2\/media\/522"}],"wp:attachment":[{"href":"http:\/\/gonenyapi.com.tr\/index.php\/wp-json\/wp\/v2\/media?parent=521"}],"wp:term":[{"taxonomy":"product_brand","embeddable":true,"href":"http:\/\/gonenyapi.com.tr\/index.php\/wp-json\/wp\/v2\/product_brand?post=521"},{"taxonomy":"product_cat","embeddable":true,"href":"http:\/\/gonenyapi.com.tr\/index.php\/wp-json\/wp\/v2\/product_cat?post=521"},{"taxonomy":"product_tag","embeddable":true,"href":"http:\/\/gonenyapi.com.tr\/index.php\/wp-json\/wp\/v2\/product_tag?post=521"}],"curies":[{"name":"wp","href":"https:\/\/api.w.org\/{rel}","templated":true}]}}