{"id":517,"date":"2020-09-29T20:21:54","date_gmt":"2020-09-29T17:21:54","guid":{"rendered":"http:\/\/gonenyapi.com.tr\/?post_type=product&#038;p=517"},"modified":"2020-09-29T20:21:54","modified_gmt":"2020-09-29T17:21:54","slug":"monofix-likit","status":"publish","type":"product","link":"http:\/\/gonenyapi.com.tr\/index.php\/urun\/monofix-likit\/","title":{"rendered":"MONOF\u0130X L\u0130K\u0130T"},"content":{"rendered":"<p><strong>Tan\u0131m\u0131 ve Kullan\u0131m Alanlar\u0131:<\/strong> Beton ve \u00e7imento bazl\u0131 zeminlerin \u00fczerine uygulanarak y\u00fczeyi tozumaya ve a\u015f\u0131nmaya kar\u015f\u0131 koruyan s\u0131v\u0131 y\u00fczey sertle\u015ftiricisidir. \u00c7imentonun hidratasyonu s\u0131ras\u0131nda \u00e7\u0131kan serbest kire\u00e7 ile birle\u015fip kristaller olu\u015fturur. Su ge\u00e7irmeyen, toz tutmayan bir y\u00fczey meydana getirir. Sertle\u015fmesi, tozumamas\u0131 istenen, beton d\u00f6\u015femeler, \u00e7imento esasl\u0131 \u015faplar, karo ve ta\u015f d\u00f6\u015femelerde, fabrikalarda, end\u00fcstriyel saha ve at\u00f6lyelerde, depolarda ve garajlarda, bodrum kat zeminlerinde ve yaya yollar\u0131nda kullan\u0131l\u0131r. \u0130\u00e7 ve d\u0131\u015f mekanlarda kullan\u0131ma uygundur.<\/p>\n<p><strong>\u00d6zellikleri<\/strong>: D\u00fc\u015f\u00fck viskoziteli ve renksizdir. Yeni ve eski d\u00f6\u015femeler ile y\u00fckseltilmi\u015f d\u00f6\u015feme altlar\u0131na uygulanabilir. Y\u00fczeyde kal\u0131c\u0131 ve etkili bir dayan\u0131kl\u0131l\u0131k sa\u011flar.<\/p>\n<p>Uygulamas\u0131 kolay, kullan\u0131ma haz\u0131rd\u0131r. Su bazl\u0131d\u0131r, \u00e7evre dostudur.<\/p>\n<p><strong>\u00dcr\u00fcn Kodu: <\/strong>30kg:52030 180kg:52180<\/p>\n","protected":false},"excerpt":{"rendered":"<h1>Tozuma \u00d6nleyici S\u0131v\u0131 Y\u00fczey Sertle\u015ftiricisi<\/h1>\n","protected":false},"featured_media":519,"comment_status":"closed","ping_status":"closed","template":"","meta":[],"product_brand":[],"product_cat":[103],"product_tag":[],"class_list":{"0":"post-517","1":"product","2":"type-product","3":"status-publish","4":"has-post-thumbnail","6":"product_cat-likit-yuzey-sertlestiricileri","8":"first","9":"instock","10":"taxable","11":"shipping-taxable","12":"product-type-simple"},"_links":{"self":[{"href":"http:\/\/gonenyapi.com.tr\/index.php\/wp-json\/wp\/v2\/product\/517","targetHints":{"allow":["GET"]}}],"collection":[{"href":"http:\/\/gonenyapi.com.tr\/index.php\/wp-json\/wp\/v2\/product"}],"about":[{"href":"http:\/\/gonenyapi.com.tr\/index.php\/wp-json\/wp\/v2\/types\/product"}],"replies":[{"embeddable":true,"href":"http:\/\/gonenyapi.com.tr\/index.php\/wp-json\/wp\/v2\/comments?post=517"}],"wp:featuredmedia":[{"embeddable":true,"href":"http:\/\/gonenyapi.com.tr\/index.php\/wp-json\/wp\/v2\/media\/519"}],"wp:attachment":[{"href":"http:\/\/gonenyapi.com.tr\/index.php\/wp-json\/wp\/v2\/media?parent=517"}],"wp:term":[{"taxonomy":"product_brand","embeddable":true,"href":"http:\/\/gonenyapi.com.tr\/index.php\/wp-json\/wp\/v2\/product_brand?post=517"},{"taxonomy":"product_cat","embeddable":true,"href":"http:\/\/gonenyapi.com.tr\/index.php\/wp-json\/wp\/v2\/product_cat?post=517"},{"taxonomy":"product_tag","embeddable":true,"href":"http:\/\/gonenyapi.com.tr\/index.php\/wp-json\/wp\/v2\/product_tag?post=517"}],"curies":[{"name":"wp","href":"https:\/\/api.w.org\/{rel}","templated":true}]}}