{"id":514,"date":"2020-09-29T20:20:15","date_gmt":"2020-09-29T17:20:15","guid":{"rendered":"http:\/\/gonenyapi.com.tr\/?post_type=product&#038;p=514"},"modified":"2020-09-29T20:20:15","modified_gmt":"2020-09-29T17:20:15","slug":"monofix-80","status":"publish","type":"product","link":"http:\/\/gonenyapi.com.tr\/index.php\/urun\/monofix-80\/","title":{"rendered":"MONOF\u0130X 80"},"content":{"rendered":"<p><strong>Tan\u0131m\u0131 ve Kullan\u0131m Alanlar\u0131:<\/strong> A\u015f\u0131nmaya dayan\u0131kl\u0131, toz y\u00fczey sertle\u015ftiricisidir. Beton y\u00fczeylerde hafif ve orta y\u00fcklere kar\u015f\u0131 y\u0131pranma, darbe, tozuma ve a\u015f\u0131nma mukavemeti sa\u011flar. \u00d6zel tip \u00e7imento, bazalt agrega ve performans artt\u0131r\u0131c\u0131 kimyasal katk\u0131lar\u0131n kar\u0131\u015f\u0131m\u0131ndan olu\u015fur, taze beton y\u00fczeylere monolitik olarak uygulan\u0131r. Fabrikalarda, i\u015f merkezlerinde, garaj, otopark ve bodrum kat zeminlerinde, y\u00fckleme ve bo\u015faltma alanlar\u0131nda, metro istasyonlar\u0131nda ve yeralt\u0131 ge\u00e7itlerinde, park ve bah\u00e7elerde, yaya yollar\u0131nda ve kald\u0131r\u0131mlarda kullan\u0131l\u0131r. \u0130\u00e7 ve d\u0131\u015f mekanlarda kullan\u0131ma uygundur.<\/p>\n<p>MONOF\u0130X 80 uygulanm\u0131\u015f beton y\u00fczeyinin a\u015f\u0131nma dayan\u0131m\u0131, normal betona g\u00f6re 2 &#8211; 3 kat artar.<\/p>\n<p><strong>\u00d6zellikleri<\/strong>: Kullan\u0131ma haz\u0131rd\u0131r. S\u00fcratli ve kolay uygulama \u00f6zelli\u011fi ile \u00f6nemli derecede zaman kazand\u0131r\u0131r. Beton y\u00fczeylerde ve derz kenarlar\u0131nda y\u0131pranmaya ve darbeye kar\u015f\u0131 diren\u00e7 sa\u011flar. Hava ko\u015fullar\u0131na, donma-\u00e7\u00f6z\u00fcnmeye kar\u015f\u0131 dayan\u0131kl\u0131 bir y\u00fczey olu\u015fturur. Betona k\u0131yasla y\u00fcksek bir ge\u00e7irimsizlik sa\u011flar.<\/p>\n<p>Uyguland\u0131\u011f\u0131 y\u00fczeyin bir par\u00e7as\u0131d\u0131r, y\u0131pranmaz ve d\u00f6k\u00fclmez. Y\u00fczeyin temizli\u011fi daha kolayd\u0131r, ya\u011flara dayan\u0131kl\u0131l\u0131\u011f\u0131 normal betona g\u00f6re daha y\u00fcksektir.<\/p>\n<p>Ekonomik ve uzun \u00f6m\u00fcrl\u00fcd\u00fcr. Oksitlenmez.<\/p>\n<p><strong>\u00dcr\u00fcn Kodu: <\/strong>Gri:51025 K\u0131rm\u0131z\u0131:51025.43 Ye\u015fil:51025.55<\/p>\n<p><strong>Bay\u0131nd\u0131rl\u0131k Poz No: <\/strong>Gri:04.613\/3F01 K\u0131rm\u0131z\u0131:04.613\/3F02 Ye\u015fil:04.613\/3F03<\/p>\n","protected":false},"excerpt":{"rendered":"<h1>Bazalt Agregal\u0131 Y\u00fczey Sertle\u015ftiricisi<\/h1>\n","protected":false},"featured_media":516,"comment_status":"closed","ping_status":"closed","template":"","meta":[],"product_brand":[],"product_cat":[102],"product_tag":[],"class_list":{"0":"post-514","1":"product","2":"type-product","3":"status-publish","4":"has-post-thumbnail","6":"product_cat-cimento-esasli-yuzey-sertlestiricileri","8":"first","9":"instock","10":"taxable","11":"shipping-taxable","12":"product-type-simple"},"_links":{"self":[{"href":"http:\/\/gonenyapi.com.tr\/index.php\/wp-json\/wp\/v2\/product\/514","targetHints":{"allow":["GET"]}}],"collection":[{"href":"http:\/\/gonenyapi.com.tr\/index.php\/wp-json\/wp\/v2\/product"}],"about":[{"href":"http:\/\/gonenyapi.com.tr\/index.php\/wp-json\/wp\/v2\/types\/product"}],"replies":[{"embeddable":true,"href":"http:\/\/gonenyapi.com.tr\/index.php\/wp-json\/wp\/v2\/comments?post=514"}],"wp:featuredmedia":[{"embeddable":true,"href":"http:\/\/gonenyapi.com.tr\/index.php\/wp-json\/wp\/v2\/media\/516"}],"wp:attachment":[{"href":"http:\/\/gonenyapi.com.tr\/index.php\/wp-json\/wp\/v2\/media?parent=514"}],"wp:term":[{"taxonomy":"product_brand","embeddable":true,"href":"http:\/\/gonenyapi.com.tr\/index.php\/wp-json\/wp\/v2\/product_brand?post=514"},{"taxonomy":"product_cat","embeddable":true,"href":"http:\/\/gonenyapi.com.tr\/index.php\/wp-json\/wp\/v2\/product_cat?post=514"},{"taxonomy":"product_tag","embeddable":true,"href":"http:\/\/gonenyapi.com.tr\/index.php\/wp-json\/wp\/v2\/product_tag?post=514"}],"curies":[{"name":"wp","href":"https:\/\/api.w.org\/{rel}","templated":true}]}}