{"id":511,"date":"2020-09-29T20:18:06","date_gmt":"2020-09-29T17:18:06","guid":{"rendered":"http:\/\/gonenyapi.com.tr\/?post_type=product&#038;p=511"},"modified":"2020-09-29T20:18:07","modified_gmt":"2020-09-29T17:18:07","slug":"repox-301","status":"publish","type":"product","link":"http:\/\/gonenyapi.com.tr\/index.php\/urun\/repox-301\/","title":{"rendered":"REPOX 301"},"content":{"rendered":"<p><strong>Tan\u0131m\u0131 ve Kullan\u0131m Alanlar\u0131:<\/strong> Mekanik darbe g\u00f6rm\u00fc\u015f beton y\u00fczeylerin tamiri amac\u0131yla kullan\u0131lan bir epoksi tamir harc\u0131d\u0131r. A\u015f\u0131nd\u0131r\u0131c\u0131 kimyasallara kar\u015f\u0131 dayan\u0131kl\u0131d\u0131r.<\/p>\n<p>Betonarme yap\u0131lar\u0131n tamirinde, yeralt\u0131nda kalan yap\u0131lar\u0131n korunmas\u0131nda ve tamirinde, deniz yap\u0131lar\u0131n\u0131n (iskele, k\u00f6pr\u00fc gibi) onar\u0131m ve bak\u0131m\u0131nda, vin\u00e7 kiri\u015f ve ayaklar\u0131nda y\u00fcksek dayan\u0131m gerektiren montaj ve onar\u0131mlar\u0131nda, tavan, kolon ve kiri\u015flerin onar\u0131m\u0131nda kullan\u0131l\u0131r. \u0130\u00e7 ve d\u0131\u015f mekanlarda kullan\u0131ma uygundur.<\/p>\n<p><strong>\u00d6zellikleri<\/strong>: Epoksi re\u00e7ine esasl\u0131d\u0131r. \u00dc\u00e7 bile\u015fenlidir. \u00c7\u00f6z\u00fcc\u00fc gerektirmez. Kimyasallara dayan\u0131kl\u0131d\u0131r. Su ge\u00e7irimsizlik \u00f6zelli\u011fi vard\u0131r.<\/p>\n<p>Y\u00fcksek mekanik mukavemet sa\u011flar. A\u015f\u0131nmaya ve darbelere kar\u015f\u0131 \u00e7ok diren\u00e7lidir.<\/p>\n<p><strong>\u00dcr\u00fcn Kodu: <\/strong>5kg:33005 21kg:33021<\/p>\n<p><strong>Bay\u0131nd\u0131rl\u0131k Poz No: <\/strong>04.613\/8B<\/p>\n","protected":false},"excerpt":{"rendered":"<h1>Epoksi Tamir Harc\u0131<\/h1>\n","protected":false},"featured_media":513,"comment_status":"closed","ping_status":"closed","template":"","meta":[],"product_brand":[],"product_cat":[100],"product_tag":[],"class_list":{"0":"post-511","1":"product","2":"type-product","3":"status-publish","4":"has-post-thumbnail","6":"product_cat-epoksi-esasli-tamir-onarim-ve-guclendirme-urunleri","8":"first","9":"instock","10":"taxable","11":"shipping-taxable","12":"product-type-simple"},"_links":{"self":[{"href":"http:\/\/gonenyapi.com.tr\/index.php\/wp-json\/wp\/v2\/product\/511","targetHints":{"allow":["GET"]}}],"collection":[{"href":"http:\/\/gonenyapi.com.tr\/index.php\/wp-json\/wp\/v2\/product"}],"about":[{"href":"http:\/\/gonenyapi.com.tr\/index.php\/wp-json\/wp\/v2\/types\/product"}],"replies":[{"embeddable":true,"href":"http:\/\/gonenyapi.com.tr\/index.php\/wp-json\/wp\/v2\/comments?post=511"}],"wp:featuredmedia":[{"embeddable":true,"href":"http:\/\/gonenyapi.com.tr\/index.php\/wp-json\/wp\/v2\/media\/513"}],"wp:attachment":[{"href":"http:\/\/gonenyapi.com.tr\/index.php\/wp-json\/wp\/v2\/media?parent=511"}],"wp:term":[{"taxonomy":"product_brand","embeddable":true,"href":"http:\/\/gonenyapi.com.tr\/index.php\/wp-json\/wp\/v2\/product_brand?post=511"},{"taxonomy":"product_cat","embeddable":true,"href":"http:\/\/gonenyapi.com.tr\/index.php\/wp-json\/wp\/v2\/product_cat?post=511"},{"taxonomy":"product_tag","embeddable":true,"href":"http:\/\/gonenyapi.com.tr\/index.php\/wp-json\/wp\/v2\/product_tag?post=511"}],"curies":[{"name":"wp","href":"https:\/\/api.w.org\/{rel}","templated":true}]}}