{"id":510,"date":"2020-09-29T20:16:13","date_gmt":"2020-09-29T17:16:13","guid":{"rendered":"http:\/\/gonenyapi.com.tr\/?post_type=product&#038;p=510"},"modified":"2020-09-29T20:16:13","modified_gmt":"2020-09-29T17:16:13","slug":"renovafix-hk","status":"publish","type":"product","link":"http:\/\/gonenyapi.com.tr\/index.php\/urun\/renovafix-hk\/","title":{"rendered":"RENOVAF\u0130X HK"},"content":{"rendered":"<p><strong>Tan\u0131m\u0131 ve Kullan\u0131m Alanlar\u0131:<\/strong>\u00a0Tarihi k\u00e2gir yap\u0131lar\u0131n restorasyonlar\u0131nda, s\u0131va onar\u0131mlar\u0131nda, horasan harc\u0131 benzeri tarihi eser onar\u0131m har\u00e7lar\u0131nda kullan\u0131lan, \u00f6zel olarak \u00fcretilen, do\u011falta\u015f unu ve kire\u00e7 hidratlar\u0131 i\u00e7eren ba\u011flay\u0131c\u0131 modifiye hidrolik kire\u00e7tir. \u0130\u00e7 ve d\u0131\u015f mek\u00e2nlarda, tarihi eser restorasyonlar\u0131nda, s\u0131va ve duvar derzlerinin onar\u0131mlar\u0131nda, tamir har\u00e7lar\u0131nda, k\u00e2gir, kemer, kubbe ve tonozlar\u0131n \u00e7atlaklar\u0131n\u0131n onar\u0131lmas\u0131nda, tarihi yap\u0131lar\u0131n ta\u015f, tu\u011fla ve duvar \u00f6rme i\u015flerinde, horasan harc\u0131 yap\u0131m\u0131nda kullan\u0131l\u0131r.<\/p>\n<p><strong>\u00d6zellikleri<\/strong>: \u00c7imento i\u00e7ermez. Su buhar\u0131 ge\u00e7irimlili\u011fi olup, y\u00fczeyin nefes almas\u0131n\u0131 sa\u011flar. Kolay haz\u0131rlan\u0131r ve uygulan\u0131r. Tarihi yap\u0131larla uyumludur. Optimum bas\u0131n\u00e7 istenen restorasyonlarda kullan\u0131m\u0131 elveri\u015flidir. Hem s\u0131valarda hem tamir har\u00e7lar\u0131nda kullan\u0131labilir.<\/p>\n<p>Tarihi yap\u0131lar\u0131n restorasyonu i\u00e7in en uygun hidrolik kire\u00e7tir.<\/p>\n<p><strong>\u00dcr\u00fcn Kodu: <\/strong>32720<\/p>\n","protected":false},"excerpt":{"rendered":"<h1>Hidrolik Olarak Sertle\u015fen Modifiye Kire\u00e7<\/h1>\n","protected":false},"featured_media":512,"comment_status":"closed","ping_status":"closed","template":"","meta":[],"product_brand":[],"product_cat":[99],"product_tag":[],"class_list":{"0":"post-510","1":"product","2":"type-product","3":"status-publish","4":"has-post-thumbnail","6":"product_cat-hidrolik-kirec-esasli-tamir-ve-restorasyon-harclari","8":"first","9":"instock","10":"taxable","11":"shipping-taxable","12":"product-type-simple"},"_links":{"self":[{"href":"http:\/\/gonenyapi.com.tr\/index.php\/wp-json\/wp\/v2\/product\/510","targetHints":{"allow":["GET"]}}],"collection":[{"href":"http:\/\/gonenyapi.com.tr\/index.php\/wp-json\/wp\/v2\/product"}],"about":[{"href":"http:\/\/gonenyapi.com.tr\/index.php\/wp-json\/wp\/v2\/types\/product"}],"replies":[{"embeddable":true,"href":"http:\/\/gonenyapi.com.tr\/index.php\/wp-json\/wp\/v2\/comments?post=510"}],"wp:featuredmedia":[{"embeddable":true,"href":"http:\/\/gonenyapi.com.tr\/index.php\/wp-json\/wp\/v2\/media\/512"}],"wp:attachment":[{"href":"http:\/\/gonenyapi.com.tr\/index.php\/wp-json\/wp\/v2\/media?parent=510"}],"wp:term":[{"taxonomy":"product_brand","embeddable":true,"href":"http:\/\/gonenyapi.com.tr\/index.php\/wp-json\/wp\/v2\/product_brand?post=510"},{"taxonomy":"product_cat","embeddable":true,"href":"http:\/\/gonenyapi.com.tr\/index.php\/wp-json\/wp\/v2\/product_cat?post=510"},{"taxonomy":"product_tag","embeddable":true,"href":"http:\/\/gonenyapi.com.tr\/index.php\/wp-json\/wp\/v2\/product_tag?post=510"}],"curies":[{"name":"wp","href":"https:\/\/api.w.org\/{rel}","templated":true}]}}