{"id":507,"date":"2020-09-29T20:14:37","date_gmt":"2020-09-29T17:14:37","guid":{"rendered":"http:\/\/gonenyapi.com.tr\/?post_type=product&#038;p=507"},"modified":"2020-09-29T20:14:37","modified_gmt":"2020-09-29T17:14:37","slug":"repairfix-5","status":"publish","type":"product","link":"http:\/\/gonenyapi.com.tr\/index.php\/urun\/repairfix-5\/","title":{"rendered":"REPA\u0130RF\u0130X 5"},"content":{"rendered":"<p><strong>Tan\u0131m\u0131 ve Kullan\u0131m Alanlar\u0131:<\/strong> \u0130nce agregal\u0131, polimer takviyeli bir y\u00fczey tamir ve d\u00fczeltme harc\u0131d\u0131r. 5 mm\u2019ye kadar statik (dura\u011fan) \u00e7atlaklar i\u00e7in uygundur. \u0130\u00e7 ve d\u0131\u015f mekanlarda, restorasyonlarda, beton ve prefabrik beton elemanlar\u0131n\u0131n tamirinde, duvar ve tavan s\u0131valar\u0131n\u0131n d\u00fczeltilmesi ve tamirinde, boya, seramik kaplama ve izolasyon \u00f6ncesinde d\u00fczg\u00fcn ve sa\u011flam bir y\u00fczey elde edilmesi i\u00e7in kullan\u0131l\u0131r.<\/p>\n<p><strong>\u00d6zellikleri<\/strong>: \u00c7imento esasl\u0131d\u0131r. \u00c7atlama ve tozuma yapmaz. Tek bile\u015fenlidir. Kolay uygulan\u0131r. \u00c7abuk kurur, k\u0131sa s\u00fcrede kullan\u0131m imkan\u0131 verir. Astars\u0131z y\u00fcksek aderans sa\u011flar. Suya ve dona dayan\u0131kl\u0131d\u0131r.<\/p>\n<p>\u0130ste\u011fe ba\u011fl\u0131 olarak elyaf takviyeli \u00fcretilir.<\/p>\n<p><strong>\u00dcr\u00fcn Kodu: <\/strong>32025<\/p>\n<p><strong>Bay\u0131nd\u0131rl\u0131k Poz No: <\/strong>04.613\/3A<\/p>\n","protected":false},"excerpt":{"rendered":"<h1>\u0130nce Tamir Harc\u0131<\/h1>\n","protected":false},"featured_media":509,"comment_status":"closed","ping_status":"closed","template":"","meta":[],"product_brand":[],"product_cat":[98],"product_tag":[],"class_list":{"0":"post-507","1":"product","2":"type-product","3":"status-publish","4":"has-post-thumbnail","6":"product_cat-cimento-esasli-tamir-ve-grout-harclari","8":"first","9":"instock","10":"taxable","11":"shipping-taxable","12":"product-type-simple"},"_links":{"self":[{"href":"http:\/\/gonenyapi.com.tr\/index.php\/wp-json\/wp\/v2\/product\/507","targetHints":{"allow":["GET"]}}],"collection":[{"href":"http:\/\/gonenyapi.com.tr\/index.php\/wp-json\/wp\/v2\/product"}],"about":[{"href":"http:\/\/gonenyapi.com.tr\/index.php\/wp-json\/wp\/v2\/types\/product"}],"replies":[{"embeddable":true,"href":"http:\/\/gonenyapi.com.tr\/index.php\/wp-json\/wp\/v2\/comments?post=507"}],"wp:featuredmedia":[{"embeddable":true,"href":"http:\/\/gonenyapi.com.tr\/index.php\/wp-json\/wp\/v2\/media\/509"}],"wp:attachment":[{"href":"http:\/\/gonenyapi.com.tr\/index.php\/wp-json\/wp\/v2\/media?parent=507"}],"wp:term":[{"taxonomy":"product_brand","embeddable":true,"href":"http:\/\/gonenyapi.com.tr\/index.php\/wp-json\/wp\/v2\/product_brand?post=507"},{"taxonomy":"product_cat","embeddable":true,"href":"http:\/\/gonenyapi.com.tr\/index.php\/wp-json\/wp\/v2\/product_cat?post=507"},{"taxonomy":"product_tag","embeddable":true,"href":"http:\/\/gonenyapi.com.tr\/index.php\/wp-json\/wp\/v2\/product_tag?post=507"}],"curies":[{"name":"wp","href":"https:\/\/api.w.org\/{rel}","templated":true}]}}