{"id":503,"date":"2020-09-29T20:09:46","date_gmt":"2020-09-29T17:09:46","guid":{"rendered":"http:\/\/gonenyapi.com.tr\/?post_type=product&#038;p=503"},"modified":"2020-09-29T20:09:46","modified_gmt":"2020-09-29T17:09:46","slug":"ss-930e","status":"publish","type":"product","link":"http:\/\/gonenyapi.com.tr\/index.php\/urun\/ss-930e\/","title":{"rendered":"SS 930E"},"content":{"rendered":"<p><strong>Tan\u0131m\u0131 ve Kullan\u0131m Alanlar\u0131:<\/strong> Genel kullan\u0131m alan\u0131na sahip, havadaki nemle k\u00fcrlenen, silikon esasl\u0131 bir mastiktir. \u0130\u00e7 ve d\u0131\u015f mekanlarda, banyo, mutfak, du\u015fakabin, k\u00fcvet, lavabo, evye, tezgah vb birle\u015fme yerlerinde, cam takma ve montaj i\u015flerinde, pencere s\u0131zd\u0131rmazl\u0131k b\u00f6lgelerinde, kap\u0131 ve pencere aral\u0131klar\u0131nda izolasyon ve dolgu ama\u00e7l\u0131 kullan\u0131l\u0131r.<\/p>\n<p><strong>\u00d6zellikleri<\/strong>: Tek bile\u015fenlidir, kolay uygulan\u0131r. Y\u00fcksek oranda elastiktir ve deforme olmadan geri toplama \u00f6zelli\u011fine sahiptir. Y\u00fcksek yap\u0131\u015fma \u00f6zelli\u011fi sayesinde birle\u015fme yerlerindeki minimum hareketleri, oynamalar\u0131 tolere eder ve s\u0131zd\u0131rmazl\u0131k \u00f6zelliklerini korur. D\u00fc\u015f\u00fck ve y\u00fcksek s\u0131cakl\u0131klarda bile elastikiyetini korur.<\/p>\n<p>UV dayan\u0131ml\u0131d\u0131r, \u00e7atlama, sararma yapmaz. K\u00fcf, mantar olu\u015fturmaz. Deterjan, temizlik malzemesi ve seyreltilmi\u015f kimyasal \u00e7\u00f6zeltilere kar\u015f\u0131 dayan\u0131kl\u0131d\u0131r.<\/p>\n<p><strong>\u00dcr\u00fcn Kodu: <\/strong>80929<\/p>\n<p><strong>Bay\u0131nd\u0131rl\u0131k Poz No: <\/strong>04.649\/01B<\/p>\n","protected":false},"excerpt":{"rendered":"<h1>\u00c7ok Ama\u00e7l\u0131 Silikon<\/h1>\n","protected":false},"featured_media":504,"comment_status":"closed","ping_status":"closed","template":"","meta":[],"product_brand":[],"product_cat":[93],"product_tag":[],"class_list":{"0":"post-503","1":"product","2":"type-product","3":"status-publish","4":"has-post-thumbnail","6":"product_cat-silikon-mastikler","8":"first","9":"instock","10":"taxable","11":"shipping-taxable","12":"product-type-simple"},"_links":{"self":[{"href":"http:\/\/gonenyapi.com.tr\/index.php\/wp-json\/wp\/v2\/product\/503","targetHints":{"allow":["GET"]}}],"collection":[{"href":"http:\/\/gonenyapi.com.tr\/index.php\/wp-json\/wp\/v2\/product"}],"about":[{"href":"http:\/\/gonenyapi.com.tr\/index.php\/wp-json\/wp\/v2\/types\/product"}],"replies":[{"embeddable":true,"href":"http:\/\/gonenyapi.com.tr\/index.php\/wp-json\/wp\/v2\/comments?post=503"}],"wp:featuredmedia":[{"embeddable":true,"href":"http:\/\/gonenyapi.com.tr\/index.php\/wp-json\/wp\/v2\/media\/504"}],"wp:attachment":[{"href":"http:\/\/gonenyapi.com.tr\/index.php\/wp-json\/wp\/v2\/media?parent=503"}],"wp:term":[{"taxonomy":"product_brand","embeddable":true,"href":"http:\/\/gonenyapi.com.tr\/index.php\/wp-json\/wp\/v2\/product_brand?post=503"},{"taxonomy":"product_cat","embeddable":true,"href":"http:\/\/gonenyapi.com.tr\/index.php\/wp-json\/wp\/v2\/product_cat?post=503"},{"taxonomy":"product_tag","embeddable":true,"href":"http:\/\/gonenyapi.com.tr\/index.php\/wp-json\/wp\/v2\/product_tag?post=503"}],"curies":[{"name":"wp","href":"https:\/\/api.w.org\/{rel}","templated":true}]}}