{"id":500,"date":"2020-09-29T20:07:38","date_gmt":"2020-09-29T17:07:38","guid":{"rendered":"http:\/\/gonenyapi.com.tr\/?post_type=product&#038;p=500"},"modified":"2020-09-29T20:07:38","modified_gmt":"2020-09-29T17:07:38","slug":"as-910","status":"publish","type":"product","link":"http:\/\/gonenyapi.com.tr\/index.php\/urun\/as-910\/","title":{"rendered":"AS 910"},"content":{"rendered":"<p><strong>Tan\u0131m\u0131 ve Kullan\u0131m Alanlar\u0131:<\/strong>Yap\u0131 elemanlar\u0131n\u0131n statik birle\u015fme yerleri i\u00e7in ideal, akrilik dispersiyon esasl\u0131, d\u0131\u015f hava ko\u015fullar\u0131na dayan\u0131ml\u0131 genel ama\u00e7l\u0131 ekonomik bir derz dolgu masti\u011fidir. \u0130\u00e7 ve d\u0131\u015f mekanlarda, pencere, ah\u015fap ve PVC do\u011frama montaj\u0131nda, pencere s\u0131zd\u0131rmazl\u0131k b\u00f6lgelerinde ve s\u00fcp\u00fcrgeliklerde kullan\u0131l\u0131r. B\u00fct\u00fcn g\u00f6zenekli y\u00fczeylerde (tu\u011fla, beton, ah\u015fap gibi) kullan\u0131ma uygundur.<\/p>\n<p><strong>\u00d6zellikleri<\/strong>: Silikon katk\u0131l\u0131d\u0131r. Tek bile\u015fenlidir. Solvent, izosiyanat i\u00e7ermez, kokusuzdur. UV dayan\u0131ml\u0131d\u0131r.<\/p>\n<p>Kuruduktan sonra boyanabilir. Su bazl\u0131d\u0131r, kolay temizlenir.<\/p>\n<p><strong>\u00dcr\u00fcn Kodu: <\/strong>80910<\/p>\n","protected":false},"excerpt":{"rendered":"<h1>Silikonize Akrilik Mastik<\/h1>\n","protected":false},"featured_media":502,"comment_status":"closed","ping_status":"closed","template":"","meta":[],"product_brand":[],"product_cat":[92],"product_tag":[],"class_list":{"0":"post-500","1":"product","2":"type-product","3":"status-publish","4":"has-post-thumbnail","6":"product_cat-akrilik-mastikler","8":"first","9":"instock","10":"taxable","11":"shipping-taxable","12":"product-type-simple"},"_links":{"self":[{"href":"http:\/\/gonenyapi.com.tr\/index.php\/wp-json\/wp\/v2\/product\/500","targetHints":{"allow":["GET"]}}],"collection":[{"href":"http:\/\/gonenyapi.com.tr\/index.php\/wp-json\/wp\/v2\/product"}],"about":[{"href":"http:\/\/gonenyapi.com.tr\/index.php\/wp-json\/wp\/v2\/types\/product"}],"replies":[{"embeddable":true,"href":"http:\/\/gonenyapi.com.tr\/index.php\/wp-json\/wp\/v2\/comments?post=500"}],"wp:featuredmedia":[{"embeddable":true,"href":"http:\/\/gonenyapi.com.tr\/index.php\/wp-json\/wp\/v2\/media\/502"}],"wp:attachment":[{"href":"http:\/\/gonenyapi.com.tr\/index.php\/wp-json\/wp\/v2\/media?parent=500"}],"wp:term":[{"taxonomy":"product_brand","embeddable":true,"href":"http:\/\/gonenyapi.com.tr\/index.php\/wp-json\/wp\/v2\/product_brand?post=500"},{"taxonomy":"product_cat","embeddable":true,"href":"http:\/\/gonenyapi.com.tr\/index.php\/wp-json\/wp\/v2\/product_cat?post=500"},{"taxonomy":"product_tag","embeddable":true,"href":"http:\/\/gonenyapi.com.tr\/index.php\/wp-json\/wp\/v2\/product_tag?post=500"}],"curies":[{"name":"wp","href":"https:\/\/api.w.org\/{rel}","templated":true}]}}