{"id":499,"date":"2020-09-29T20:05:14","date_gmt":"2020-09-29T17:05:14","guid":{"rendered":"http:\/\/gonenyapi.com.tr\/?post_type=product&#038;p=499"},"modified":"2020-09-29T20:05:14","modified_gmt":"2020-09-29T17:05:14","slug":"polan-980-2k","status":"publish","type":"product","link":"http:\/\/gonenyapi.com.tr\/index.php\/urun\/polan-980-2k\/","title":{"rendered":"POLAN 980 2K"},"content":{"rendered":"<p><strong>Tan\u0131m\u0131 ve Kullan\u0131m Alanlar\u0131:<\/strong> Y\u00fcksek mekanik ve kimyasal dayan\u0131ma sahip, jet yak\u0131tlar\u0131na ve ya\u011flara dayan\u0131kl\u0131, kendili\u011finden yay\u0131lan, so\u011fuk uygulamal\u0131 elastomerik derz dolgu ve izolasyon malzemesidir.<\/p>\n<p>Hareketli yatay dilatasyon derzlerinde su ge\u00e7irimsizlik ve dolgu ama\u00e7l\u0131 kullan\u0131l\u0131r. Havaalan\u0131, otopark ve benzin istasyonlar\u0131 gibi kimyasal ve end\u00fcstriyel at\u0131klara maruz kalan zemin derzlerinin doldurulmas\u0131nda, t\u00fcnel, k\u00f6pr\u00fc, kanal, liman ve otoyol gibi altyap\u0131 \u00e7al\u0131\u015fmas\u0131 gereken alanlarda, depo, garaj, hangar ve y\u00fckleme alanlar\u0131nda, kald\u0131r\u0131mlar\u0131n tu\u011fla, beton ve \u0131zgara kapaklar\u0131nda, balkon ve teraslarda derz dolgu masti\u011fi olarak kullan\u0131l\u0131r.<\/p>\n<p><strong>\u00d6zellikleri<\/strong>: \u00c7ift bile\u015fenlidir. Y\u00fcksek elastikiyete ve uyguland\u0131\u011f\u0131 y\u00fczeye y\u00fcksek yap\u0131\u015fma \u00f6zelli\u011fine sahiptir. UV \u0131\u015f\u0131nlar\u0131na ve a\u015f\u0131nmaya dayan\u0131kl\u0131d\u0131r. Genle\u015fme hareketlerinden ve farkl\u0131 hava ko\u015fullar\u0131ndan etkilenmez. Ya\u015flanmaya kar\u015f\u0131 diren\u00e7lidir.<\/p>\n<p>S\u0131cak uygulamal\u0131 derz dolgu macunlar\u0131n\u0131n kullan\u0131lamad\u0131\u011f\u0131 durumlarda idealdir.<\/p>\n<p><strong>\u00dcr\u00fcn Kodu: <\/strong>04.615\/2<\/p>\n<p><strong>Bay\u0131nd\u0131rl\u0131k Poz No: <\/strong>80980<\/p>\n<p>&nbsp;<\/p>\n","protected":false},"excerpt":{"rendered":"<h1>Katran Modifiye Poli\u00fcretan Esasl\u0131 Derz Dolgu ve \u0130zolasyon Malzemesi<\/h1>\n","protected":false},"featured_media":501,"comment_status":"closed","ping_status":"closed","template":"","meta":[],"product_brand":[],"product_cat":[91],"product_tag":[],"class_list":{"0":"post-499","1":"product","2":"type-product","3":"status-publish","4":"has-post-thumbnail","6":"product_cat-poliuretan-katran-mastikler","8":"first","9":"instock","10":"taxable","11":"shipping-taxable","12":"product-type-simple"},"_links":{"self":[{"href":"http:\/\/gonenyapi.com.tr\/index.php\/wp-json\/wp\/v2\/product\/499","targetHints":{"allow":["GET"]}}],"collection":[{"href":"http:\/\/gonenyapi.com.tr\/index.php\/wp-json\/wp\/v2\/product"}],"about":[{"href":"http:\/\/gonenyapi.com.tr\/index.php\/wp-json\/wp\/v2\/types\/product"}],"replies":[{"embeddable":true,"href":"http:\/\/gonenyapi.com.tr\/index.php\/wp-json\/wp\/v2\/comments?post=499"}],"wp:featuredmedia":[{"embeddable":true,"href":"http:\/\/gonenyapi.com.tr\/index.php\/wp-json\/wp\/v2\/media\/501"}],"wp:attachment":[{"href":"http:\/\/gonenyapi.com.tr\/index.php\/wp-json\/wp\/v2\/media?parent=499"}],"wp:term":[{"taxonomy":"product_brand","embeddable":true,"href":"http:\/\/gonenyapi.com.tr\/index.php\/wp-json\/wp\/v2\/product_brand?post=499"},{"taxonomy":"product_cat","embeddable":true,"href":"http:\/\/gonenyapi.com.tr\/index.php\/wp-json\/wp\/v2\/product_cat?post=499"},{"taxonomy":"product_tag","embeddable":true,"href":"http:\/\/gonenyapi.com.tr\/index.php\/wp-json\/wp\/v2\/product_tag?post=499"}],"curies":[{"name":"wp","href":"https:\/\/api.w.org\/{rel}","templated":true}]}}