{"id":497,"date":"2020-09-29T20:02:19","date_gmt":"2020-09-29T17:02:19","guid":{"rendered":"http:\/\/gonenyapi.com.tr\/?post_type=product&#038;p=497"},"modified":"2020-09-29T20:02:19","modified_gmt":"2020-09-29T17:02:19","slug":"pu-970","status":"publish","type":"product","link":"http:\/\/gonenyapi.com.tr\/index.php\/urun\/pu-970\/","title":{"rendered":"PU 970"},"content":{"rendered":"<p><strong>Tan\u0131m\u0131 ve Kullan\u0131m Alanlar\u0131:<\/strong> Yap\u0131 elemanlar\u0131n\u0131n her t\u00fcrl\u00fc statik ve dinamik genle\u015fme derzleri i\u00e7in ideal, \u00e7ok y\u00fcksek esneme ve geri toplama \u00f6zelli\u011fine sahip d\u00fc\u015f\u00fck mod\u00fcll\u00fc\u00a0(LM) bir mastiktir. \u0130\u00e7 ve d\u0131\u015f mekanlarda, yatay ve d\u00fc\u015fey dilatasyon derzlerinde, PVC, ah\u015fap, metal, al\u00fcminyum ve plastik do\u011framalar\u0131n derzlerinde s\u0131zd\u0131rmazl\u0131k masti\u011fi olarak kullan\u0131l\u0131r. \u00c7at\u0131 ve teras dilatasyonlar\u0131nda ve parapet k\u00f6\u015fe birle\u015fimlerinde, prefabrik elemanlar\u0131n birle\u015fim detaylar\u0131nda ve prekast duvar panelleri aras\u0131nda kullan\u0131ma uygundur.<\/p>\n<p><strong>\u00d6zellikleri<\/strong>: Tek bile\u015fenlidir, kolay uygulan\u0131r ve y\u00fczeyi d\u00fczeltilebilir. M\u00fckemmel, kal\u0131c\u0131 elastikiyet ve yap\u0131\u015fma g\u00fcc\u00fcne sahiptir. Havan\u0131n nemi ile sertle\u015fir. Kuruduktan sonra su s\u0131zd\u0131rmaz. Ya\u015flanmaya dayan\u0131kl\u0131d\u0131r. Akma yapmaz, tiksotropik \u00f6zelliktedir.<\/p>\n<p>\u00c7ok d\u00fc\u015f\u00fck mod\u00fcl\u00fc sayesinde en ufak yap\u0131 hareketlerini dahi \u00fcstlenir. \u00dczeri boyanabilir.<\/p>\n<p><strong>\u00dcr\u00fcn Kodu: <\/strong>280ml:80970 600ml:81970<\/p>\n<p><strong>Bay\u0131nd\u0131rl\u0131k Poz No: <\/strong>04.613\/8H<\/p>\n","protected":false},"excerpt":{"rendered":"<h1>D\u00fc\u015f\u00fck Mod\u00fcll\u00fc Poli\u00fcretan Mastik (LM)<\/h1>\n","protected":false},"featured_media":498,"comment_status":"closed","ping_status":"closed","template":"","meta":[],"product_brand":[],"product_cat":[90],"product_tag":[],"class_list":{"0":"post-497","1":"product","2":"type-product","3":"status-publish","4":"has-post-thumbnail","6":"product_cat-poliuretan-mastikler","8":"first","9":"instock","10":"taxable","11":"shipping-taxable","12":"product-type-simple"},"_links":{"self":[{"href":"http:\/\/gonenyapi.com.tr\/index.php\/wp-json\/wp\/v2\/product\/497","targetHints":{"allow":["GET"]}}],"collection":[{"href":"http:\/\/gonenyapi.com.tr\/index.php\/wp-json\/wp\/v2\/product"}],"about":[{"href":"http:\/\/gonenyapi.com.tr\/index.php\/wp-json\/wp\/v2\/types\/product"}],"replies":[{"embeddable":true,"href":"http:\/\/gonenyapi.com.tr\/index.php\/wp-json\/wp\/v2\/comments?post=497"}],"wp:featuredmedia":[{"embeddable":true,"href":"http:\/\/gonenyapi.com.tr\/index.php\/wp-json\/wp\/v2\/media\/498"}],"wp:attachment":[{"href":"http:\/\/gonenyapi.com.tr\/index.php\/wp-json\/wp\/v2\/media?parent=497"}],"wp:term":[{"taxonomy":"product_brand","embeddable":true,"href":"http:\/\/gonenyapi.com.tr\/index.php\/wp-json\/wp\/v2\/product_brand?post=497"},{"taxonomy":"product_cat","embeddable":true,"href":"http:\/\/gonenyapi.com.tr\/index.php\/wp-json\/wp\/v2\/product_cat?post=497"},{"taxonomy":"product_tag","embeddable":true,"href":"http:\/\/gonenyapi.com.tr\/index.php\/wp-json\/wp\/v2\/product_tag?post=497"}],"curies":[{"name":"wp","href":"https:\/\/api.w.org\/{rel}","templated":true}]}}