{"id":445,"date":"2020-09-26T12:45:58","date_gmt":"2020-09-26T12:45:58","guid":{"rendered":"http:\/\/gonenyapi.com.tr\/?post_type=product&#038;p=445"},"modified":"2020-09-28T15:26:42","modified_gmt":"2020-09-28T12:26:42","slug":"impermo-su-yalitim-filesi","status":"publish","type":"product","link":"http:\/\/gonenyapi.com.tr\/index.php\/urun\/impermo-su-yalitim-filesi\/","title":{"rendered":"IMPERMO &#8211; Su Yal\u0131t\u0131m Filesi"},"content":{"rendered":"<p><strong>Tan\u0131m\u0131 ve Kullan\u0131m Alanlar\u0131<\/strong>: Y\u00fcksek su bas\u0131nc\u0131na dayanmas\u0131 istenen su yal\u0131t\u0131m sistemlerinde takviye ama\u00e7l\u0131 kullan\u0131lan bir su yal\u0131t\u0131m filesidir.\u00a0 Alkali dayan\u0131m\u0131 isteyen t\u00fcm s\u00fcrme esasl\u0131 su yal\u0131t\u0131m\u0131 uygulamalar\u0131nda kullan\u0131l\u0131r. \u0130\u00e7 ve d\u0131\u015f mekanlarda, yatay ve d\u00fc\u015fey y\u00fczeylerde, su deposu, havuz gibi y\u00fcksek su bas\u0131nc\u0131 istenen alanlarda, balkon ve teraslarda s\u00fcrme esasl\u0131 su yal\u0131t\u0131m malzemelerinin katlar\u0131 aras\u0131nda takviye ama\u00e7l\u0131 kullan\u0131larak \u00e7atlamaya kar\u015f\u0131 diren\u00e7 kazand\u0131r\u0131lmas\u0131nda, temel yal\u0131t\u0131m\u0131, istinat duvarlar\u0131 ve bodrum yal\u0131t\u0131m\u0131 gibi harekete, titre\u015fime ve hafif\u00e7e oturmalara maruz kalan yerlerde takviye ama\u00e7l\u0131 olarak kullan\u0131l\u0131r.<\/p>\n<p><strong>\u00d6zellikleri<\/strong>: Cam ipli\u011finden dokunmu\u015ftur, k\u0131lcal \u00e7atlak olu\u015fumuna kar\u015f\u0131 diren\u00e7 kazand\u0131r\u0131r. Aras\u0131na uyguland\u0131\u011f\u0131 s\u00fcrme esasl\u0131 su yal\u0131t\u0131m malzemelerinin su bas\u0131nc\u0131na ve ezilmelere kar\u015f\u0131 mukavemetini ve ta\u015f\u0131y\u0131c\u0131l\u0131k \u00f6zelliklerini artt\u0131r\u0131r.<\/p>\n<p>Y\u00fcksek alkali dayan\u0131m\u0131na sahiptir, zaman i\u00e7inde erimez ve kopmaz. Ya\u015flanmaya kar\u015f\u0131 diren\u00e7lidir. \u00c7\u00fcr\u00fcmez.<\/p>\n<p>Mevsimsel s\u0131cakl\u0131k de\u011fi\u015fimlerine dayan\u0131kl\u0131d\u0131r. Y\u0131l i\u00e7erisinde g\u00f6zlenen gerilmeleri tolere eder ve k\u0131lcal \u00e7atlak olu\u015fma e\u011filimini engeller.<\/p>\n<p>Dalgalanma ve k\u0131vr\u0131m olu\u015fturmad\u0131\u011f\u0131ndan kullan\u0131m\u0131 kolayd\u0131r.<\/p>\n<p>K\u00fcf tutmaz, nemden etkilenmez.<\/p>\n<p><strong>\u00dcr\u00fcn Kodu: <\/strong>69401<\/p>\n<p><strong>Bay\u0131nd\u0131rl\u0131k Poz No: <\/strong>04.479\/1<\/p>\n","protected":false},"excerpt":{"rendered":"<h1>Su Yal\u0131t\u0131m Filesi<\/h1>\n","protected":false},"featured_media":447,"comment_status":"closed","ping_status":"closed","template":"","meta":[],"product_brand":[],"product_cat":[87],"product_tag":[],"class_list":{"0":"post-445","1":"product","2":"type-product","3":"status-publish","4":"has-post-thumbnail","6":"product_cat-su-tutucu-bantlar-ve-tamamlayici-urunler","8":"first","9":"instock","10":"taxable","11":"shipping-taxable","12":"product-type-simple"},"_links":{"self":[{"href":"http:\/\/gonenyapi.com.tr\/index.php\/wp-json\/wp\/v2\/product\/445","targetHints":{"allow":["GET"]}}],"collection":[{"href":"http:\/\/gonenyapi.com.tr\/index.php\/wp-json\/wp\/v2\/product"}],"about":[{"href":"http:\/\/gonenyapi.com.tr\/index.php\/wp-json\/wp\/v2\/types\/product"}],"replies":[{"embeddable":true,"href":"http:\/\/gonenyapi.com.tr\/index.php\/wp-json\/wp\/v2\/comments?post=445"}],"wp:featuredmedia":[{"embeddable":true,"href":"http:\/\/gonenyapi.com.tr\/index.php\/wp-json\/wp\/v2\/media\/447"}],"wp:attachment":[{"href":"http:\/\/gonenyapi.com.tr\/index.php\/wp-json\/wp\/v2\/media?parent=445"}],"wp:term":[{"taxonomy":"product_brand","embeddable":true,"href":"http:\/\/gonenyapi.com.tr\/index.php\/wp-json\/wp\/v2\/product_brand?post=445"},{"taxonomy":"product_cat","embeddable":true,"href":"http:\/\/gonenyapi.com.tr\/index.php\/wp-json\/wp\/v2\/product_cat?post=445"},{"taxonomy":"product_tag","embeddable":true,"href":"http:\/\/gonenyapi.com.tr\/index.php\/wp-json\/wp\/v2\/product_tag?post=445"}],"curies":[{"name":"wp","href":"https:\/\/api.w.org\/{rel}","templated":true}]}}