{"id":443,"date":"2020-09-26T12:44:18","date_gmt":"2020-09-26T12:44:18","guid":{"rendered":"http:\/\/gonenyapi.com.tr\/?post_type=product&#038;p=443"},"modified":"2020-09-26T12:44:18","modified_gmt":"2020-09-26T12:44:18","slug":"impermo-combi","status":"publish","type":"product","link":"http:\/\/gonenyapi.com.tr\/index.php\/urun\/impermo-combi\/","title":{"rendered":"IMPERMO COMBI"},"content":{"rendered":"<p><strong>Tan\u0131m\u0131 ve Kullan\u0131m Alanlar\u0131<\/strong>: Termoplastik elastomer esasl\u0131, genle\u015fme (dilatasyon) derzleri i\u00e7in kullan\u0131ma haz\u0131r bantt\u0131r. \u0130\u00e7 ve d\u0131\u015f mekanlarda, baraj, karayolu, t\u00fcnel, metro gibi her t\u00fcrl\u00fc m\u00fchendislik yap\u0131lar\u0131nda, su deposu, havuz, otopark ve al\u0131\u015fveri\u015f merkezlerinde, genle\u015fme (dilatasyon) derzlerinde yatay ve d\u00fc\u015fey uygulamalarda, i\u00e7eriden ve d\u0131\u015far\u0131dan yap\u0131lan radye temel perde birle\u015fimlerinde kullan\u0131l\u0131r. Genle\u015fme derzlerinde su yal\u0131t\u0131m\u0131 sa\u011flar.<\/p>\n<p>REPOX 310 ile yap\u0131\u015ft\u0131r\u0131larak yatay ve d\u00fc\u015fey uygulamalardaki detaylar\u0131 \u00e7\u00f6zer. Genle\u015fme derzlerinde IMPERMO COMBI ile su yal\u0131t\u0131m\u0131n\u0131 yapt\u0131ktan sonra \u00fczerine dilatasyon profilleri konur ve estetik \u00e7\u00f6z\u00fcm sa\u011flar.<\/p>\n<p><strong>\u00d6zellikleri<\/strong>: Muhtelif kimyasallara dayan\u0131kl\u0131d\u0131r. Poli\u00fcretan masti\u011fin kullan\u0131lmad\u0131\u011f\u0131 genle\u015fme derzlerinde bile rahatl\u0131kla uygulan\u0131r.<\/p>\n<p><strong>\u00dcr\u00fcn Kodu: <\/strong> 200mm: 69301 250mm: 69302<\/p>\n","protected":false},"excerpt":{"rendered":"<h1>Genle\u015fme (Dilatasyon) Band\u0131<\/h1>\n","protected":false},"featured_media":446,"comment_status":"closed","ping_status":"closed","template":"","meta":[],"product_brand":[],"product_cat":[87],"product_tag":[],"class_list":{"0":"post-443","1":"product","2":"type-product","3":"status-publish","4":"has-post-thumbnail","6":"product_cat-su-tutucu-bantlar-ve-tamamlayici-urunler","8":"first","9":"instock","10":"taxable","11":"shipping-taxable","12":"product-type-simple"},"_links":{"self":[{"href":"http:\/\/gonenyapi.com.tr\/index.php\/wp-json\/wp\/v2\/product\/443","targetHints":{"allow":["GET"]}}],"collection":[{"href":"http:\/\/gonenyapi.com.tr\/index.php\/wp-json\/wp\/v2\/product"}],"about":[{"href":"http:\/\/gonenyapi.com.tr\/index.php\/wp-json\/wp\/v2\/types\/product"}],"replies":[{"embeddable":true,"href":"http:\/\/gonenyapi.com.tr\/index.php\/wp-json\/wp\/v2\/comments?post=443"}],"wp:featuredmedia":[{"embeddable":true,"href":"http:\/\/gonenyapi.com.tr\/index.php\/wp-json\/wp\/v2\/media\/446"}],"wp:attachment":[{"href":"http:\/\/gonenyapi.com.tr\/index.php\/wp-json\/wp\/v2\/media?parent=443"}],"wp:term":[{"taxonomy":"product_brand","embeddable":true,"href":"http:\/\/gonenyapi.com.tr\/index.php\/wp-json\/wp\/v2\/product_brand?post=443"},{"taxonomy":"product_cat","embeddable":true,"href":"http:\/\/gonenyapi.com.tr\/index.php\/wp-json\/wp\/v2\/product_cat?post=443"},{"taxonomy":"product_tag","embeddable":true,"href":"http:\/\/gonenyapi.com.tr\/index.php\/wp-json\/wp\/v2\/product_tag?post=443"}],"curies":[{"name":"wp","href":"https:\/\/api.w.org\/{rel}","templated":true}]}}