{"id":442,"date":"2020-09-26T12:43:08","date_gmt":"2020-09-26T12:43:08","guid":{"rendered":"http:\/\/gonenyapi.com.tr\/?post_type=product&#038;p=442"},"modified":"2020-09-26T12:43:08","modified_gmt":"2020-09-26T12:43:08","slug":"impermo-acryl-300","status":"publish","type":"product","link":"http:\/\/gonenyapi.com.tr\/index.php\/urun\/impermo-acryl-300\/","title":{"rendered":"IMPERMO ACRYL-300"},"content":{"rendered":"<p><strong>Tan\u0131m\u0131 ve Kullan\u0131m Alanlar\u0131<\/strong>: Y\u00fcksek performansl\u0131 akrilik polimer ve kau\u00e7uk esasl\u0131, elastik, su tutucu, hidrofilik derz band\u0131d\u0131r. Su ile temasta %300 \u015fi\u015ferek beton derzlerini su ge\u00e7irmez hale getirir. \u0130\u00e7 ve d\u0131\u015f mek\u00e2nlarda, havuzlarda, su depolar\u0131nda, ar\u0131tma tesislerinde, \u2022Temel-perde birle\u015fimlerinde, r\u00f6garlarda, boru giri\u015f-\u00e7\u0131k\u0131\u015flar\u0131nda, kablo kanallar\u0131ndaki in\u015faat derzlerinde, t\u00fcnel segmentlerinde, eski ve yeni betonlar\u0131n birle\u015fim yerlerinde, in\u015faat derzlerinde kullan\u0131l\u0131r.<\/p>\n<p><strong>\u00d6zellikleri<\/strong>: Kullan\u0131m\u0131 kolayd\u0131r. Di\u011fer su tutucu bantlarda olu\u015fabilecek i\u015f\u00e7ilik hatalar\u0131n\u0131 en aza indirir. Su ile temas etti\u011finde \u015fi\u015ferek betonun so\u011fuk derzinde olu\u015fabilecek \u00e7atlak ve g\u00f6zenekleri doldurur. Beton derzlerini su ge\u00e7irmez hale getirir.<\/p>\n<p>Su ile temas\u0131 kesildi\u011finde tekrar eski boyutlar\u0131na d\u00f6ner. Uzun s\u00fcre kullan\u0131l\u0131r, \u015fi\u015fme kaynakl\u0131 boyutsal deformasyona kar\u015f\u0131 dayan\u0131kl\u0131d\u0131r. Yatay ve d\u00fc\u015fey uygulamalarda rahatl\u0131kla uygulanabilir. IMPERMO ACRYL-300 Akrilik Esasl\u0131 Su ile \u015ei\u015fen Bant su ile temas halinde normal h\u0131zla \u015fi\u015fer, taze betona zarar vermez. Ek yerlerinde kaynak gerektirmez.<\/p>\n<p>Sertle\u015fme s\u00fcresi gerekmez. Tuzlu suda da \u015fi\u015fer. Esnektir, %300&#8217;e kadar su ile \u015fi\u015fer.<\/p>\n<p><strong>\u00dcr\u00fcn Kodu: <\/strong>69505<\/p>\n","protected":false},"excerpt":{"rendered":"<h1>Akrilik Esasl\u0131 Su Tutucu Bant<\/h1>\n","protected":false},"featured_media":444,"comment_status":"closed","ping_status":"closed","template":"","meta":[],"product_brand":[],"product_cat":[87],"product_tag":[],"class_list":{"0":"post-442","1":"product","2":"type-product","3":"status-publish","4":"has-post-thumbnail","6":"product_cat-su-tutucu-bantlar-ve-tamamlayici-urunler","8":"first","9":"instock","10":"taxable","11":"shipping-taxable","12":"product-type-simple"},"_links":{"self":[{"href":"http:\/\/gonenyapi.com.tr\/index.php\/wp-json\/wp\/v2\/product\/442","targetHints":{"allow":["GET"]}}],"collection":[{"href":"http:\/\/gonenyapi.com.tr\/index.php\/wp-json\/wp\/v2\/product"}],"about":[{"href":"http:\/\/gonenyapi.com.tr\/index.php\/wp-json\/wp\/v2\/types\/product"}],"replies":[{"embeddable":true,"href":"http:\/\/gonenyapi.com.tr\/index.php\/wp-json\/wp\/v2\/comments?post=442"}],"wp:featuredmedia":[{"embeddable":true,"href":"http:\/\/gonenyapi.com.tr\/index.php\/wp-json\/wp\/v2\/media\/444"}],"wp:attachment":[{"href":"http:\/\/gonenyapi.com.tr\/index.php\/wp-json\/wp\/v2\/media?parent=442"}],"wp:term":[{"taxonomy":"product_brand","embeddable":true,"href":"http:\/\/gonenyapi.com.tr\/index.php\/wp-json\/wp\/v2\/product_brand?post=442"},{"taxonomy":"product_cat","embeddable":true,"href":"http:\/\/gonenyapi.com.tr\/index.php\/wp-json\/wp\/v2\/product_cat?post=442"},{"taxonomy":"product_tag","embeddable":true,"href":"http:\/\/gonenyapi.com.tr\/index.php\/wp-json\/wp\/v2\/product_tag?post=442"}],"curies":[{"name":"wp","href":"https:\/\/api.w.org\/{rel}","templated":true}]}}