{"id":439,"date":"2020-09-26T12:41:46","date_gmt":"2020-09-26T12:41:46","guid":{"rendered":"http:\/\/gonenyapi.com.tr\/?post_type=product&#038;p=439"},"modified":"2020-09-26T12:41:46","modified_gmt":"2020-09-26T12:41:46","slug":"impermo","status":"publish","type":"product","link":"http:\/\/gonenyapi.com.tr\/index.php\/urun\/impermo\/","title":{"rendered":"IMPERMO"},"content":{"rendered":"<p><strong>Tan\u0131m\u0131 ve Kullan\u0131m Alanlar\u0131<\/strong>: Sodyum bentonit ve b\u00fctil kau\u00e7uk esasl\u0131 su tutucu derz band\u0131d\u0131r. Su ile temasta \u015fi\u015ferek beton derzlerini su ge\u00e7irmez hale getirir. \u0130\u00e7 ve d\u0131\u015f mekanlarda, havuzlarda, su depolar\u0131nda, ar\u0131tma tesislerinde, temel-perde birle\u015fimlerinde, r\u00f6garlarda, boru giri\u015f-\u00e7\u0131k\u0131\u015flar\u0131nda, kablo kanallar\u0131ndaki in\u015faat derzlerinde, t\u00fcnel segmentlerinde, eski ve yeni betonlar\u0131n birle\u015fim yerlerinde ve in\u015faat derzlerinde kullan\u0131l\u0131r.<\/p>\n<p><strong>\u00d6zellikleri<\/strong>: Kullan\u0131m\u0131 kolayd\u0131r. Di\u011fer su tutucu bantlarda olu\u015fabilecek i\u015f\u00e7ilik hatalar\u0131n\u0131 en aza indirger.<\/p>\n<p>Su ile temas etti\u011finde \u015fi\u015ferek beton so\u011fuk derzinde olu\u015fabilecek \u00e7atlak ve g\u00f6zenekleri doldurur. Beton derzlerini su ge\u00e7irmez hale getirir. Yatay ve d\u00fc\u015fey uygulamalarda rahatl\u0131kla uygulanabilir.<\/p>\n<p>Su ile temas halinde normal h\u0131zla \u015fi\u015fer, taze betona zarar vermez. Ek yerlerinde kaynak gerektirmez.<\/p>\n<p><strong>\u00dcr\u00fcn Kodu: <\/strong> 5mm: 69210 10mm: 69205<\/p>\n","protected":false},"excerpt":{"rendered":"<h1>Sodyum Bentonit Esasl\u0131 Su ile \u015ei\u015fen Bant<\/h1>\n","protected":false},"featured_media":441,"comment_status":"closed","ping_status":"closed","template":"","meta":[],"product_brand":[],"product_cat":[87],"product_tag":[],"class_list":{"0":"post-439","1":"product","2":"type-product","3":"status-publish","4":"has-post-thumbnail","6":"product_cat-su-tutucu-bantlar-ve-tamamlayici-urunler","8":"first","9":"instock","10":"taxable","11":"shipping-taxable","12":"product-type-simple"},"_links":{"self":[{"href":"http:\/\/gonenyapi.com.tr\/index.php\/wp-json\/wp\/v2\/product\/439","targetHints":{"allow":["GET"]}}],"collection":[{"href":"http:\/\/gonenyapi.com.tr\/index.php\/wp-json\/wp\/v2\/product"}],"about":[{"href":"http:\/\/gonenyapi.com.tr\/index.php\/wp-json\/wp\/v2\/types\/product"}],"replies":[{"embeddable":true,"href":"http:\/\/gonenyapi.com.tr\/index.php\/wp-json\/wp\/v2\/comments?post=439"}],"wp:featuredmedia":[{"embeddable":true,"href":"http:\/\/gonenyapi.com.tr\/index.php\/wp-json\/wp\/v2\/media\/441"}],"wp:attachment":[{"href":"http:\/\/gonenyapi.com.tr\/index.php\/wp-json\/wp\/v2\/media?parent=439"}],"wp:term":[{"taxonomy":"product_brand","embeddable":true,"href":"http:\/\/gonenyapi.com.tr\/index.php\/wp-json\/wp\/v2\/product_brand?post=439"},{"taxonomy":"product_cat","embeddable":true,"href":"http:\/\/gonenyapi.com.tr\/index.php\/wp-json\/wp\/v2\/product_cat?post=439"},{"taxonomy":"product_tag","embeddable":true,"href":"http:\/\/gonenyapi.com.tr\/index.php\/wp-json\/wp\/v2\/product_tag?post=439"}],"curies":[{"name":"wp","href":"https:\/\/api.w.org\/{rel}","templated":true}]}}