{"id":436,"date":"2020-09-26T12:39:19","date_gmt":"2020-09-26T12:39:19","guid":{"rendered":"http:\/\/gonenyapi.com.tr\/?post_type=product&#038;p=436"},"modified":"2020-09-26T12:39:20","modified_gmt":"2020-09-26T12:39:20","slug":"impermo-pvc","status":"publish","type":"product","link":"http:\/\/gonenyapi.com.tr\/index.php\/urun\/impermo-pvc\/","title":{"rendered":"IMPERMO PVC"},"content":{"rendered":"<p><strong>Tan\u0131m\u0131 ve Kullan\u0131m Alanlar\u0131: <\/strong>Yap\u0131 ve genle\u015fme derzlerinin yal\u0131t\u0131m\u0131nda kullan\u0131lan elastik derz yal\u0131t\u0131m band\u0131d\u0131r. Elastik, termoplastik elastomer esasl\u0131 ve polyester file ta\u015f\u0131y\u0131c\u0131l\u0131d\u0131r. \u0130\u00e7 ve d\u0131\u015f mekanlarda, havuz, su deposu, banyo, WC gibi \u0131slak mekanlarda fayans, seramik ve su yal\u0131t\u0131m\u0131 uygulamalar\u0131ndan \u00f6nce, su deposu, havuz gibi boru giri\u015f-\u00e7\u0131k\u0131\u015f uygulama detaylar\u0131nda, balkon ve teraslardaki dik d\u00f6n\u00fc\u015flerde, s\u00fcrme esasl\u0131 su yal\u0131t\u0131m malzemelerinin katmanlar\u0131 aras\u0131nda, d\u00f6\u015femelerde ve perdelerde olu\u015fan dinamik (hareketli) \u00e7atlaklar\u0131n ve so\u011fuk derzlerin yal\u0131t\u0131lmas\u0131nda kullan\u0131l\u0131r. S\u00fcrme esasl\u0131 su yal\u0131t\u0131m malzemeleri ile birlikte kullan\u0131larak donat\u0131 takviyesi sa\u011flar.<\/p>\n<p><strong>\u00d6zellikleri<\/strong>: Kolayca kesilir ve her t\u00fcrl\u00fc su yal\u0131t\u0131m\u0131 detay\u0131nda kolayl\u0131kla uygulan\u0131r.<\/p>\n<p>Y\u0131rt\u0131lmaz, darbelere ve e\u011filmelere kar\u015f\u0131 mukavemet g\u00f6sterir. Bir\u00e7ok kimyasal maddeye kar\u015f\u0131 dayan\u0131kl\u0131d\u0131r.<\/p>\n<p><strong>\u00dcr\u00fcn Kodu: <\/strong>100mm : 69001 120mm : 69002<\/p>\n","protected":false},"excerpt":{"rendered":"<h1>Pah Band\u0131<\/h1>\n","protected":false},"featured_media":437,"comment_status":"closed","ping_status":"closed","template":"","meta":[],"product_brand":[],"product_cat":[87],"product_tag":[],"class_list":{"0":"post-436","1":"product","2":"type-product","3":"status-publish","4":"has-post-thumbnail","6":"product_cat-su-tutucu-bantlar-ve-tamamlayici-urunler","8":"first","9":"instock","10":"taxable","11":"shipping-taxable","12":"product-type-simple"},"_links":{"self":[{"href":"http:\/\/gonenyapi.com.tr\/index.php\/wp-json\/wp\/v2\/product\/436","targetHints":{"allow":["GET"]}}],"collection":[{"href":"http:\/\/gonenyapi.com.tr\/index.php\/wp-json\/wp\/v2\/product"}],"about":[{"href":"http:\/\/gonenyapi.com.tr\/index.php\/wp-json\/wp\/v2\/types\/product"}],"replies":[{"embeddable":true,"href":"http:\/\/gonenyapi.com.tr\/index.php\/wp-json\/wp\/v2\/comments?post=436"}],"wp:featuredmedia":[{"embeddable":true,"href":"http:\/\/gonenyapi.com.tr\/index.php\/wp-json\/wp\/v2\/media\/437"}],"wp:attachment":[{"href":"http:\/\/gonenyapi.com.tr\/index.php\/wp-json\/wp\/v2\/media?parent=436"}],"wp:term":[{"taxonomy":"product_brand","embeddable":true,"href":"http:\/\/gonenyapi.com.tr\/index.php\/wp-json\/wp\/v2\/product_brand?post=436"},{"taxonomy":"product_cat","embeddable":true,"href":"http:\/\/gonenyapi.com.tr\/index.php\/wp-json\/wp\/v2\/product_cat?post=436"},{"taxonomy":"product_tag","embeddable":true,"href":"http:\/\/gonenyapi.com.tr\/index.php\/wp-json\/wp\/v2\/product_tag?post=436"}],"curies":[{"name":"wp","href":"https:\/\/api.w.org\/{rel}","templated":true}]}}