{"id":434,"date":"2020-09-26T12:37:30","date_gmt":"2020-09-26T12:37:30","guid":{"rendered":"http:\/\/gonenyapi.com.tr\/?post_type=product&#038;p=434"},"modified":"2020-09-26T12:37:30","modified_gmt":"2020-09-26T12:37:30","slug":"polan-600-invisible","status":"publish","type":"product","link":"http:\/\/gonenyapi.com.tr\/index.php\/urun\/polan-600-invisible\/","title":{"rendered":"POLAN 600 INVISIBLE"},"content":{"rendered":"<p><strong>Tan\u0131m\u0131 ve Kullan\u0131m Alanlar\u0131:<\/strong> \u015eeffaf bir son kat kaplama ve su yal\u0131t\u0131m malzemesidir. D\u0131\u015f mekanlarda, s\u0131rl\u0131 fayans, seramik, do\u011falta\u015f, mermer, karo gibi malzemelerle kapl\u0131 ve hafif yaya trafi\u011fi olan balkon ve teraslarda mevcut kaplaman\u0131n g\u00f6r\u00fcnt\u00fcs\u00fcn\u00fc de\u011fi\u015ftirmeden su izolasyonu sa\u011flar. Betonarme y\u00fczeyler, s\u0131valar ve \u015fap \u00fczerinde, end\u00fcstriyel zemin kaplamalar\u0131nda, mozaik, karo mozaik, cam, cam tu\u011fla, demir, \u00e7elik, al\u00fcminyum gibi metaller, CTP, PVC ve polikarbonat \u00e7at\u0131 kaplamalar\u0131 \u00fczerine kullanmaya uygundur. Ah\u015fap kap\u0131, pencere kasalar\u0131 \u00fczerine koruyucu kaplama ve su yal\u0131t\u0131m malzemesi olarak kullan\u0131l\u0131r. Eski kaplamalar dahil her t\u00fcrl\u00fc y\u00fczeye m\u00fckemmel yap\u0131\u015f\u0131r.<\/p>\n<p><strong>\u00d6zellikleri: <\/strong>Tek bile\u015fenli, s\u0131v\u0131 halde, kullan\u0131ma haz\u0131r bir \u00fcr\u00fcnd\u00fcr. Mevcut kaplamay\u0131 zedelemeden ve \u015feffaf olmas\u0131ndan dolay\u0131 alt kaplaman\u0131n g\u00f6r\u00fcnt\u00fcs\u00fcn\u00fc de\u011fi\u015ftirmeden su yal\u0131t\u0131m\u0131 yapma imkan\u0131 verir, dekoratiftir ve yaya trafi\u011fi a\u015f\u0131nmas\u0131na dayan\u0131kl\u0131d\u0131r. UV dayan\u0131ml\u0131d\u0131r, sararmaz.<\/p>\n<p>Ya\u015flanmaya, seyreltik aside, baza, tuza, kimyasal maddelere, k\u00fcfe ve hava ko\u015fullar\u0131na kar\u015f\u0131 son derece dayan\u0131kl\u0131d\u0131r. Ba\u015flang\u0131\u00e7 \u00f6zelliklerini y\u0131llarca korur.<\/p>\n<p>Uygulanan y\u00fczeylerde daha sonra \u00e7atlama g\u00f6r\u00fclmez. K\u00fcrlendikten sonra \u00fczerinde gezilebilir. Suya ve dona kar\u015f\u0131 dayan\u0131kl\u0131d\u0131r.<\/p>\n<p><strong>\u00dcr\u00fcn Kodu: <\/strong> 2,5kg:68102 10kg:68110<\/p>\n","protected":false},"excerpt":{"rendered":"<h1>\u015eeffaf Poli\u00fcretan Kaplama ve Su Yal\u0131t\u0131m Malzemesi<\/h1>\n","protected":false},"featured_media":435,"comment_status":"closed","ping_status":"closed","template":"","meta":[],"product_brand":[],"product_cat":[86],"product_tag":[],"class_list":{"0":"post-434","1":"product","2":"type-product","3":"status-publish","4":"has-post-thumbnail","6":"product_cat-poliuretan-esasli-su-yalitim-malzemeleri","8":"first","9":"instock","10":"taxable","11":"shipping-taxable","12":"product-type-simple"},"_links":{"self":[{"href":"http:\/\/gonenyapi.com.tr\/index.php\/wp-json\/wp\/v2\/product\/434","targetHints":{"allow":["GET"]}}],"collection":[{"href":"http:\/\/gonenyapi.com.tr\/index.php\/wp-json\/wp\/v2\/product"}],"about":[{"href":"http:\/\/gonenyapi.com.tr\/index.php\/wp-json\/wp\/v2\/types\/product"}],"replies":[{"embeddable":true,"href":"http:\/\/gonenyapi.com.tr\/index.php\/wp-json\/wp\/v2\/comments?post=434"}],"wp:featuredmedia":[{"embeddable":true,"href":"http:\/\/gonenyapi.com.tr\/index.php\/wp-json\/wp\/v2\/media\/435"}],"wp:attachment":[{"href":"http:\/\/gonenyapi.com.tr\/index.php\/wp-json\/wp\/v2\/media?parent=434"}],"wp:term":[{"taxonomy":"product_brand","embeddable":true,"href":"http:\/\/gonenyapi.com.tr\/index.php\/wp-json\/wp\/v2\/product_brand?post=434"},{"taxonomy":"product_cat","embeddable":true,"href":"http:\/\/gonenyapi.com.tr\/index.php\/wp-json\/wp\/v2\/product_cat?post=434"},{"taxonomy":"product_tag","embeddable":true,"href":"http:\/\/gonenyapi.com.tr\/index.php\/wp-json\/wp\/v2\/product_tag?post=434"}],"curies":[{"name":"wp","href":"https:\/\/api.w.org\/{rel}","templated":true}]}}