{"id":432,"date":"2020-09-26T12:36:16","date_gmt":"2020-09-26T12:36:16","guid":{"rendered":"http:\/\/gonenyapi.com.tr\/?post_type=product&#038;p=432"},"modified":"2020-09-26T12:36:16","modified_gmt":"2020-09-26T12:36:16","slug":"polan-620","status":"publish","type":"product","link":"http:\/\/gonenyapi.com.tr\/index.php\/urun\/polan-620\/","title":{"rendered":"POLAN 620"},"content":{"rendered":"<p><strong>Tan\u0131m\u0131 ve Kullan\u0131m Alanlar\u0131<\/strong>: \u0130\u00e7 mekanlarda ve \u00fczeri kaplanmak \u015fart\u0131 ile d\u0131\u015f mekanlarda, yatay ve d\u00fc\u015fey y\u00fczeylerde, beton, ta\u015f, ah\u015fap ve metal gibi y\u00fczeylerin \u00fczerine uygulanan bir su yal\u0131t\u0131m malzemesidir. Su depolar\u0131nda ve y\u00fczme havuzlar\u0131nda kullan\u0131labilir. Her t\u00fcrl\u00fc y\u00fczeye m\u00fckemmel yap\u0131\u015f\u0131r.<\/p>\n<p><strong>\u00d6zellikleri:<\/strong> S\u0131v\u0131 haldedir. Solvent i\u00e7ermez, kapal\u0131 alanlarda g\u00fcvenle kullan\u0131labilir. \u0130\u00e7me suyuna kar\u0131\u015fmaz.<\/p>\n<p>Tuzlu su, tuz \u00e7\u00f6zeltileri, bazlar, seyreltilmi\u015f zay\u0131f asitler, benzin ve mineral ya\u011flara kar\u015f\u0131 dayan\u0131kl\u0131d\u0131r. Ya\u015flanmaya diren\u00e7lidir.<\/p>\n<p><strong>\u00dcr\u00fcn Kodu: <\/strong> 68006<\/p>\n","protected":false},"excerpt":{"rendered":"<h1>Poli\u00fcretan Esasl\u0131 \u00c7ift Bile\u015fenli Su Yal\u0131t\u0131m Malzemesi<\/h1>\n","protected":false},"featured_media":433,"comment_status":"closed","ping_status":"closed","template":"","meta":[],"product_brand":[],"product_cat":[86],"product_tag":[],"class_list":{"0":"post-432","1":"product","2":"type-product","3":"status-publish","4":"has-post-thumbnail","6":"product_cat-poliuretan-esasli-su-yalitim-malzemeleri","8":"first","9":"instock","10":"taxable","11":"shipping-taxable","12":"product-type-simple"},"_links":{"self":[{"href":"http:\/\/gonenyapi.com.tr\/index.php\/wp-json\/wp\/v2\/product\/432","targetHints":{"allow":["GET"]}}],"collection":[{"href":"http:\/\/gonenyapi.com.tr\/index.php\/wp-json\/wp\/v2\/product"}],"about":[{"href":"http:\/\/gonenyapi.com.tr\/index.php\/wp-json\/wp\/v2\/types\/product"}],"replies":[{"embeddable":true,"href":"http:\/\/gonenyapi.com.tr\/index.php\/wp-json\/wp\/v2\/comments?post=432"}],"wp:featuredmedia":[{"embeddable":true,"href":"http:\/\/gonenyapi.com.tr\/index.php\/wp-json\/wp\/v2\/media\/433"}],"wp:attachment":[{"href":"http:\/\/gonenyapi.com.tr\/index.php\/wp-json\/wp\/v2\/media?parent=432"}],"wp:term":[{"taxonomy":"product_brand","embeddable":true,"href":"http:\/\/gonenyapi.com.tr\/index.php\/wp-json\/wp\/v2\/product_brand?post=432"},{"taxonomy":"product_cat","embeddable":true,"href":"http:\/\/gonenyapi.com.tr\/index.php\/wp-json\/wp\/v2\/product_cat?post=432"},{"taxonomy":"product_tag","embeddable":true,"href":"http:\/\/gonenyapi.com.tr\/index.php\/wp-json\/wp\/v2\/product_tag?post=432"}],"curies":[{"name":"wp","href":"https:\/\/api.w.org\/{rel}","templated":true}]}}