{"id":430,"date":"2020-09-26T12:23:39","date_gmt":"2020-09-26T12:23:39","guid":{"rendered":"http:\/\/gonenyapi.com.tr\/?post_type=product&#038;p=430"},"modified":"2020-09-26T12:23:39","modified_gmt":"2020-09-26T12:23:39","slug":"polan-500","status":"publish","type":"product","link":"http:\/\/gonenyapi.com.tr\/index.php\/urun\/polan-500\/","title":{"rendered":"POLAN 500"},"content":{"rendered":"<p>yal\u0131t\u0131m malzemesidir. D\u0131\u015f mekanlarda, beton, ta\u015f, oluklu levha, metal gibi y\u00fczeylerin \u00fczerine, teras \u00e7at\u0131larda, ya\u011fmur derelerinde kaplama malzemesi olarak ve poli\u00fcretan k\u00f6p\u00fck uygulamalar\u0131n\u0131n UV \u0131\u015f\u0131nlar\u0131ndan korunmas\u0131nda kullan\u0131l\u0131r. Tek veya \u00e7ift bile\u015fenli poli\u00fcretan malzemelerin \u00fczerine koruyucu olarak s\u00fcr\u00fcl\u00fcr.<\/p>\n<p><strong>\u00d6zellikleri<\/strong>: Tek bile\u015fenli, s\u0131v\u0131 halde, kullan\u0131ma haz\u0131rd\u0131r. Solvent bazl\u0131d\u0131r. Uygulamas\u0131 kolay, elastik bir malzemedir. K\u0131lcal \u00e7atlaklar\u0131 \u00f6rtme \u00f6zelli\u011fi vard\u0131r. UV&#8217;den etkilenmeyen re\u00e7inelerden imal edildi\u011finden g\u00fcne\u015f \u0131\u015f\u0131nlar\u0131na dayan\u0131kl\u0131d\u0131r. Depolimerizasyona kar\u015f\u0131 stabildir.<\/p>\n<p>Ya\u015flanmaya, seyreltik aside, baza, tuza, kimyasal maddelere, k\u00fcfe ve hava ko\u015fullar\u0131na kar\u015f\u0131 son derece dayan\u0131kl\u0131d\u0131r. Ba\u015flang\u0131\u00e7 \u00f6zelliklerini y\u0131llarca korur.<\/p>\n<p>\u00dczerinde gezilebilir. Bitki k\u00f6klerine kar\u015f\u0131 dayan\u0131kl\u0131d\u0131r.<\/p>\n<p>\u0130\u00e7me suyu temas\u0131na uygun de\u011fildir.<\/p>\n<p><strong>\u00dcr\u00fcn Kodu: <\/strong> 3kg:57103 \/ 25kg:57125<\/p>\n","protected":false},"excerpt":{"rendered":"<h1>Poli\u00fcretan Kaplama ve Su Yal\u0131t\u0131m Malzemesi<\/h1>\n","protected":false},"featured_media":431,"comment_status":"closed","ping_status":"closed","template":"","meta":[],"product_brand":[],"product_cat":[86],"product_tag":[],"class_list":{"0":"post-430","1":"product","2":"type-product","3":"status-publish","4":"has-post-thumbnail","6":"product_cat-poliuretan-esasli-su-yalitim-malzemeleri","8":"first","9":"instock","10":"taxable","11":"shipping-taxable","12":"product-type-simple"},"_links":{"self":[{"href":"http:\/\/gonenyapi.com.tr\/index.php\/wp-json\/wp\/v2\/product\/430","targetHints":{"allow":["GET"]}}],"collection":[{"href":"http:\/\/gonenyapi.com.tr\/index.php\/wp-json\/wp\/v2\/product"}],"about":[{"href":"http:\/\/gonenyapi.com.tr\/index.php\/wp-json\/wp\/v2\/types\/product"}],"replies":[{"embeddable":true,"href":"http:\/\/gonenyapi.com.tr\/index.php\/wp-json\/wp\/v2\/comments?post=430"}],"wp:featuredmedia":[{"embeddable":true,"href":"http:\/\/gonenyapi.com.tr\/index.php\/wp-json\/wp\/v2\/media\/431"}],"wp:attachment":[{"href":"http:\/\/gonenyapi.com.tr\/index.php\/wp-json\/wp\/v2\/media?parent=430"}],"wp:term":[{"taxonomy":"product_brand","embeddable":true,"href":"http:\/\/gonenyapi.com.tr\/index.php\/wp-json\/wp\/v2\/product_brand?post=430"},{"taxonomy":"product_cat","embeddable":true,"href":"http:\/\/gonenyapi.com.tr\/index.php\/wp-json\/wp\/v2\/product_cat?post=430"},{"taxonomy":"product_tag","embeddable":true,"href":"http:\/\/gonenyapi.com.tr\/index.php\/wp-json\/wp\/v2\/product_tag?post=430"}],"curies":[{"name":"wp","href":"https:\/\/api.w.org\/{rel}","templated":true}]}}