{"id":425,"date":"2020-09-26T12:22:07","date_gmt":"2020-09-26T12:22:07","guid":{"rendered":"http:\/\/gonenyapi.com.tr\/?post_type=product&#038;p=425"},"modified":"2020-09-26T12:22:07","modified_gmt":"2020-09-26T12:22:07","slug":"polan-a","status":"publish","type":"product","link":"http:\/\/gonenyapi.com.tr\/index.php\/urun\/polan-a\/","title":{"rendered":"POLAN A"},"content":{"rendered":"<p><strong>Tan\u0131m\u0131 ve Kullan\u0131m Alanlar\u0131:<\/strong> A\u015f\u0131r\u0131 p\u00fcr\u00fczl\u00fc ve emici y\u00fczeyler i\u00e7in geli\u015ftirilmi\u015f astar malzemesidir. \u00dczerine gelecek kaplaman\u0131n daha iyi yap\u0131\u015fmas\u0131 i\u00e7in ara bir tabaka olu\u015fturulmas\u0131n\u0131 sa\u011flar. Zeminlerde, poli\u00fcretan, MS veya hibrid esasl\u0131 su yal\u0131t\u0131m malzemelerinin, zemin kaplamalar\u0131n\u0131n ve son kat boyalar\u0131n alt\u0131na aderans artt\u0131r\u0131c\u0131 astar malzemesi olarak kullan\u0131l\u0131r. PVC, EPDM, bit\u00fcml\u00fc ve di\u011fer polimerik membranl\u0131 y\u00fczeyler ile poli\u00fcretan esasl\u0131 parke tutkallar\u0131na astar malzemesi olarak uygulan\u0131r. Tozuyan ve ufalanan y\u00fczeylerin sabitlenmesinde ve mineral esasl\u0131 y\u00fczeylerin a\u015f\u0131nma direncinin artt\u0131r\u0131lmas\u0131nda idealdir. Y\u00fczeydeki bo\u015fluklar\u0131 doldurularak, \u00fczerine uygulanacak kaplaman\u0131n sarfiyat\u0131n\u0131 azalt\u0131r ve bitmi\u015f kaplaman\u0131n g\u00f6r\u00fcn\u00fcm\u00fcn\u00fcn daha d\u00fczg\u00fcn olmas\u0131n\u0131 sa\u011flar.<\/p>\n<p><strong>\u00d6zellikleri<\/strong>: Poli\u00fcretan esasl\u0131 ve tek bile\u015fenlidir. Solvent bazl\u0131, \u015feffaf, kullan\u0131ma haz\u0131r bir \u00fcr\u00fcnd\u00fcr. H\u0131zl\u0131 kurur, uyguland\u0131\u011f\u0131 beton ve benzeri y\u00fczeylerdeki g\u00f6zenekleri ve yap\u0131sal olmayan k\u0131lcal \u00e7atlaklar\u0131 doldurur, derinlemesine n\u00fcfuz eder. Hem fiziksel hem de kimyasal uyumlulu\u011fu artt\u0131rarak, \u00e7ok daha uzun \u00f6m\u00fcrl\u00fc yap\u0131\u015fma ve s\u00fcreklilik performans\u0131 olu\u015fturur.<\/p>\n<p>Nem ile kimyasal reaksiyona girerek k\u00fcrlenir, k\u00fcrlendikten sonra sa\u011flam ve kal\u0131c\u0131 bir alt katman olu\u015fturur.<\/p>\n<p>S\u0131cakl\u0131k de\u011fi\u015fikliklerinden etkilenmez. Tuzlu su, tuz \u00e7\u00f6zeltileri, bazlar, seyreltilmi\u015f asitler, alifatik solventler, benzin ve mineral ya\u011flara kar\u015f\u0131 dayan\u0131kl\u0131d\u0131r.<\/p>\n<p><strong>\u00dcr\u00fcn Kodu: <\/strong> 1kg:57001 \/ 4kg:57004 \/ 15kg:57015<\/p>\n<p><strong>Bay\u0131nd\u0131rl\u0131k Poz No: <\/strong>04.522\/H<\/p>\n","protected":false},"excerpt":{"rendered":"<h1>Poli\u00fcretan Zemin Astar\u0131<\/h1>\n","protected":false},"featured_media":429,"comment_status":"closed","ping_status":"closed","template":"","meta":[],"product_brand":[],"product_cat":[86],"product_tag":[],"class_list":{"0":"post-425","1":"product","2":"type-product","3":"status-publish","4":"has-post-thumbnail","6":"product_cat-poliuretan-esasli-su-yalitim-malzemeleri","8":"first","9":"instock","10":"taxable","11":"shipping-taxable","12":"product-type-simple"},"_links":{"self":[{"href":"http:\/\/gonenyapi.com.tr\/index.php\/wp-json\/wp\/v2\/product\/425","targetHints":{"allow":["GET"]}}],"collection":[{"href":"http:\/\/gonenyapi.com.tr\/index.php\/wp-json\/wp\/v2\/product"}],"about":[{"href":"http:\/\/gonenyapi.com.tr\/index.php\/wp-json\/wp\/v2\/types\/product"}],"replies":[{"embeddable":true,"href":"http:\/\/gonenyapi.com.tr\/index.php\/wp-json\/wp\/v2\/comments?post=425"}],"wp:featuredmedia":[{"embeddable":true,"href":"http:\/\/gonenyapi.com.tr\/index.php\/wp-json\/wp\/v2\/media\/429"}],"wp:attachment":[{"href":"http:\/\/gonenyapi.com.tr\/index.php\/wp-json\/wp\/v2\/media?parent=425"}],"wp:term":[{"taxonomy":"product_brand","embeddable":true,"href":"http:\/\/gonenyapi.com.tr\/index.php\/wp-json\/wp\/v2\/product_brand?post=425"},{"taxonomy":"product_cat","embeddable":true,"href":"http:\/\/gonenyapi.com.tr\/index.php\/wp-json\/wp\/v2\/product_cat?post=425"},{"taxonomy":"product_tag","embeddable":true,"href":"http:\/\/gonenyapi.com.tr\/index.php\/wp-json\/wp\/v2\/product_tag?post=425"}],"curies":[{"name":"wp","href":"https:\/\/api.w.org\/{rel}","templated":true}]}}