{"id":405,"date":"2020-09-26T12:00:47","date_gmt":"2020-09-26T12:00:47","guid":{"rendered":"http:\/\/gonenyapi.com.tr\/?post_type=product&#038;p=405"},"modified":"2020-09-26T12:00:47","modified_gmt":"2020-09-26T12:00:47","slug":"akrilan-600","status":"publish","type":"product","link":"http:\/\/gonenyapi.com.tr\/index.php\/urun\/akrilan-600\/","title":{"rendered":"AKR\u0130LAN 600"},"content":{"rendered":"<p><strong>Tan\u0131m\u0131 ve Kullan\u0131m Alanlar\u0131:<\/strong> Akrilik (elastomerik) re\u00e7ine esasl\u0131, esnek bir su yal\u0131t\u0131m malzemesidir. Betonarme, galvaniz, \u00e7inko, al\u00fcminyum ve sac gibi de\u011fi\u015fik y\u00fczeylerde, d\u00fcz ve e\u011fimli \u00e7at\u0131larda, baca kenarlar\u0131, gizli dereler, sa\u00e7ak ve oluklarda kullan\u0131ma uygundur.<\/p>\n<p>\u0130\u00e7 ve d\u0131\u015f mekanlarda, yatay ve d\u00fc\u015fey y\u00fczeylerde uygulanabilir.<\/p>\n<p><strong>\u00d6zellikleri<\/strong>: D\u00fc\u015f\u00fck s\u0131cakl\u0131klarda bile elastikiyetini korur. Su buhar\u0131 ge\u00e7irimli olup betonun nefes almas\u0131n\u0131 sa\u011flar. Tek bile\u015fenlidir, kullan\u0131ma haz\u0131rd\u0131r. Solvent i\u00e7ermez, zehirsizdir. \u0130\u00e7me suyu temas\u0131na uygundur.<\/p>\n<p>UV dayan\u0131ml\u0131d\u0131r.<\/p>\n<p>Su bazl\u0131 boyalar ile \u00fczeri boyanabilir. <strong>Sipari\u015f \u00fczerine \u00e7e\u015fitli renklerde imal edilebilir.<\/strong><\/p>\n<p><strong>\u00dcr\u00fcn Kodu: <\/strong> 5kg:64105 15kg:64115<\/p>\n<p><strong>Bay\u0131nd\u0131rl\u0131k Poz No: <\/strong>04.509<\/p>\n","protected":false},"excerpt":{"rendered":"<h1>Akrilik Esasl\u0131 UV Dayan\u0131ml\u0131 Esnek Likit Membran<\/h1>\n","protected":false},"featured_media":406,"comment_status":"closed","ping_status":"closed","template":"","meta":[],"product_brand":[],"product_cat":[82],"product_tag":[],"class_list":{"0":"post-405","1":"product","2":"type-product","3":"status-publish","4":"has-post-thumbnail","6":"product_cat-akrilik-esasli-su-yalitim-malzemeleri","8":"first","9":"instock","10":"taxable","11":"shipping-taxable","12":"product-type-simple"},"_links":{"self":[{"href":"http:\/\/gonenyapi.com.tr\/index.php\/wp-json\/wp\/v2\/product\/405","targetHints":{"allow":["GET"]}}],"collection":[{"href":"http:\/\/gonenyapi.com.tr\/index.php\/wp-json\/wp\/v2\/product"}],"about":[{"href":"http:\/\/gonenyapi.com.tr\/index.php\/wp-json\/wp\/v2\/types\/product"}],"replies":[{"embeddable":true,"href":"http:\/\/gonenyapi.com.tr\/index.php\/wp-json\/wp\/v2\/comments?post=405"}],"wp:featuredmedia":[{"embeddable":true,"href":"http:\/\/gonenyapi.com.tr\/index.php\/wp-json\/wp\/v2\/media\/406"}],"wp:attachment":[{"href":"http:\/\/gonenyapi.com.tr\/index.php\/wp-json\/wp\/v2\/media?parent=405"}],"wp:term":[{"taxonomy":"product_brand","embeddable":true,"href":"http:\/\/gonenyapi.com.tr\/index.php\/wp-json\/wp\/v2\/product_brand?post=405"},{"taxonomy":"product_cat","embeddable":true,"href":"http:\/\/gonenyapi.com.tr\/index.php\/wp-json\/wp\/v2\/product_cat?post=405"},{"taxonomy":"product_tag","embeddable":true,"href":"http:\/\/gonenyapi.com.tr\/index.php\/wp-json\/wp\/v2\/product_tag?post=405"}],"curies":[{"name":"wp","href":"https:\/\/api.w.org\/{rel}","templated":true}]}}