{"id":404,"date":"2020-09-26T12:02:00","date_gmt":"2020-09-26T12:02:00","guid":{"rendered":"http:\/\/gonenyapi.com.tr\/?post_type=product&#038;p=404"},"modified":"2020-09-28T17:39:03","modified_gmt":"2020-09-28T14:39:03","slug":"akrilan-600e","status":"publish","type":"product","link":"http:\/\/gonenyapi.com.tr\/index.php\/urun\/akrilan-600e\/","title":{"rendered":"AKR\u0130LAN 600E"},"content":{"rendered":"<p><strong>Tan\u0131m\u0131 ve Kullan\u0131m Alanlar\u0131:<\/strong>\u00a0Akrilik (elastomerik) re\u00e7ine esasl\u0131, tek bile\u015fenli ekonomik bir su yal\u0131t\u0131m malzemesidir. \u0130\u00e7 ve d\u0131\u015f mek\u00e2nlarda, yatay ve d\u00fc\u015fey y\u00fczeylerde, betonarme, galvaniz, \u00e7inko, al\u00fcminyum ve sac gibi de\u011fi\u015fik y\u00fczeylerde, banyo, mutfak gibi \u0131slak hacimlerde, d\u00fcz ve e\u011fimli \u00e7at\u0131larda, baca kenarlar\u0131, gizli dereler, direkt g\u00fcne\u015fe temas\u0131 olmayan teras ve balkonlarda kullan\u0131l\u0131r.<\/p>\n<p><strong>\u00d6zellikleri:\u00a0<\/strong>Kullan\u0131ma haz\u0131rd\u0131r. Elastiktir. F\u0131r\u00e7a veya rulo ile kolay ve h\u0131zl\u0131 uygulan\u0131r. Y\u00fcksek aderans sa\u011flar. Su buhar\u0131 ge\u00e7irimli olup betonun nefes almas\u0131n\u0131 sa\u011flar. Su bazl\u0131 boyalar ile \u00fczeri boyanabilir. Sipari\u015f \u00fczerine \u00e7e\u015fitli renklerde imal edilebilir. Ek yeri olu\u015fturmaz. Solvent i\u00e7ermez, zehirsizdir. \u0130\u00e7me suyu temas\u0131na uygundur.<\/p>\n<p><strong>\u00dcr\u00fcn Kodu: <\/strong>64215<\/p>\n<p><strong>Bay\u0131nd\u0131rl\u0131k Poz No: <\/strong>04.509<\/p>\n<hr \/>\n","protected":false},"excerpt":{"rendered":"<h1>Akrilik Esasl\u0131 Likit Membran<\/h1>\n","protected":false},"featured_media":487,"comment_status":"closed","ping_status":"closed","template":"","meta":[],"product_brand":[],"product_cat":[82],"product_tag":[],"class_list":{"0":"post-404","1":"product","2":"type-product","3":"status-publish","4":"has-post-thumbnail","6":"product_cat-akrilik-esasli-su-yalitim-malzemeleri","8":"first","9":"instock","10":"taxable","11":"shipping-taxable","12":"product-type-simple"},"_links":{"self":[{"href":"http:\/\/gonenyapi.com.tr\/index.php\/wp-json\/wp\/v2\/product\/404","targetHints":{"allow":["GET"]}}],"collection":[{"href":"http:\/\/gonenyapi.com.tr\/index.php\/wp-json\/wp\/v2\/product"}],"about":[{"href":"http:\/\/gonenyapi.com.tr\/index.php\/wp-json\/wp\/v2\/types\/product"}],"replies":[{"embeddable":true,"href":"http:\/\/gonenyapi.com.tr\/index.php\/wp-json\/wp\/v2\/comments?post=404"}],"wp:featuredmedia":[{"embeddable":true,"href":"http:\/\/gonenyapi.com.tr\/index.php\/wp-json\/wp\/v2\/media\/487"}],"wp:attachment":[{"href":"http:\/\/gonenyapi.com.tr\/index.php\/wp-json\/wp\/v2\/media?parent=404"}],"wp:term":[{"taxonomy":"product_brand","embeddable":true,"href":"http:\/\/gonenyapi.com.tr\/index.php\/wp-json\/wp\/v2\/product_brand?post=404"},{"taxonomy":"product_cat","embeddable":true,"href":"http:\/\/gonenyapi.com.tr\/index.php\/wp-json\/wp\/v2\/product_cat?post=404"},{"taxonomy":"product_tag","embeddable":true,"href":"http:\/\/gonenyapi.com.tr\/index.php\/wp-json\/wp\/v2\/product_tag?post=404"}],"curies":[{"name":"wp","href":"https:\/\/api.w.org\/{rel}","templated":true}]}}