{"id":394,"date":"2020-09-26T11:52:35","date_gmt":"2020-09-26T11:52:35","guid":{"rendered":"http:\/\/gonenyapi.com.tr\/?post_type=product&#038;p=394"},"modified":"2020-09-26T11:52:35","modified_gmt":"2020-09-26T11:52:35","slug":"aquacement-2k-250","status":"publish","type":"product","link":"http:\/\/gonenyapi.com.tr\/index.php\/urun\/aquacement-2k-250\/","title":{"rendered":"AQUACEMENT 2K 250"},"content":{"rendered":"<p><strong>Tan\u0131m\u0131 Kullan\u0131m Alanlar\u0131:\u00a0<\/strong>\u00c7imento ve akrilik esasl\u0131, s\u00fcper elastik, \u00e7ift bile\u015fenli su yal\u0131t\u0131m malzemesidir. Yal\u0131t\u0131m sa\u011flamak i\u00e7in iki bile\u015fenin birbiri ile kar\u0131\u015ft\u0131r\u0131lmas\u0131 gereklidir. Pozitif su bas\u0131nc\u0131na dayan\u0131kl\u0131d\u0131r. \u0130\u00e7 ve d\u0131\u015f mek\u00e2nlarda, yatay ve d\u00fc\u015fey uygulamalarda,\u00a0su depolar\u0131 ve y\u00fczme havuzlar\u0131nda (\u00fczeri kaplanmak \u015fart\u0131 ile), temel perde yal\u0131t\u0131m\u0131, istinat duvarlar\u0131 ve bodrum yal\u0131t\u0131m\u0131nda, balkon ve teras \u00e7at\u0131lar\u0131n yal\u0131t\u0131m\u0131nda (\u00fczeri kaplanmak \u015fart\u0131 ile), sarn\u0131\u00e7lar, sulama kanallar\u0131, r\u00f6garlar, beton borularda, banyo ve mutfak gibi \u0131slak hacimlerde, Kapl\u0131ca, hamam gibi tesislerde, \u00e7i\u00e7eklik yal\u0131t\u0131m\u0131nda, seramik, granit ve kaplama malzemelerinin yap\u0131\u015ft\u0131r\u0131lmas\u0131nda kullan\u0131l\u0131r.<\/p>\n<div><strong>\u00d6zellikleri:\u00a0<\/strong>Yatay ve d\u00fc\u015fey y\u00fczeylerde f\u0131r\u00e7a, rulo, mala veya p\u00fcsk\u00fcrtme makinesi ile kolayca uygulan\u0131r. Eksiz ve derzsiz bir su yal\u0131t\u0131m\u0131 sa\u011flar. Y\u00fcksek performansl\u0131 su ge\u00e7irimsizlik sa\u011flar. \u00c7ok elastiktir, b\u00fcz\u00fclmez ve \u00e7atlamaz. Su buhar\u0131 ge\u00e7irimli olup betonun nefes almas\u0131n\u0131 sa\u011flar. Zehirsizdir, i\u00e7me suyu depolar\u0131 i\u00e7in idealdir. Esnekli\u011fi ve y\u00fcksek yap\u0131\u015fma \u00f6zelli\u011fi sayesinde seramik ve \u015fap alt\u0131nda m\u00fckemmel bir yal\u0131t\u0131m tabakas\u0131 olu\u015fturur. Beton y\u00fczeyleri karbonatla\u015fma ve klor\u00fcrden korur.<\/div>\n<div><\/div>\n<div><strong>\u00dcr\u00fcn Kodu: <\/strong>A Bile\u015feni: 62125 B Bile\u015feni: 63110<\/div>\n","protected":false},"excerpt":{"rendered":"<h1>\u00c7ift Bile\u015fenli S\u00fcper Elastik \u0130zolasyon Malzemesi<\/h1>\n","protected":false},"featured_media":396,"comment_status":"closed","ping_status":"closed","template":"","meta":[],"product_brand":[],"product_cat":[81],"product_tag":[],"class_list":{"0":"post-394","1":"product","2":"type-product","3":"status-publish","4":"has-post-thumbnail","6":"product_cat-cimento-akrilik-esasli-su-yalitim-malzemeleri","8":"first","9":"instock","10":"taxable","11":"shipping-taxable","12":"product-type-simple"},"_links":{"self":[{"href":"http:\/\/gonenyapi.com.tr\/index.php\/wp-json\/wp\/v2\/product\/394","targetHints":{"allow":["GET"]}}],"collection":[{"href":"http:\/\/gonenyapi.com.tr\/index.php\/wp-json\/wp\/v2\/product"}],"about":[{"href":"http:\/\/gonenyapi.com.tr\/index.php\/wp-json\/wp\/v2\/types\/product"}],"replies":[{"embeddable":true,"href":"http:\/\/gonenyapi.com.tr\/index.php\/wp-json\/wp\/v2\/comments?post=394"}],"wp:featuredmedia":[{"embeddable":true,"href":"http:\/\/gonenyapi.com.tr\/index.php\/wp-json\/wp\/v2\/media\/396"}],"wp:attachment":[{"href":"http:\/\/gonenyapi.com.tr\/index.php\/wp-json\/wp\/v2\/media?parent=394"}],"wp:term":[{"taxonomy":"product_brand","embeddable":true,"href":"http:\/\/gonenyapi.com.tr\/index.php\/wp-json\/wp\/v2\/product_brand?post=394"},{"taxonomy":"product_cat","embeddable":true,"href":"http:\/\/gonenyapi.com.tr\/index.php\/wp-json\/wp\/v2\/product_cat?post=394"},{"taxonomy":"product_tag","embeddable":true,"href":"http:\/\/gonenyapi.com.tr\/index.php\/wp-json\/wp\/v2\/product_tag?post=394"}],"curies":[{"name":"wp","href":"https:\/\/api.w.org\/{rel}","templated":true}]}}