{"id":391,"date":"2020-09-26T11:50:34","date_gmt":"2020-09-26T11:50:34","guid":{"rendered":"http:\/\/gonenyapi.com.tr\/?post_type=product&#038;p=391"},"modified":"2020-09-26T11:50:34","modified_gmt":"2020-09-26T11:50:34","slug":"aquacement-2k-251","status":"publish","type":"product","link":"http:\/\/gonenyapi.com.tr\/index.php\/urun\/aquacement-2k-251\/","title":{"rendered":"AQUACEMENT 2K 251"},"content":{"rendered":"<p><strong>Tan\u0131m\u0131 ve Kullan\u0131m Alanlar\u0131: <\/strong>\u00c7atlak k\u00f6pr\u00fcleme \u00f6zelli\u011fi olan s\u00fcper elastik bir su yal\u0131t\u0131m malzemesidir. Pozitif ve negatif su bas\u0131nc\u0131na dayan\u0131kl\u0131d\u0131r. \u0130\u00e7 ve d\u0131\u015f mekanlarda, yatay ve d\u00fc\u015fey alanlarda uygulanabilir. Su yal\u0131t\u0131m\u0131 sa\u011flamak i\u00e7in iki bile\u015fenin birbiri ile kar\u0131\u015ft\u0131r\u0131larak kullan\u0131lmas\u0131 gereklidir. Y\u00fcksek performansl\u0131 su ge\u00e7irimsizlik sa\u011flar. Esnekli\u011fi ve y\u00fcksek yap\u0131\u015fma \u00f6zelli\u011fi sayesinde seramik ve \u015fap alt\u0131nda m\u00fckemmel bir yal\u0131t\u0131m tabakas\u0131 olu\u015fturur.<\/p>\n<p><strong>\u00d6zellikleri: <\/strong>En az 3 mm kal\u0131nl\u0131\u011f\u0131nda uyguland\u0131\u011f\u0131nda 1,50 mm\u2019ye kadar; katlar aras\u0131nda file ile takviye edildi\u011finde 1,75 mm\u2019ye kadar \u00e7atlak \u00f6rtme \u00f6zelli\u011fi bulunmaktad\u0131r. K\u00fcr\u00fcn\u00fc ald\u0131ktan sonra ani s\u0131cakl\u0131k de\u011fi\u015fimlerinden etkilenmez. Donma \u00e7\u00f6z\u00fcnme d\u00f6ng\u00fcs\u00fcne dayan\u0131kl\u0131d\u0131r. Tam esnektir, b\u00fcz\u00fclmez ve \u00e7atlamaz.<\/p>\n<p>Su buhar\u0131 ge\u00e7irimli olup betonun nefes almas\u0131n\u0131 sa\u011flar. Zehirsizdir, i\u00e7me suyu depolar\u0131 i\u00e7in idealdir.<\/p>\n<p>Beton y\u00fczeyleri karbonatla\u015fma ve klor\u00fcrden korur.<\/p>\n<p><strong>\u00dcr\u00fcn Kodu: <\/strong> A-Bile\u015feni:62025 B-Bile\u015feni:63010<\/p>\n<p><strong>Bay\u0131nd\u0131rl\u0131k Poz No: <\/strong>04.477\/2<\/p>\n","protected":false},"excerpt":{"rendered":"<h1>\u00c7ift Bile\u015fenli S\u00fcper Elastik \u0130zolasyon Malzemesi<\/h1>\n","protected":false},"featured_media":393,"comment_status":"closed","ping_status":"closed","template":"","meta":[],"product_brand":[],"product_cat":[81],"product_tag":[],"class_list":{"0":"post-391","1":"product","2":"type-product","3":"status-publish","4":"has-post-thumbnail","6":"product_cat-cimento-akrilik-esasli-su-yalitim-malzemeleri","8":"first","9":"instock","10":"taxable","11":"shipping-taxable","12":"product-type-simple"},"_links":{"self":[{"href":"http:\/\/gonenyapi.com.tr\/index.php\/wp-json\/wp\/v2\/product\/391","targetHints":{"allow":["GET"]}}],"collection":[{"href":"http:\/\/gonenyapi.com.tr\/index.php\/wp-json\/wp\/v2\/product"}],"about":[{"href":"http:\/\/gonenyapi.com.tr\/index.php\/wp-json\/wp\/v2\/types\/product"}],"replies":[{"embeddable":true,"href":"http:\/\/gonenyapi.com.tr\/index.php\/wp-json\/wp\/v2\/comments?post=391"}],"wp:featuredmedia":[{"embeddable":true,"href":"http:\/\/gonenyapi.com.tr\/index.php\/wp-json\/wp\/v2\/media\/393"}],"wp:attachment":[{"href":"http:\/\/gonenyapi.com.tr\/index.php\/wp-json\/wp\/v2\/media?parent=391"}],"wp:term":[{"taxonomy":"product_brand","embeddable":true,"href":"http:\/\/gonenyapi.com.tr\/index.php\/wp-json\/wp\/v2\/product_brand?post=391"},{"taxonomy":"product_cat","embeddable":true,"href":"http:\/\/gonenyapi.com.tr\/index.php\/wp-json\/wp\/v2\/product_cat?post=391"},{"taxonomy":"product_tag","embeddable":true,"href":"http:\/\/gonenyapi.com.tr\/index.php\/wp-json\/wp\/v2\/product_tag?post=391"}],"curies":[{"name":"wp","href":"https:\/\/api.w.org\/{rel}","templated":true}]}}