{"id":389,"date":"2020-09-26T11:48:48","date_gmt":"2020-09-26T11:48:48","guid":{"rendered":"http:\/\/gonenyapi.com.tr\/?post_type=product&#038;p=389"},"modified":"2020-09-26T11:48:49","modified_gmt":"2020-09-26T11:48:49","slug":"aquastop","status":"publish","type":"product","link":"http:\/\/gonenyapi.com.tr\/index.php\/urun\/aquastop\/","title":{"rendered":"AQUASTOP"},"content":{"rendered":"<p><strong>Tan\u0131m\u0131 ve Kullan\u0131m Alanlar\u0131: <\/strong>\u00d6zel tip \u00e7imento ve kimyasal katk\u0131lar i\u00e7eren polimer takviyeli toz bir yal\u0131t\u0131m malzemesidir. Aktif su ka\u00e7aklar\u0131n\u0131n yal\u0131t\u0131m\u0131 ve tamirat\u0131nda kullan\u0131l\u0131r. Su ile reaksiyona girdi\u011finde 2 &#8211; 3 dakika i\u00e7erisinde sertle\u015fir ve y\u00fcksek aderans sa\u011flar. \u0130\u00e7 ve d\u0131\u015f mekanlarda, her t\u00fcrl\u00fc mineral esasl\u0131 y\u00fczeyde, temellerde rahatl\u0131kla kullan\u0131l\u0131r.<\/p>\n<p><strong>\u00d6zellikleri: <\/strong>H\u0131zl\u0131 sertle\u015fir, \u00fczerine \u00e7imento bazl\u0131 malzemeler 15 &#8211; 20 dakika i\u00e7erisinde uygulanabilir.<\/p>\n<p>R\u00f6tre yapmaz, su ka\u00e7\u0131rmaz, \u00e7atlamaz.<\/p>\n<p>Klor i\u00e7ermez, demir donat\u0131y\u0131 korozyona u\u011fratmaz. Zehirsizdir.<\/p>\n<p><strong>\u00dcr\u00fcn Kodu: <\/strong>62105<\/p>\n","protected":false},"excerpt":{"rendered":"<h1>H\u0131zl\u0131 Priz Alan Toz T\u0131kama Harc\u0131<\/h1>\n","protected":false},"featured_media":392,"comment_status":"closed","ping_status":"closed","template":"","meta":[],"product_brand":[],"product_cat":[80],"product_tag":[],"class_list":{"0":"post-389","1":"product","2":"type-product","3":"status-publish","4":"has-post-thumbnail","6":"product_cat-cimento-esasli-su-yalitim-malzemeleri","8":"first","9":"instock","10":"taxable","11":"shipping-taxable","12":"product-type-simple"},"_links":{"self":[{"href":"http:\/\/gonenyapi.com.tr\/index.php\/wp-json\/wp\/v2\/product\/389","targetHints":{"allow":["GET"]}}],"collection":[{"href":"http:\/\/gonenyapi.com.tr\/index.php\/wp-json\/wp\/v2\/product"}],"about":[{"href":"http:\/\/gonenyapi.com.tr\/index.php\/wp-json\/wp\/v2\/types\/product"}],"replies":[{"embeddable":true,"href":"http:\/\/gonenyapi.com.tr\/index.php\/wp-json\/wp\/v2\/comments?post=389"}],"wp:featuredmedia":[{"embeddable":true,"href":"http:\/\/gonenyapi.com.tr\/index.php\/wp-json\/wp\/v2\/media\/392"}],"wp:attachment":[{"href":"http:\/\/gonenyapi.com.tr\/index.php\/wp-json\/wp\/v2\/media?parent=389"}],"wp:term":[{"taxonomy":"product_brand","embeddable":true,"href":"http:\/\/gonenyapi.com.tr\/index.php\/wp-json\/wp\/v2\/product_brand?post=389"},{"taxonomy":"product_cat","embeddable":true,"href":"http:\/\/gonenyapi.com.tr\/index.php\/wp-json\/wp\/v2\/product_cat?post=389"},{"taxonomy":"product_tag","embeddable":true,"href":"http:\/\/gonenyapi.com.tr\/index.php\/wp-json\/wp\/v2\/product_tag?post=389"}],"curies":[{"name":"wp","href":"https:\/\/api.w.org\/{rel}","templated":true}]}}