{"id":380,"date":"2020-09-26T11:40:03","date_gmt":"2020-09-26T11:40:03","guid":{"rendered":"http:\/\/gonenyapi.com.tr\/?post_type=product&#038;p=380"},"modified":"2020-09-26T11:40:03","modified_gmt":"2020-09-26T11:40:03","slug":"aquamer-hb-invisible","status":"publish","type":"product","link":"http:\/\/gonenyapi.com.tr\/index.php\/urun\/aquamer-hb-invisible\/","title":{"rendered":"AQUAMER HB INVISIBLE"},"content":{"rendered":"<p><strong>Tan\u0131m\u0131 ve Kullan\u0131m Alanlar\u0131<\/strong>: Hafif yaya trafi\u011fine a\u00e7\u0131k yerlerde kullan\u0131labilen bir kaplama ve su yal\u0131t\u0131m malzemesidir. Silan u\u00e7lu hibrid polimer teknolojisi ile \u00fcretilmi\u015ftir. Mevcut kaplamay\u0131 zedelemeden ve \u015feffaf olmas\u0131ndan dolay\u0131 alt kaplaman\u0131n g\u00f6r\u00fcnt\u00fcs\u00fcn\u00fc de\u011fi\u015ftirmeden su yal\u0131t\u0131m\u0131 yapma imkan\u0131 verir, dekoratiftir. 2 mm\u2019ye kadar \u00e7atlaklar\u0131n onar\u0131m ve tamirat\u0131nda kullan\u0131ma uygundur. \u0130\u00e7 mekanlarda, yatay ve dikey y\u00fczeylerde, balkonlar ve teras \u00e7at\u0131larda, hemen hemen her y\u00fczeyde ve bunlar\u0131n kombinasyonlar\u0131nda kullan\u0131labilir.<\/p>\n<p><strong>\u00d6zellikleri: <\/strong>Kendinden yay\u0131l\u0131r.\u00a0 Orta esnekliktedir, binan\u0131n hareket etmesi ile olu\u015fan ve b\u00fcy\u00fcyen \u00e7atlaklarda, birle\u015fim yerlerinde elastikiyet ve yap\u0131\u015fma \u00f6zelliklerini korur. M\u00fckemmel geri toplama \u00f6zelli\u011fine sahiptir.<\/p>\n<p>Silikon ya\u011f\u0131 ve plastifiyan vb malzemeler i\u00e7ermedi\u011finden do\u011falta\u015f, mermer gibi yap\u0131 malzemelerinde ya\u011f kusmas\u0131ndan kaynaklanacak renk de\u011fi\u015fimlerine sebebiyet vermez.<\/p>\n<p>Solvent ve izosiyanat i\u00e7ermez. Hacim kayb\u0131na u\u011framaz. Hemen hemen kokusuzdur. \u0130\u00e7 mekanlarda ve i\u00e7me suyu temas\u0131nda dahi rahatl\u0131kla kullan\u0131labilir.<\/p>\n<p>UV dayan\u0131ml\u0131d\u0131r. Tek bile\u015fenli, kendili\u011finden ak\u0131\u015fkan s\u0131v\u0131 haldedir. \u00dczeri boyanabilir. Seyreltik asit ve alkalilere, tuza, deterjan, deniz suyu ve ya\u011flara, k\u00fcfe ve hava ko\u015fullar\u0131na kar\u015f\u0131 son derece dayan\u0131kl\u0131d\u0131r. \u0130lk g\u00fcnk\u00fc \u00f6zelliklerini y\u0131llarca korur.<\/p>\n<p>D\u00fc\u015f\u00fck VOC de\u011ferlerinden dolay\u0131 insan ve \u00e7evre sa\u011fl\u0131\u011f\u0131na zararl\u0131 de\u011fildir.<\/p>\n<p><strong>\u00dcr\u00fcn Kodu: <\/strong>1kg:68601 \/ 5kg:68605<\/p>\n","protected":false},"excerpt":{"rendered":"<p>Hafif yaya trafi\u011fine a\u00e7\u0131k yerlerde kullan\u0131labilen bir kaplama ve su yal\u0131t\u0131m malzemesidir. Silan u\u00e7lu hibrid polimer teknolojisi ile \u00fcretilmi\u015ftir. Mevcut kaplamay\u0131 zedelemeden ve \u015feffaf olmas\u0131ndan dolay\u0131 alt kaplaman\u0131n g\u00f6r\u00fcnt\u00fcs\u00fcn\u00fc de\u011fi\u015ftirmeden su yal\u0131t\u0131m\u0131 yapma imkan\u0131 verir, dekoratiftir. 2 mm\u2019ye kadar \u00e7atlaklar\u0131n onar\u0131m ve tamirat\u0131nda kullan\u0131ma uygundur. \u0130\u00e7 mekanlarda, yatay ve dikey y\u00fczeylerde, balkonlar ve teras \u00e7at\u0131larda, hemen hemen her y\u00fczeyde ve bunlar\u0131n kombinasyonlar\u0131nda kullan\u0131labilir.<\/p>\n","protected":false},"featured_media":381,"comment_status":"closed","ping_status":"closed","template":"","meta":[],"product_brand":[],"product_cat":[78],"product_tag":[],"class_list":{"0":"post-380","1":"product","2":"type-product","3":"status-publish","4":"has-post-thumbnail","6":"product_cat-hibrid-polimerler","8":"first","9":"instock","10":"taxable","11":"shipping-taxable","12":"product-type-simple"},"_links":{"self":[{"href":"http:\/\/gonenyapi.com.tr\/index.php\/wp-json\/wp\/v2\/product\/380","targetHints":{"allow":["GET"]}}],"collection":[{"href":"http:\/\/gonenyapi.com.tr\/index.php\/wp-json\/wp\/v2\/product"}],"about":[{"href":"http:\/\/gonenyapi.com.tr\/index.php\/wp-json\/wp\/v2\/types\/product"}],"replies":[{"embeddable":true,"href":"http:\/\/gonenyapi.com.tr\/index.php\/wp-json\/wp\/v2\/comments?post=380"}],"wp:featuredmedia":[{"embeddable":true,"href":"http:\/\/gonenyapi.com.tr\/index.php\/wp-json\/wp\/v2\/media\/381"}],"wp:attachment":[{"href":"http:\/\/gonenyapi.com.tr\/index.php\/wp-json\/wp\/v2\/media?parent=380"}],"wp:term":[{"taxonomy":"product_brand","embeddable":true,"href":"http:\/\/gonenyapi.com.tr\/index.php\/wp-json\/wp\/v2\/product_brand?post=380"},{"taxonomy":"product_cat","embeddable":true,"href":"http:\/\/gonenyapi.com.tr\/index.php\/wp-json\/wp\/v2\/product_cat?post=380"},{"taxonomy":"product_tag","embeddable":true,"href":"http:\/\/gonenyapi.com.tr\/index.php\/wp-json\/wp\/v2\/product_tag?post=380"}],"curies":[{"name":"wp","href":"https:\/\/api.w.org\/{rel}","templated":true}]}}