{"id":377,"date":"2020-09-26T11:37:20","date_gmt":"2020-09-26T11:37:20","guid":{"rendered":"http:\/\/gonenyapi.com.tr\/?post_type=product&#038;p=377"},"modified":"2020-09-26T11:37:21","modified_gmt":"2020-09-26T11:37:21","slug":"aquamer-hb","status":"publish","type":"product","link":"http:\/\/gonenyapi.com.tr\/index.php\/urun\/aquamer-hb\/","title":{"rendered":"AQUAMER HB"},"content":{"rendered":"<p><strong>Tan\u0131m\u0131 ve Kullan\u0131m Alanlar\u0131: <\/strong>Hafif yaya trafi\u011fine a\u00e7\u0131k yerlerde kullan\u0131labilen bir kaplama ve su yal\u0131t\u0131m malzemesidir. Silan u\u00e7lu alfa hibrid polimer teknolojisi ile \u00fcretilmi\u015ftir. 2 mm\u2019ye kadar \u00e7atlaklar\u0131n onar\u0131m ve tamirat\u0131nda kullan\u0131ma uygundur. \u0130\u00e7 mekanlarda, yatay ve dikey y\u00fczeylerde, balkonlar ve teras \u00e7at\u0131larda, hemen hemen her y\u00fczeyde ve bunlar\u0131n kombinasyonlar\u0131nda kullan\u0131labilir.<\/p>\n<p><strong>\u00d6zellikleri: <\/strong>Kendinden yay\u0131l\u0131r.\u00a0 Orta esnekliktedir, binan\u0131n hareket etmesi ile olu\u015fan ve b\u00fcy\u00fcyen \u00e7atlaklarda, birle\u015fim yerlerinde elastikiyet ve yap\u0131\u015fma \u00f6zelliklerini korur. M\u00fckemmel geri toplama \u00f6zelli\u011fine sahiptir.<\/p>\n<p>Solvent ve izosiyanat i\u00e7ermez. Hacim kayb\u0131na u\u011framaz. Hemen hemen kokusuzdur. \u0130\u00e7 mekanlarda ve i\u00e7me suyu temas\u0131nda dahi rahatl\u0131kla kullan\u0131labilir.<\/p>\n<p>UV dayan\u0131ml\u0131d\u0131r. Tek bile\u015fenli, kendili\u011finden ak\u0131\u015fkan s\u0131v\u0131 haldedir. \u00dczeri boyanabilir.<\/p>\n<p>D\u00fc\u015f\u00fck VOC de\u011ferlerinden dolay\u0131 insan ve \u00e7evre sa\u011fl\u0131\u011f\u0131na zararl\u0131 de\u011fildir.<\/p>\n<p><strong>\u00dcr\u00fcn Kodu: <\/strong> 1kg:68501 \/ 5kg:68505 \/ 14kg:68514<\/p>\n","protected":false},"excerpt":{"rendered":"<p>Hafif yaya trafi\u011fine a\u00e7\u0131k yerlerde kullan\u0131labilen bir kaplama ve su yal\u0131t\u0131m malzemesidir. Silan u\u00e7lu alfa hibrid polimer teknolojisi ile \u00fcretilmi\u015ftir. 2 mm\u2019ye kadar \u00e7atlaklar\u0131n onar\u0131m ve tamirat\u0131nda kullan\u0131ma uygundur. \u0130\u00e7 mekanlarda, yatay ve dikey y\u00fczeylerde, balkonlar ve teras \u00e7at\u0131larda, hemen hemen her y\u00fczeyde ve bunlar\u0131n kombinasyonlar\u0131nda kullan\u0131labilir.<\/p>\n","protected":false},"featured_media":379,"comment_status":"closed","ping_status":"closed","template":"","meta":[],"product_brand":[],"product_cat":[78],"product_tag":[],"class_list":{"0":"post-377","1":"product","2":"type-product","3":"status-publish","4":"has-post-thumbnail","6":"product_cat-hibrid-polimerler","8":"first","9":"instock","10":"taxable","11":"shipping-taxable","12":"product-type-simple"},"_links":{"self":[{"href":"http:\/\/gonenyapi.com.tr\/index.php\/wp-json\/wp\/v2\/product\/377","targetHints":{"allow":["GET"]}}],"collection":[{"href":"http:\/\/gonenyapi.com.tr\/index.php\/wp-json\/wp\/v2\/product"}],"about":[{"href":"http:\/\/gonenyapi.com.tr\/index.php\/wp-json\/wp\/v2\/types\/product"}],"replies":[{"embeddable":true,"href":"http:\/\/gonenyapi.com.tr\/index.php\/wp-json\/wp\/v2\/comments?post=377"}],"wp:featuredmedia":[{"embeddable":true,"href":"http:\/\/gonenyapi.com.tr\/index.php\/wp-json\/wp\/v2\/media\/379"}],"wp:attachment":[{"href":"http:\/\/gonenyapi.com.tr\/index.php\/wp-json\/wp\/v2\/media?parent=377"}],"wp:term":[{"taxonomy":"product_brand","embeddable":true,"href":"http:\/\/gonenyapi.com.tr\/index.php\/wp-json\/wp\/v2\/product_brand?post=377"},{"taxonomy":"product_cat","embeddable":true,"href":"http:\/\/gonenyapi.com.tr\/index.php\/wp-json\/wp\/v2\/product_cat?post=377"},{"taxonomy":"product_tag","embeddable":true,"href":"http:\/\/gonenyapi.com.tr\/index.php\/wp-json\/wp\/v2\/product_tag?post=377"}],"curies":[{"name":"wp","href":"https:\/\/api.w.org\/{rel}","templated":true}]}}