{"id":369,"date":"2020-09-26T11:27:59","date_gmt":"2020-09-26T11:27:59","guid":{"rendered":"http:\/\/gonenyapi.com.tr\/?post_type=product&#038;p=369"},"modified":"2020-09-26T11:27:59","modified_gmt":"2020-09-26T11:27:59","slug":"kimtas-ozel-urunleri","status":"publish","type":"product","link":"http:\/\/gonenyapi.com.tr\/index.php\/urun\/kimtas-ozel-urunleri\/","title":{"rendered":"Kimta\u015f \u00d6zel \u00dcr\u00fcnleri"},"content":{"rendered":"<p>VIACALCO\u00ae : Kimta\u015f Kire\u00e7, at\u0131k \u00e7amurlarla sorun ya\u015fayan ya da su muhtevas\u0131 y\u00fcksek ve derinli\u011fi 10 metreye kadar olan zay\u0131f zeminlerde in\u015faat yapmak isteyen kurum ve kurulu\u015flara Viacalco \u00fcr\u00fcn\u00fc, uygulama m\u00fcteahhidi ve uzman m\u00fchendisiyle \u00e7\u00f6z\u00fcm \u00fcretmekte ve teknik destek vermektedir.<\/p>\n<p>SUPERCALCO\u00ae\u00a0 : Yap\u0131 end\u00fcstrisi i\u00e7in \u00f6zenle haz\u0131rlad\u0131\u011f\u0131m\u0131z y\u00fcksek kalsiyumlu do\u011fal s\u00f6nm\u00fc\u015f kire\u00e7 olan SuperCalco\u00ae \u00fcr\u00fcn\u00fcm\u00fcz, uzun \u00f6m\u00fcrl\u00fc, do\u011fal ve sa\u011fl\u0131kl\u0131 \u00e7\u00f6z\u00fcmler sunar.<\/p>\n<p>SUPERCALCO\u00ae A3,5 ve A5 : Kimta\u015f Kire\u00e7, sekt\u00f6r\u00fcn ihtiyac\u0131 do\u011frultusunda \u00fcr\u00fcn \u00e7e\u015fitleri aras\u0131na tarihi yap\u0131lar\u0131n restorasyonu ve g\u00fc\u00e7lendirilmesi amac\u0131yla Supercalco A3,5 ve A5 \u00fcr\u00fcnlerini de eklemi\u015ftir. \u00dcr\u00fcnlerimiz CE belgesine sahiptir. Bu sayede m\u00fc\u015fterilerimizin tarihi eser restorasyonu i\u015flerinde do\u011fal ve uzun \u00f6m\u00fcrl\u00fc \u00e7al\u0131\u015fma yapmalar\u0131 ama\u00e7lanm\u0131\u015ft\u0131r.<\/p>\n<p>INJECTOLIME\u00ae &#8212; \u00e7elik end\u00fcstrisinde son teknoloji enjeksiyon sistemini kullanan, d\u00f6kme c\u00fcrufa d\u00f6n\u00fc\u015fen kaliteli dolomitik kire\u00e7 ve y\u00fcksek kalsiyumlu kirecin k\u00fc\u00e7\u00fck partik\u00fclleridir. Bu partik\u00fcller, h\u0131zl\u0131 bir \u015fekilde \u00e7\u00f6z\u00fclerek, \u00e7elik \u00fcreticisinin c\u00fcruf kimyas\u0131n\u0131 kontrol etmesine yard\u0131mc\u0131 olmaktad\u0131r.<\/p>\n<p>PREMIACAL\u00ae &#8212; betonun kalitesini art\u0131rmak ve betonu i\u015flemek \u00fczere tasarlanm\u0131\u015f olan, d\u00fc\u015f\u00fck maliyetli, y\u00fcksek performansl\u0131 kire\u00e7 ta\u015f\u0131d\u0131r. PREMIACAL\u00ae, optimum performans, art\u0131r\u0131lm\u0131\u015f g\u00f6r\u00fcn\u00fc\u015f ve artan maliyet tasarruflar\u0131 i\u00e7in \u201cKendili\u011finden Yerle\u015fen Beton\u201d (SCC) i\u00e7erisinde kullan\u0131m\u0131 idealdir.<\/p>\n","protected":false},"excerpt":{"rendered":"<p>Kimta\u015f\u2019\u0131n pop\u00fcler olarak kullan\u0131lan \u00fcr\u00fcn markalar\u0131<\/p>\n","protected":false},"featured_media":363,"comment_status":"closed","ping_status":"closed","template":"","meta":[],"product_brand":[],"product_cat":[74],"product_tag":[],"class_list":{"0":"post-369","1":"product","2":"type-product","3":"status-publish","4":"has-post-thumbnail","6":"product_cat-kimtas-kirec","8":"first","9":"instock","10":"taxable","11":"shipping-taxable","12":"product-type-simple"},"_links":{"self":[{"href":"http:\/\/gonenyapi.com.tr\/index.php\/wp-json\/wp\/v2\/product\/369","targetHints":{"allow":["GET"]}}],"collection":[{"href":"http:\/\/gonenyapi.com.tr\/index.php\/wp-json\/wp\/v2\/product"}],"about":[{"href":"http:\/\/gonenyapi.com.tr\/index.php\/wp-json\/wp\/v2\/types\/product"}],"replies":[{"embeddable":true,"href":"http:\/\/gonenyapi.com.tr\/index.php\/wp-json\/wp\/v2\/comments?post=369"}],"wp:featuredmedia":[{"embeddable":true,"href":"http:\/\/gonenyapi.com.tr\/index.php\/wp-json\/wp\/v2\/media\/363"}],"wp:attachment":[{"href":"http:\/\/gonenyapi.com.tr\/index.php\/wp-json\/wp\/v2\/media?parent=369"}],"wp:term":[{"taxonomy":"product_brand","embeddable":true,"href":"http:\/\/gonenyapi.com.tr\/index.php\/wp-json\/wp\/v2\/product_brand?post=369"},{"taxonomy":"product_cat","embeddable":true,"href":"http:\/\/gonenyapi.com.tr\/index.php\/wp-json\/wp\/v2\/product_cat?post=369"},{"taxonomy":"product_tag","embeddable":true,"href":"http:\/\/gonenyapi.com.tr\/index.php\/wp-json\/wp\/v2\/product_tag?post=369"}],"curies":[{"name":"wp","href":"https:\/\/api.w.org\/{rel}","templated":true}]}}