{"id":361,"date":"2020-09-26T11:19:27","date_gmt":"2020-09-26T11:19:27","guid":{"rendered":"http:\/\/gonenyapi.com.tr\/?post_type=product&#038;p=361"},"modified":"2020-09-26T11:19:27","modified_gmt":"2020-09-26T11:19:27","slug":"sonmemis-kirec-kalsiyum-oksit","status":"publish","type":"product","link":"http:\/\/gonenyapi.com.tr\/index.php\/urun\/sonmemis-kirec-kalsiyum-oksit\/","title":{"rendered":"S\u00f6nmemi\u015f Kire\u00e7 (Kalsiyum Oksit)"},"content":{"rendered":"<p>Demir&amp;\u00c7elik Sanayi, Baca Gaz\u0131 Des\u00fclf\u00fcrizasyonu, \u0130n\u015faat Sekt\u00f6r\u00fc, Su Ar\u0131t\u0131m\u0131, Kimyasal \u0130\u015flemler, Maden Sekt\u00f6r\u00fc, Ka\u011f\u0131t, Ka\u011f\u0131t Hamuru ve PCC, At\u0131k Su ve Ar\u0131tma \u00c7amurlar\u0131 Islah\u0131 ve Cam \u00dcretimi<\/p>\n","protected":false},"excerpt":{"rendered":"<p>Demir&amp;\u00c7elik Sanayi, Baca Gaz\u0131 Des\u00fclf\u00fcrizasyonu, \u0130n\u015faat Sekt\u00f6r\u00fc, Su Ar\u0131t\u0131m\u0131, Kimyasal \u0130\u015flemler, Maden Sekt\u00f6r\u00fc, Ka\u011f\u0131t, Ka\u011f\u0131t Hamuru ve PCC, At\u0131k Su ve Ar\u0131tma \u00c7amurlar\u0131 Islah\u0131 ve Cam \u00dcretimi<\/p>\n","protected":false},"featured_media":363,"comment_status":"closed","ping_status":"closed","template":"","meta":[],"product_brand":[],"product_cat":[74],"product_tag":[],"class_list":{"0":"post-361","1":"product","2":"type-product","3":"status-publish","4":"has-post-thumbnail","6":"product_cat-kimtas-kirec","8":"first","9":"instock","10":"taxable","11":"shipping-taxable","12":"product-type-simple"},"_links":{"self":[{"href":"http:\/\/gonenyapi.com.tr\/index.php\/wp-json\/wp\/v2\/product\/361","targetHints":{"allow":["GET"]}}],"collection":[{"href":"http:\/\/gonenyapi.com.tr\/index.php\/wp-json\/wp\/v2\/product"}],"about":[{"href":"http:\/\/gonenyapi.com.tr\/index.php\/wp-json\/wp\/v2\/types\/product"}],"replies":[{"embeddable":true,"href":"http:\/\/gonenyapi.com.tr\/index.php\/wp-json\/wp\/v2\/comments?post=361"}],"wp:featuredmedia":[{"embeddable":true,"href":"http:\/\/gonenyapi.com.tr\/index.php\/wp-json\/wp\/v2\/media\/363"}],"wp:attachment":[{"href":"http:\/\/gonenyapi.com.tr\/index.php\/wp-json\/wp\/v2\/media?parent=361"}],"wp:term":[{"taxonomy":"product_brand","embeddable":true,"href":"http:\/\/gonenyapi.com.tr\/index.php\/wp-json\/wp\/v2\/product_brand?post=361"},{"taxonomy":"product_cat","embeddable":true,"href":"http:\/\/gonenyapi.com.tr\/index.php\/wp-json\/wp\/v2\/product_cat?post=361"},{"taxonomy":"product_tag","embeddable":true,"href":"http:\/\/gonenyapi.com.tr\/index.php\/wp-json\/wp\/v2\/product_tag?post=361"}],"curies":[{"name":"wp","href":"https:\/\/api.w.org\/{rel}","templated":true}]}}